{"id":4463,"date":"2025-11-06T14:29:55","date_gmt":"2025-11-06T14:29:55","guid":{"rendered":"https:\/\/staging.stroleecarts.eu\/product\/saco-isotermico-para-congelados\/"},"modified":"2026-04-03T20:58:42","modified_gmt":"2026-04-03T20:58:42","slug":"saco-isotermico-para-congelados","status":"publish","type":"product","link":"http:\/\/staging.stroleecarts.eu\/pt-pt\/produto\/saco-isotermico-para-congelados\/","title":{"rendered":"Insulated Freezer Bag"},"content":{"rendered":"\t\t<div data-elementor-type=\"wp-post\" data-elementor-id=\"4463\" class=\"elementor elementor-4463 elementor-1913\" data-elementor-post-type=\"product\">\n\t\t\t\t\t\t<section class=\"wd-negative-gap elementor-section elementor-top-section elementor-element elementor-element-c937877 elementor-section-boxed elementor-section-height-default elementor-section-height-default\" data-id=\"c937877\" data-element_type=\"section\" data-e-type=\"section\">\n\t\t\t\t\t\t<div class=\"elementor-container elementor-column-gap-default\">\n\t\t\t\t\t<div class=\"elementor-column elementor-col-100 elementor-top-column elementor-element elementor-element-b4e37de\" data-id=\"b4e37de\" data-element_type=\"column\" data-e-type=\"column\">\n\t\t\t<div class=\"elementor-widget-wrap elementor-element-populated\">\n\t\t\t\t\t\t<div class=\"elementor-element elementor-element-e076ef1 elementor-widget elementor-widget-wd_image_or_svg\" data-id=\"e076ef1\" data-element_type=\"widget\" data-e-type=\"widget\" data-widget_type=\"wd_image_or_svg.default\">\n\t\t\t\t<div class=\"elementor-widget-container\">\n\t\t\t\t\t\n\t\t<div class=\"wd-image text-left\">\n\t\t\t\t\t\t\t\t\t\t\t\t\t<\/div>\n\n\t\t\t\t\t\t<\/div>\n\t\t\t\t<\/div>\n\t\t\t\t<div class=\"elementor-element elementor-element-ebf770c elementor-widget elementor-widget-wd_text_block\" data-id=\"ebf770c\" data-element_type=\"widget\" data-e-type=\"widget\" data-widget_type=\"wd_text_block.default\">\n\t\t\t\t<div class=\"elementor-widget-container\">\n\t\t\t\t\t\t\t<div class=\"wd-text-block reset-last-child text-left\">\n\t\t\t\n\t\t\t<p>A empresa reinterpreta a tradi\u00e7\u00e3o convidando designers internacionais a trabalhar consigo e desenvolvendo novas tecnologias e materiais para garantir resultados inovadores e surpreendentes. A paix\u00e3o \u00e9 o motor que impulsiona a marca \u2013 juntamente com os seus criativos de renome e colaboradores de alto n\u00edvel \u2013 na procura de solu\u00e7\u00f5es originais utilizando materiais, m\u00e9todos, ferramentas e tecnologias avan\u00e7adas. <\/p>\n\t\t\t\t\t<\/div>\n\t\t\t\t\t\t<\/div>\n\t\t\t\t<\/div>\n\t\t\t\t<div class=\"elementor-element elementor-element-51d04c2 elementor-widget elementor-widget-wd_list\" data-id=\"51d04c2\" data-element_type=\"widget\" data-e-type=\"widget\" data-widget_type=\"wd_list.default\">\n\t\t\t\t<div class=\"elementor-widget-container\">\n\t\t\t\t\t\t\t<ul class=\"wd-list color-scheme- wd-fontsize-s wd-type-image wd-style-default text-left\">\n\t\t\t\t\t\t\t\t\t\t\t<li class=\"elementor-repeater-item-14e774a\">\n\t\t\t\t\t\t\t\t\t\t\t<span class=\"wd-icon\"><img decoding=\"async\"  src=\"http:\/\/staging.stroleecarts.eu\/wp-content\/uploads\/2023\/04\/wd-furniture-dot-list.svg\" title=\"wd-furniture-dot-list\" loading=\"lazy\" width=\"6\" height=\"6\"><\/span>\t\t\t\t\t\n\t\t\t\t\t<span class=\"wd-list-content list-content\">\n\t\t\t\t\t\t\t\t\t\t\t\t\tEscolhe artigos com um esquema de cores e estilo \u00fanicos\t\t\t\t\t\t\t\t\t\t\t<\/span>\n\t\t\t\t<\/li>\n\t\t\t\t\t\t\t\t\t\t\t<li class=\"elementor-repeater-item-f676396\">\n\t\t\t\t\t\t\t\t\t\t\t<span class=\"wd-icon\"><img decoding=\"async\"  src=\"http:\/\/staging.stroleecarts.eu\/wp-content\/uploads\/2023\/04\/wd-furniture-dot-list.svg\" title=\"wd-furniture-dot-list\" loading=\"lazy\" width=\"6\" height=\"6\"><\/span>\t\t\t\t\t\n\t\t\t\t\t<span class=\"wd-list-content list-content\">\n\t\t\t\t\t\t\t\t\t\t\t\t\tConsidera a \u00e1rea da divis\u00e3o\t\t\t\t\t\t\t\t\t\t\t<\/span>\n\t\t\t\t<\/li>\n\t\t\t\t\t\t\t\t\t\t\t<li class=\"elementor-repeater-item-5c6fb97\">\n\t\t\t\t\t\t\t\t\t\t\t<span class=\"wd-icon\"><img decoding=\"async\"  src=\"http:\/\/staging.stroleecarts.eu\/wp-content\/uploads\/2023\/04\/wd-furniture-dot-list.svg\" title=\"wd-furniture-dot-list\" loading=\"lazy\" width=\"6\" height=\"6\"><\/span>\t\t\t\t\t\n\t\t\t\t\t<span class=\"wd-list-content list-content\">\n\t\t\t\t\t\t\t\t\t\t\t\t\tN\u00e3o compres pe\u00e7as de mobili\u00e1rio desnecess\u00e1rias\t\t\t\t\t\t\t\t\t\t\t<\/span>\n\t\t\t\t<\/li>\n\t\t\t\t\t<\/ul>\n\n\t\t\t\t\t\t<\/div>\n\t\t\t\t<\/div>\n\t\t\t\t\t<\/div>\n\t\t<\/div>\n\t\t\t\t\t<\/div>\n\t\t<\/section>\n\t\t\t\t<\/div>\n\t\t","protected":false},"excerpt":{"rendered":"<p>Mantenha os seus congelados frios enquanto faz compras com o acess\u00f3rio perfeito para o seu assistente de compras pessoal! Cada cesto de compras pode conter 3 sacos. <\/p>\n<ul>\n<li>Mant\u00e9m-se em P\u00e9 para Facilitar o Enchimento<\/li>\n<li>Totalmente Isot\u00e9rmico<\/li>\n<li>Fecho de Correr F\u00e1cil de Fechar<\/li>\n<li>Al\u00e7as de Transporte Duplas<\/li>\n<li>3 Cabem no Saco de Compras Pessoal<\/li>\n<li>Superf\u00edcie Isot\u00e9rmica F\u00e1cil de Limpar<\/li>\n<\/ul>\n","protected":false},"featured_media":6426,"comment_status":"open","ping_status":"closed","template":"","meta":[],"product_brand":[],"product_cat":[125],"product_tag":[141],"class_list":{"0":"post-4463","1":"product","2":"type-product","3":"status-publish","4":"has-post-thumbnail","6":"product_cat-acessorios","7":"product_tag-acessorios","9":"first","10":"instock","11":"shipping-taxable","12":"purchasable","13":"product-type-simple"},"yoast_head":"<!-- This site is optimized with the Yoast SEO plugin v27.4 - https:\/\/yoast.com\/product\/yoast-seo-wordpress\/ -->\n<title>Saco Isot\u00e9rmico Congelador Strolee \u2013 Saco T\u00e9rmico para Carrinho e Cadeira de Beb\u00e9<\/title>\n<meta name=\"description\" content=\"Mantenha os seus alimentos, ra\u00e7\u00e3o ou bebidas frias e quentes em viagem com o Saco Isot\u00e9rmico Congelador Strolee \u2014 compat\u00edvel com carrinhos e cadeiras de beb\u00e9. Dur\u00e1vel, resistente a fugas e ideal para as suas compras. Compre j\u00e1!\" \/>\n<meta name=\"robots\" content=\"index, follow, max-snippet:-1, max-image-preview:large, max-video-preview:-1\" \/>\n<link rel=\"canonical\" href=\"http:\/\/staging.stroleecarts.eu\/pt-pt\/produto\/saco-isotermico-para-congelados\/\" \/>\n<meta property=\"og:locale\" content=\"pt_PT\" \/>\n<meta property=\"og:type\" content=\"article\" \/>\n<meta property=\"og:title\" content=\"Saco Isot\u00e9rmico Congelador Strolee \u2013 Saco T\u00e9rmico para Carrinho e Cadeira de Beb\u00e9\" \/>\n<meta property=\"og:description\" content=\"Mantenha os seus alimentos, ra\u00e7\u00e3o ou bebidas frias e quentes em viagem com o Saco Isot\u00e9rmico Congelador Strolee \u2014 compat\u00edvel com carrinhos e cadeiras de beb\u00e9. Dur\u00e1vel, resistente a fugas e ideal para as suas compras. Compre j\u00e1!\" \/>\n<meta property=\"og:url\" content=\"http:\/\/staging.stroleecarts.eu\/pt-pt\/produto\/saco-isotermico-para-congelados\/\" \/>\n<meta property=\"og:site_name\" content=\"Strolee Carts Europe\" \/>\n<meta property=\"article:modified_time\" content=\"2026-04-03T20:58:42+00:00\" \/>\n<meta property=\"og:image\" content=\"http:\/\/staging.stroleecarts.eu\/wp-content\/uploads\/2025\/11\/Insulated-Freezer-Bag-1.webp\" \/>\n\t<meta property=\"og:image:width\" content=\"1024\" \/>\n\t<meta property=\"og:image:height\" content=\"1024\" \/>\n\t<meta property=\"og:image:type\" content=\"image\/jpeg\" \/>\n<meta name=\"twitter:card\" content=\"summary_large_image\" \/>\n<script type=\"application\/ld+json\" class=\"yoast-schema-graph\">{\"@context\":\"https:\\\/\\\/schema.org\",\"@graph\":[{\"@type\":\"WebPage\",\"@id\":\"http:\\\/\\\/staging.stroleecarts.eu\\\/pt-pt\\\/produto\\\/saco-isotermico-para-congelados\\\/\",\"url\":\"http:\\\/\\\/staging.stroleecarts.eu\\\/pt-pt\\\/produto\\\/saco-isotermico-para-congelados\\\/\",\"name\":\"Saco Isot\u00e9rmico Congelador Strolee \u2013 Saco T\u00e9rmico para Carrinho e Cadeira de Beb\u00e9\",\"isPartOf\":{\"@id\":\"https:\\\/\\\/staging.stroleecarts.eu\\\/pt-pt\\\/#website\"},\"primaryImageOfPage\":{\"@id\":\"http:\\\/\\\/staging.stroleecarts.eu\\\/pt-pt\\\/produto\\\/saco-isotermico-para-congelados\\\/#primaryimage\"},\"image\":{\"@id\":\"http:\\\/\\\/staging.stroleecarts.eu\\\/pt-pt\\\/produto\\\/saco-isotermico-para-congelados\\\/#primaryimage\"},\"thumbnailUrl\":\"http:\\\/\\\/staging.stroleecarts.eu\\\/wp-content\\\/uploads\\\/2025\\\/11\\\/Insulated-Freezer-Bag-1.webp\",\"datePublished\":\"2025-11-06T14:29:55+00:00\",\"dateModified\":\"2026-04-03T20:58:42+00:00\",\"description\":\"Mantenha os seus alimentos, ra\u00e7\u00e3o ou bebidas frias e quentes em viagem com o Saco Isot\u00e9rmico Congelador Strolee \u2014 compat\u00edvel com carrinhos e cadeiras de beb\u00e9. Dur\u00e1vel, resistente a fugas e ideal para as suas compras. Compre j\u00e1!\",\"breadcrumb\":{\"@id\":\"http:\\\/\\\/staging.stroleecarts.eu\\\/pt-pt\\\/produto\\\/saco-isotermico-para-congelados\\\/#breadcrumb\"},\"inLanguage\":\"pt-PT\",\"potentialAction\":[{\"@type\":\"ReadAction\",\"target\":[\"http:\\\/\\\/staging.stroleecarts.eu\\\/pt-pt\\\/produto\\\/saco-isotermico-para-congelados\\\/\"]}]},{\"@type\":\"ImageObject\",\"inLanguage\":\"pt-PT\",\"@id\":\"http:\\\/\\\/staging.stroleecarts.eu\\\/pt-pt\\\/produto\\\/saco-isotermico-para-congelados\\\/#primaryimage\",\"url\":\"http:\\\/\\\/staging.stroleecarts.eu\\\/wp-content\\\/uploads\\\/2025\\\/11\\\/Insulated-Freezer-Bag-1.webp\",\"contentUrl\":\"http:\\\/\\\/staging.stroleecarts.eu\\\/wp-content\\\/uploads\\\/2025\\\/11\\\/Insulated-Freezer-Bag-1.webp\",\"width\":1024,\"height\":1024},{\"@type\":\"BreadcrumbList\",\"@id\":\"http:\\\/\\\/staging.stroleecarts.eu\\\/pt-pt\\\/produto\\\/saco-isotermico-para-congelados\\\/#breadcrumb\",\"itemListElement\":[{\"@type\":\"ListItem\",\"position\":1,\"name\":\"Home\",\"item\":\"https:\\\/\\\/staging.stroleecarts.eu\\\/pt-pt\\\/\"},{\"@type\":\"ListItem\",\"position\":2,\"name\":\"Loja_temp\",\"item\":\"https:\\\/\\\/staging.stroleecarts.eu\\\/pt-pt\\\/loja\\\/\"},{\"@type\":\"ListItem\",\"position\":3,\"name\":\"Insulated Freezer Bag\"}]},{\"@type\":\"WebSite\",\"@id\":\"https:\\\/\\\/staging.stroleecarts.eu\\\/pt-pt\\\/#website\",\"url\":\"https:\\\/\\\/staging.stroleecarts.eu\\\/pt-pt\\\/\",\"name\":\"Strolee Carts Europe\",\"description\":\"Innovate Mobility\",\"potentialAction\":[{\"@type\":\"SearchAction\",\"target\":{\"@type\":\"EntryPoint\",\"urlTemplate\":\"https:\\\/\\\/staging.stroleecarts.eu\\\/pt-pt\\\/?s={search_term_string}\"},\"query-input\":{\"@type\":\"PropertyValueSpecification\",\"valueRequired\":true,\"valueName\":\"search_term_string\"}}],\"inLanguage\":\"pt-PT\"}]}<\/script>\n<!-- \/ Yoast SEO plugin. -->","yoast_head_json":{"title":"Saco Isot\u00e9rmico Congelador Strolee \u2013 Saco T\u00e9rmico para Carrinho e Cadeira de Beb\u00e9","description":"Mantenha os seus alimentos, ra\u00e7\u00e3o ou bebidas frias e quentes em viagem com o Saco Isot\u00e9rmico Congelador Strolee \u2014 compat\u00edvel com carrinhos e cadeiras de beb\u00e9. Dur\u00e1vel, resistente a fugas e ideal para as suas compras. Compre j\u00e1!","robots":{"index":"index","follow":"follow","max-snippet":"max-snippet:-1","max-image-preview":"max-image-preview:large","max-video-preview":"max-video-preview:-1"},"canonical":"http:\/\/staging.stroleecarts.eu\/pt-pt\/produto\/saco-isotermico-para-congelados\/","og_locale":"pt_PT","og_type":"article","og_title":"Saco Isot\u00e9rmico Congelador Strolee \u2013 Saco T\u00e9rmico para Carrinho e Cadeira de Beb\u00e9","og_description":"Mantenha os seus alimentos, ra\u00e7\u00e3o ou bebidas frias e quentes em viagem com o Saco Isot\u00e9rmico Congelador Strolee \u2014 compat\u00edvel com carrinhos e cadeiras de beb\u00e9. Dur\u00e1vel, resistente a fugas e ideal para as suas compras. Compre j\u00e1!","og_url":"http:\/\/staging.stroleecarts.eu\/pt-pt\/produto\/saco-isotermico-para-congelados\/","og_site_name":"Strolee Carts Europe","article_modified_time":"2026-04-03T20:58:42+00:00","og_image":[{"width":1024,"height":1024,"url":"http:\/\/staging.stroleecarts.eu\/wp-content\/uploads\/2025\/11\/Insulated-Freezer-Bag-1.webp","type":"image\/jpeg"}],"twitter_card":"summary_large_image","schema":{"@context":"https:\/\/schema.org","@graph":[{"@type":"WebPage","@id":"http:\/\/staging.stroleecarts.eu\/pt-pt\/produto\/saco-isotermico-para-congelados\/","url":"http:\/\/staging.stroleecarts.eu\/pt-pt\/produto\/saco-isotermico-para-congelados\/","name":"Saco Isot\u00e9rmico Congelador Strolee \u2013 Saco T\u00e9rmico para Carrinho e Cadeira de Beb\u00e9","isPartOf":{"@id":"https:\/\/staging.stroleecarts.eu\/pt-pt\/#website"},"primaryImageOfPage":{"@id":"http:\/\/staging.stroleecarts.eu\/pt-pt\/produto\/saco-isotermico-para-congelados\/#primaryimage"},"image":{"@id":"http:\/\/staging.stroleecarts.eu\/pt-pt\/produto\/saco-isotermico-para-congelados\/#primaryimage"},"thumbnailUrl":"http:\/\/staging.stroleecarts.eu\/wp-content\/uploads\/2025\/11\/Insulated-Freezer-Bag-1.webp","datePublished":"2025-11-06T14:29:55+00:00","dateModified":"2026-04-03T20:58:42+00:00","description":"Mantenha os seus alimentos, ra\u00e7\u00e3o ou bebidas frias e quentes em viagem com o Saco Isot\u00e9rmico Congelador Strolee \u2014 compat\u00edvel com carrinhos e cadeiras de beb\u00e9. Dur\u00e1vel, resistente a fugas e ideal para as suas compras. Compre j\u00e1!","breadcrumb":{"@id":"http:\/\/staging.stroleecarts.eu\/pt-pt\/produto\/saco-isotermico-para-congelados\/#breadcrumb"},"inLanguage":"pt-PT","potentialAction":[{"@type":"ReadAction","target":["http:\/\/staging.stroleecarts.eu\/pt-pt\/produto\/saco-isotermico-para-congelados\/"]}]},{"@type":"ImageObject","inLanguage":"pt-PT","@id":"http:\/\/staging.stroleecarts.eu\/pt-pt\/produto\/saco-isotermico-para-congelados\/#primaryimage","url":"http:\/\/staging.stroleecarts.eu\/wp-content\/uploads\/2025\/11\/Insulated-Freezer-Bag-1.webp","contentUrl":"http:\/\/staging.stroleecarts.eu\/wp-content\/uploads\/2025\/11\/Insulated-Freezer-Bag-1.webp","width":1024,"height":1024},{"@type":"BreadcrumbList","@id":"http:\/\/staging.stroleecarts.eu\/pt-pt\/produto\/saco-isotermico-para-congelados\/#breadcrumb","itemListElement":[{"@type":"ListItem","position":1,"name":"Home","item":"https:\/\/staging.stroleecarts.eu\/pt-pt\/"},{"@type":"ListItem","position":2,"name":"Loja_temp","item":"https:\/\/staging.stroleecarts.eu\/pt-pt\/loja\/"},{"@type":"ListItem","position":3,"name":"Insulated Freezer Bag"}]},{"@type":"WebSite","@id":"https:\/\/staging.stroleecarts.eu\/pt-pt\/#website","url":"https:\/\/staging.stroleecarts.eu\/pt-pt\/","name":"Strolee Carts Europe","description":"Innovate Mobility","potentialAction":[{"@type":"SearchAction","target":{"@type":"EntryPoint","urlTemplate":"https:\/\/staging.stroleecarts.eu\/pt-pt\/?s={search_term_string}"},"query-input":{"@type":"PropertyValueSpecification","valueRequired":true,"valueName":"search_term_string"}}],"inLanguage":"pt-PT"}]}},"_links":{"self":[{"href":"http:\/\/staging.stroleecarts.eu\/pt-pt\/wp-json\/wp\/v2\/product\/4463","targetHints":{"allow":["GET"]}}],"collection":[{"href":"http:\/\/staging.stroleecarts.eu\/pt-pt\/wp-json\/wp\/v2\/product"}],"about":[{"href":"http:\/\/staging.stroleecarts.eu\/pt-pt\/wp-json\/wp\/v2\/types\/product"}],"replies":[{"embeddable":true,"href":"http:\/\/staging.stroleecarts.eu\/pt-pt\/wp-json\/wp\/v2\/comments?post=4463"}],"version-history":[{"count":2,"href":"http:\/\/staging.stroleecarts.eu\/pt-pt\/wp-json\/wp\/v2\/product\/4463\/revisions"}],"predecessor-version":[{"id":6116,"href":"http:\/\/staging.stroleecarts.eu\/pt-pt\/wp-json\/wp\/v2\/product\/4463\/revisions\/6116"}],"wp:featuredmedia":[{"embeddable":true,"href":"http:\/\/staging.stroleecarts.eu\/pt-pt\/wp-json\/wp\/v2\/media\/6426"}],"wp:attachment":[{"href":"http:\/\/staging.stroleecarts.eu\/pt-pt\/wp-json\/wp\/v2\/media?parent=4463"}],"wp:term":[{"taxonomy":"product_brand","embeddable":true,"href":"http:\/\/staging.stroleecarts.eu\/pt-pt\/wp-json\/wp\/v2\/product_brand?post=4463"},{"taxonomy":"product_cat","embeddable":true,"href":"http:\/\/staging.stroleecarts.eu\/pt-pt\/wp-json\/wp\/v2\/product_cat?post=4463"},{"taxonomy":"product_tag","embeddable":true,"href":"http:\/\/staging.stroleecarts.eu\/pt-pt\/wp-json\/wp\/v2\/product_tag?post=4463"}],"curies":[{"name":"wp","href":"https:\/\/api.w.org\/{rel}","templated":true}]}}