{"id":4597,"date":"2025-11-19T14:03:25","date_gmt":"2025-11-19T14:03:25","guid":{"rendered":"https:\/\/staging.stroleecarts.eu\/garantia\/"},"modified":"2026-04-02T13:01:27","modified_gmt":"2026-04-02T13:01:27","slug":"garantia","status":"publish","type":"page","link":"https:\/\/staging.stroleecarts.eu\/es\/garantia\/","title":{"rendered":"Garant\u00eda"},"content":{"rendered":"\t\t<div data-elementor-type=\"wp-page\" data-elementor-id=\"4597\" class=\"elementor elementor-4597 elementor-2603\" data-elementor-post-type=\"page\">\n\t\t\t\t<div class=\"wd-negative-gap elementor-element elementor-element-2202dd8 wd-section-stretch animated-slow e-flex e-con-boxed elementor-invisible e-con e-parent\" data-id=\"2202dd8\" data-element_type=\"container\" data-e-type=\"container\" data-settings=\"{&quot;background_background&quot;:&quot;slideshow&quot;,&quot;background_slideshow_gallery&quot;:[{&quot;id&quot;:4071,&quot;url&quot;:&quot;http:\\\/\\\/staging.stroleecarts.eu\\\/wp-content\\\/uploads\\\/2025\\\/11\\\/1strolee_pet_cart.webp&quot;}],&quot;animation&quot;:&quot;fadeIn&quot;,&quot;animation_mobile&quot;:&quot;fadeIn&quot;,&quot;background_slideshow_loop&quot;:&quot;yes&quot;,&quot;background_slideshow_slide_duration&quot;:5000,&quot;background_slideshow_slide_transition&quot;:&quot;fade&quot;,&quot;background_slideshow_transition_duration&quot;:500}\">\n\t\t\t\t\t<div class=\"e-con-inner\">\n\t\t\t\t<div class=\"elementor-element elementor-element-e14c886 wd-width-100 elementor-widget elementor-widget-wd_title\" data-id=\"e14c886\" data-element_type=\"widget\" data-e-type=\"widget\" data-widget_type=\"wd_title.default\">\n\t\t\t\t<div class=\"elementor-widget-container\">\n\t\t\t\t\t\t\t<div class=\"title-wrapper wd-set-mb reset-last-child wd-title-color-default wd-title-style-default wd-title-size-large text-center\">\n\n\t\t\t\n\t\t\t<div class=\"liner-continer\">\n\t\t\t\t<h1 class=\"woodmart-title-container title wd-fontsize-xxl\">La garant\u00eda de Strolee<\/h1> \n\t\t\t\t\t\t\t<\/div>\n\n\t\t\t\t\t\t\t<div class=\"title-after_title reset-last-child wd-fontsize-s\">\n\t\t\t\t\t<p>En Strolee, innovamos en movilidad para simplificar los viajes de la vida. Tanto si eres padre, amante de las mascotas o un alma viajera, nuestros cochecitos ofrecen lujo ligero, transformando los momentos sobre la marcha en recuerdos preciados. <\/p>\t\t\t\t<\/div>\n\t\t\t\t\t<\/div>\n\t\t\t\t\t\t<\/div>\n\t\t\t\t<\/div>\n\t\t\t\t\t<\/div>\n\t\t\t\t<\/div>\n\t\t<div class=\"elementor-element elementor-element-4a6c9bb animated-slow e-flex e-con-boxed elementor-invisible e-con e-parent\" data-id=\"4a6c9bb\" data-element_type=\"container\" data-e-type=\"container\" data-settings=\"{&quot;animation&quot;:&quot;fadeIn&quot;}\">\n\t\t\t\t\t<div class=\"e-con-inner\">\n\t\t\t\t<div class=\"elementor-element elementor-element-fac7feb wd-width-100 elementor-widget elementor-widget-wd_title\" data-id=\"fac7feb\" data-element_type=\"widget\" data-e-type=\"widget\" data-widget_type=\"wd_title.default\">\n\t\t\t\t<div class=\"elementor-widget-container\">\n\t\t\t\t\t\t\t<div class=\"title-wrapper wd-set-mb reset-last-child wd-title-color-default wd-title-style-default wd-title-size-large text-center\">\n\n\t\t\t\n\t\t\t<div class=\"liner-continer\">\n\t\t\t\t<h2 class=\"woodmart-title-container title wd-fontsize-xxl\">Nuestro origen<\/h2> \n\t\t\t\t\t\t\t<\/div>\n\n\t\t\t\t\t<\/div>\n\t\t\t\t\t\t<\/div>\n\t\t\t\t<\/div>\n\t\t\t\t<div class=\"elementor-element elementor-element-4492caf color-scheme-inherit text-left elementor-widget elementor-widget-text-editor\" data-id=\"4492caf\" data-element_type=\"widget\" data-e-type=\"widget\" data-widget_type=\"text-editor.default\">\n\t\t\t\t\t\t\t\t\t<p>En el mundo acelerado de hoy en d\u00eda, Strolee detect\u00f3 una necesidad no cubierta. Una necesidad de cochecitos que encajen a la perfecci\u00f3n en nuestras vidas en constante evoluci\u00f3n, ya sea un d\u00eda en la playa con la familia o un paseo por el parque con nuestros amigos peludos. <\/p><p>Nacida de la pasi\u00f3n por simplificar la vida de las madres ocupadas, nuestra gama de cochecitos est\u00e1 meticulosamente dise\u00f1ada para ser sencilla, ligera y extraordinariamente duradera.<\/p><p>En Strolee, somos m\u00e1s que una empresa. Somos una comunidad que celebra la alegr\u00eda del viaje. <\/p><p>\u00bfQu\u00e9 tipo de comunidad estar\u00edamos construyendo si contrat\u00e1ramos a abogados caros para que escribieran un mont\u00f3n de letra peque\u00f1a en nuestra garant\u00eda?<\/p><p>Por eso les pedimos a nuestros hijos que la escribieran y, personalmente, \u00a1creemos que lo bordaron al 100%!<\/p><p>Lo llamamos&#8230;.<\/p>\t\t\t\t\t\t\t\t<\/div>\n\t\t\t\t\t<\/div>\n\t\t\t\t<\/div>\n\t\t<div class=\"elementor-element elementor-element-958ef32 animated-slow e-flex e-con-boxed elementor-invisible e-con e-parent\" data-id=\"958ef32\" data-element_type=\"container\" data-e-type=\"container\" data-settings=\"{&quot;animation&quot;:&quot;fadeIn&quot;}\">\n\t\t\t\t\t<div class=\"e-con-inner\">\n\t\t\t\t<div class=\"elementor-element elementor-element-42e57fb wd-width-100 elementor-widget elementor-widget-wd_title\" data-id=\"42e57fb\" data-element_type=\"widget\" data-e-type=\"widget\" data-widget_type=\"wd_title.default\">\n\t\t\t\t<div class=\"elementor-widget-container\">\n\t\t\t\t\t\t\t<div class=\"title-wrapper wd-set-mb reset-last-child wd-title-color-default wd-title-style-default wd-title-size-large text-center\">\n\n\t\t\t\n\t\t\t<div class=\"liner-continer\">\n\t\t\t\t<h2 class=\"woodmart-title-container title wd-fontsize-xxl\">La Garant\u00eda Strolee Lo Resuelve<\/h2> \n\t\t\t\t\t\t\t<\/div>\n\n\t\t\t\t\t<\/div>\n\t\t\t\t\t\t<\/div>\n\t\t\t\t<\/div>\n\t\t\t\t<div class=\"elementor-element elementor-element-7021574 color-scheme-inherit text-left elementor-widget elementor-widget-text-editor\" data-id=\"7021574\" data-element_type=\"widget\" data-e-type=\"widget\" data-widget_type=\"text-editor.default\">\n\t\t\t\t\t\t\t\t\t<p>\u00bfQu\u00e9 significa eso? Es sencillo&#8230; <\/p><p><strong>Si durante los 2 a\u00f1os posteriores a la compra de tu Strolee se rompe por alg\u00fan defecto de dise\u00f1o o fabricaci\u00f3n, \u00a1lo arreglamos GRATIS!<\/strong><\/p><p><strong>\u00bfSe rompen las ruedas?<\/strong>  &#8211; No hay problema, te enviaremos unas nuevas lo antes posible<\/p><p><strong>\u00bfSe rompe o se dobla el marco?<\/strong>  \u00a1Te daremos un marco nuevo!<\/p><p><strong>\u00bfTu perro lo sac\u00f3 y derrap\u00f3 en el estacionamiento?<\/strong> \u00a1No hay problema! Nuevas ruedas en camino<\/p><p>Creo que entiendes la idea. Si tu Strolee alguna vez te falla, simplemente ponte en contacto con nuestro equipo de atenci\u00f3n al cliente y lo solucionaremos de inmediato. <\/p><p>P.D.: \u00a1No pierdas el tiempo buscando la letra peque\u00f1a porque no la hay!<\/p>\t\t\t\t\t\t\t\t<\/div>\n\t\t\t\t\t<\/div>\n\t\t\t\t<\/div>\n\t\t<div class=\"elementor-element elementor-element-fb30c1d animated-slow e-flex e-con-boxed elementor-invisible e-con e-parent\" data-id=\"fb30c1d\" data-element_type=\"container\" data-e-type=\"container\" data-settings=\"{&quot;animation&quot;:&quot;fadeIn&quot;}\">\n\t\t\t\t\t<div class=\"e-con-inner\">\n\t\t<div class=\"elementor-element elementor-element-617448a e-con-full e-flex e-con e-child\" data-id=\"617448a\" data-element_type=\"container\" data-e-type=\"container\">\n\t\t\t\t<div class=\"elementor-element elementor-element-7757376 wd-width-100 elementor-widget elementor-widget-wd_title\" data-id=\"7757376\" data-element_type=\"widget\" data-e-type=\"widget\" data-widget_type=\"wd_title.default\">\n\t\t\t\t<div class=\"elementor-widget-container\">\n\t\t\t\t\t\t\t<div class=\"title-wrapper wd-set-mb reset-last-child wd-title-color-default wd-title-style-default wd-title-size-large text-center\">\n\n\t\t\t\n\t\t\t<div class=\"liner-continer\">\n\t\t\t\t<h4 class=\"woodmart-title-container title wd-fontsize-xxl\">\u00bfTiene alguna pregunta?<\/h4> \n\t\t\t\t\t\t\t<\/div>\n\n\t\t\t\t\t<\/div>\n\t\t\t\t\t\t<\/div>\n\t\t\t\t<\/div>\n\t\t\t\t<\/div>\n\t\t<div class=\"elementor-element elementor-element-8b03d49 e-con-full e-flex e-con e-child\" data-id=\"8b03d49\" data-element_type=\"container\" data-e-type=\"container\">\n\t\t\t\t<div class=\"elementor-element elementor-element-4cb6db4 color-scheme-inherit text-left elementor-widget elementor-widget-text-editor\" data-id=\"4cb6db4\" data-element_type=\"widget\" data-e-type=\"widget\" data-widget_type=\"text-editor.default\">\n\t\t\t\t\t\t\t\t\t<p>\u00a1Nos ENCANTAR\u00cdA saber de usted! No dude en rellenar el formulario de contacto con cualquier pregunta, comentario o inquietud. \u00a1Nos pondremos en contacto con usted lo antes posible! \u00a1Gracias por elegir Strolee!  <\/p>\t\t\t\t\t\t\t\t<\/div>\n\t\t\t\t<\/div>\n\t\t<div class=\"elementor-element elementor-element-adb7280 e-con-full e-flex e-con e-child\" data-id=\"adb7280\" data-element_type=\"container\" data-e-type=\"container\">\n\t\t\t\t<div class=\"elementor-element elementor-element-9a9f449 elementor-button-align-stretch elementor-widget elementor-widget-form\" data-id=\"9a9f449\" data-element_type=\"widget\" data-e-type=\"widget\" data-settings=\"{&quot;step_next_label&quot;:&quot;Siguiente&quot;,&quot;step_previous_label&quot;:&quot;Anterior&quot;,&quot;button_width&quot;:&quot;100&quot;,&quot;step_type&quot;:&quot;number_text&quot;,&quot;step_icon_shape&quot;:&quot;circle&quot;}\" data-widget_type=\"form.default\">\n\t\t\t\t\t\t\t<form class=\"elementor-form\" method=\"post\" id=\"connectstrolee\" name=\"connectstrolee\" aria-label=\"connectstrolee\">\n\t\t\t<input type=\"hidden\" name=\"post_id\" value=\"4597\"\/>\n\t\t\t<input type=\"hidden\" name=\"form_id\" value=\"9a9f449\"\/>\n\t\t\t<input type=\"hidden\" name=\"referer_title\" value=\"Pol\u00edtica de garant\u00eda y devoluciones de Strolee \u2013 T\u00e9rminos de la garant\u00eda en Europa\" \/>\n\n\t\t\t\t\t\t\t<input type=\"hidden\" name=\"queried_id\" value=\"4597\"\/>\n\t\t\t\n\t\t\t<div class=\"elementor-form-fields-wrapper elementor-labels-\">\n\t\t\t\t\t\t\t\t<div class=\"elementor-field-type-text elementor-field-group elementor-column elementor-field-group-name elementor-col-100 elementor-field-required\">\n\t\t\t\t\t\t\t\t\t\t\t\t<label for=\"form-field-name\" class=\"elementor-field-label elementor-screen-only\">\n\t\t\t\t\t\t\t\tNombre\t\t\t\t\t\t\t<\/label>\n\t\t\t\t\t\t\t\t\t\t\t\t\t\t<input size=\"1\" type=\"text\" name=\"form_fields[name]\" id=\"form-field-name\" class=\"elementor-field elementor-size-lg  elementor-field-textual\" placeholder=\"Nombre\" required=\"required\">\n\t\t\t\t\t\t\t\t\t\t\t<\/div>\n\t\t\t\t\t\t\t\t<div class=\"elementor-field-type-email elementor-field-group elementor-column elementor-field-group-email elementor-col-100 elementor-field-required\">\n\t\t\t\t\t\t\t\t\t\t\t\t<label for=\"form-field-email\" class=\"elementor-field-label elementor-screen-only\">\n\t\t\t\t\t\t\t\tCorreo electr\u00f3nico\t\t\t\t\t\t\t<\/label>\n\t\t\t\t\t\t\t\t\t\t\t\t\t\t<input size=\"1\" type=\"email\" name=\"form_fields[email]\" id=\"form-field-email\" class=\"elementor-field elementor-size-lg  elementor-field-textual\" placeholder=\"Correo electr\u00f3nico\" required=\"required\">\n\t\t\t\t\t\t\t\t\t\t\t<\/div>\n\t\t\t\t\t\t\t\t<div class=\"elementor-field-type-textarea elementor-field-group elementor-column elementor-field-group-message elementor-col-100 elementor-field-required\">\n\t\t\t\t\t\t\t\t\t\t\t\t<label for=\"form-field-message\" class=\"elementor-field-label elementor-screen-only\">\n\t\t\t\t\t\t\t\tMensaje\t\t\t\t\t\t\t<\/label>\n\t\t\t\t\t\t<textarea class=\"elementor-field-textual elementor-field  elementor-size-lg\" name=\"form_fields[message]\" id=\"form-field-message\" rows=\"4\" placeholder=\"Mensaje\" required=\"required\"><\/textarea>\t\t\t\t<\/div>\n\t\t\t\t\t\t\t\t<div class=\"elementor-field-type-acceptance elementor-field-group elementor-column elementor-field-group-acceptance elementor-col-100 elementor-field-required\">\n\t\t\t\t\t\t\t\t\t\t\t\t<label for=\"form-field-acceptance\" class=\"elementor-field-label elementor-screen-only\">\n\t\t\t\t\t\t\t\tAceptaci\u00f3n\t\t\t\t\t\t\t<\/label>\n\t\t\t\t\t\t\t\t<div class=\"elementor-field-subgroup\">\n\t\t\t<span class=\"elementor-field-option\">\n\t\t\t\t<input type=\"checkbox\" name=\"form_fields[acceptance]\" id=\"form-field-acceptance\" class=\"elementor-field elementor-size-lg  elementor-acceptance-field\" required=\"required\">\n\t\t\t\t<label for=\"form-field-acceptance\">Acepto el uso de mis datos personales con el fin de responder a mi solicitud.<\/label>\t\t\t<\/span>\n\t\t<\/div>\n\t\t\t\t\t\t<\/div>\n\t\t\t\t\t\t\t\t<div class=\"elementor-field-type-recaptcha_v3 elementor-field-group elementor-column elementor-field-group-field_b15106d elementor-col-100 recaptcha_v3-bottomleft\">\n\t\t\t\t\t<div class=\"elementor-field\" id=\"form-field-field_b15106d\"><div class=\"elementor-g-recaptcha\" data-sitekey=\"6Ldb-hgsAAAAAL-71_xxuPU636LVh9i7lSf7v9ct\" data-type=\"v3\" data-action=\"Form\" data-badge=\"bottomleft\" data-size=\"invisible\"><\/div><\/div>\t\t\t\t<\/div>\n\t\t\t\t\t\t\t\t<div class=\"elementor-field-group elementor-column elementor-field-type-submit elementor-col-100 e-form__buttons\">\n\t\t\t\t\t<button class=\"elementor-button elementor-size-lg\" type=\"submit\">\n\t\t\t\t\t\t<span class=\"elementor-button-content-wrapper\">\n\t\t\t\t\t\t\t\t\t\t\t\t\t\t\t\t\t\t\t\t\t\t<span class=\"elementor-button-text\">Enviar<\/span>\n\t\t\t\t\t\t\t\t\t\t\t\t\t<\/span>\n\t\t\t\t\t<\/button>\n\t\t\t\t<\/div>\n\t\t\t<\/div>\n\t\t<\/form>\n\t\t\t\t\t\t<\/div>\n\t\t\t\t<\/div>\n\t\t\t\t\t<\/div>\n\t\t\t\t<\/div>\n\t\t\t\t<\/div>\n\t\t","protected":false},"excerpt":{"rendered":"<p>La garant\u00eda de Strolee En Strolee, innovamos en movilidad para simplificar los viajes de la vida. Tanto si eres padre,<\/p>\n","protected":false},"author":6,"featured_media":0,"parent":0,"menu_order":0,"comment_status":"closed","ping_status":"closed","template":"elementor_header_footer","meta":{"footnotes":""},"class_list":["post-4597","page","type-page","status-publish","hentry"],"yoast_head":"<!-- This site is optimized with the Yoast SEO plugin v27.4 - https:\/\/yoast.com\/product\/yoast-seo-wordpress\/ -->\n<title>Pol\u00edtica de garant\u00eda y devoluciones de Strolee \u2013 T\u00e9rminos de la garant\u00eda en Europa<\/title>\n<meta name=\"description\" content=\"Lee la pol\u00edtica de garant\u00eda y devoluciones de Strolee: obt\u00e9n informaci\u00f3n sobre la cobertura, la duraci\u00f3n de la garant\u00eda, las devoluciones y el soporte para tu carrito o cochecito para mascotas. Ponte en contacto con nosotros si tienes alg\u00fan problema.\" \/>\n<meta name=\"robots\" content=\"index, follow, max-snippet:-1, max-image-preview:large, max-video-preview:-1\" \/>\n<link rel=\"canonical\" href=\"https:\/\/staging.stroleecarts.eu\/es\/garantia\/\" \/>\n<meta property=\"og:locale\" content=\"es_ES\" \/>\n<meta property=\"og:type\" content=\"article\" \/>\n<meta property=\"og:title\" content=\"Pol\u00edtica de garant\u00eda y devoluciones de Strolee \u2013 T\u00e9rminos de la garant\u00eda en Europa\" \/>\n<meta property=\"og:description\" content=\"Lee la pol\u00edtica de garant\u00eda y devoluciones de Strolee: obt\u00e9n informaci\u00f3n sobre la cobertura, la duraci\u00f3n de la garant\u00eda, las devoluciones y el soporte para tu carrito o cochecito para mascotas. Ponte en contacto con nosotros si tienes alg\u00fan problema.\" \/>\n<meta property=\"og:url\" content=\"https:\/\/staging.stroleecarts.eu\/es\/garantia\/\" \/>\n<meta property=\"og:site_name\" content=\"Strolee Carts Europe\" \/>\n<meta property=\"article:modified_time\" content=\"2026-04-02T13:01:27+00:00\" \/>\n<meta name=\"twitter:card\" content=\"summary_large_image\" \/>\n<meta name=\"twitter:label1\" content=\"Tiempo de lectura\" \/>\n\t<meta name=\"twitter:data1\" content=\"2 minutos\" \/>\n<script type=\"application\/ld+json\" class=\"yoast-schema-graph\">{\"@context\":\"https:\\\/\\\/schema.org\",\"@graph\":[{\"@type\":\"WebPage\",\"@id\":\"https:\\\/\\\/staging.stroleecarts.eu\\\/es\\\/garantia\\\/\",\"url\":\"https:\\\/\\\/staging.stroleecarts.eu\\\/es\\\/garantia\\\/\",\"name\":\"Pol\u00edtica de garant\u00eda y devoluciones de Strolee \u2013 T\u00e9rminos de la garant\u00eda en Europa\",\"isPartOf\":{\"@id\":\"https:\\\/\\\/staging.stroleecarts.eu\\\/es\\\/#website\"},\"datePublished\":\"2025-11-19T14:03:25+00:00\",\"dateModified\":\"2026-04-02T13:01:27+00:00\",\"description\":\"Lee la pol\u00edtica de garant\u00eda y devoluciones de Strolee: obt\u00e9n informaci\u00f3n sobre la cobertura, la duraci\u00f3n de la garant\u00eda, las devoluciones y el soporte para tu carrito o cochecito para mascotas. Ponte en contacto con nosotros si tienes alg\u00fan problema.\",\"breadcrumb\":{\"@id\":\"https:\\\/\\\/staging.stroleecarts.eu\\\/es\\\/garantia\\\/#breadcrumb\"},\"inLanguage\":\"es\",\"potentialAction\":[{\"@type\":\"ReadAction\",\"target\":[\"https:\\\/\\\/staging.stroleecarts.eu\\\/es\\\/garantia\\\/\"]}]},{\"@type\":\"BreadcrumbList\",\"@id\":\"https:\\\/\\\/staging.stroleecarts.eu\\\/es\\\/garantia\\\/#breadcrumb\",\"itemListElement\":[{\"@type\":\"ListItem\",\"position\":1,\"name\":\"Home\",\"item\":\"https:\\\/\\\/staging.stroleecarts.eu\\\/es\\\/\"},{\"@type\":\"ListItem\",\"position\":2,\"name\":\"Garant\u00eda\"}]},{\"@type\":\"WebSite\",\"@id\":\"https:\\\/\\\/staging.stroleecarts.eu\\\/es\\\/#website\",\"url\":\"https:\\\/\\\/staging.stroleecarts.eu\\\/es\\\/\",\"name\":\"Strolee Carts Europe\",\"description\":\"Innovate Mobility\",\"potentialAction\":[{\"@type\":\"SearchAction\",\"target\":{\"@type\":\"EntryPoint\",\"urlTemplate\":\"https:\\\/\\\/staging.stroleecarts.eu\\\/es\\\/?s={search_term_string}\"},\"query-input\":{\"@type\":\"PropertyValueSpecification\",\"valueRequired\":true,\"valueName\":\"search_term_string\"}}],\"inLanguage\":\"es\"}]}<\/script>\n<!-- \/ Yoast SEO plugin. -->","yoast_head_json":{"title":"Pol\u00edtica de garant\u00eda y devoluciones de Strolee \u2013 T\u00e9rminos de la garant\u00eda en Europa","description":"Lee la pol\u00edtica de garant\u00eda y devoluciones de Strolee: obt\u00e9n informaci\u00f3n sobre la cobertura, la duraci\u00f3n de la garant\u00eda, las devoluciones y el soporte para tu carrito o cochecito para mascotas. Ponte en contacto con nosotros si tienes alg\u00fan problema.","robots":{"index":"index","follow":"follow","max-snippet":"max-snippet:-1","max-image-preview":"max-image-preview:large","max-video-preview":"max-video-preview:-1"},"canonical":"https:\/\/staging.stroleecarts.eu\/es\/garantia\/","og_locale":"es_ES","og_type":"article","og_title":"Pol\u00edtica de garant\u00eda y devoluciones de Strolee \u2013 T\u00e9rminos de la garant\u00eda en Europa","og_description":"Lee la pol\u00edtica de garant\u00eda y devoluciones de Strolee: obt\u00e9n informaci\u00f3n sobre la cobertura, la duraci\u00f3n de la garant\u00eda, las devoluciones y el soporte para tu carrito o cochecito para mascotas. Ponte en contacto con nosotros si tienes alg\u00fan problema.","og_url":"https:\/\/staging.stroleecarts.eu\/es\/garantia\/","og_site_name":"Strolee Carts Europe","article_modified_time":"2026-04-02T13:01:27+00:00","twitter_card":"summary_large_image","twitter_misc":{"Tiempo de lectura":"2 minutos"},"schema":{"@context":"https:\/\/schema.org","@graph":[{"@type":"WebPage","@id":"https:\/\/staging.stroleecarts.eu\/es\/garantia\/","url":"https:\/\/staging.stroleecarts.eu\/es\/garantia\/","name":"Pol\u00edtica de garant\u00eda y devoluciones de Strolee \u2013 T\u00e9rminos de la garant\u00eda en Europa","isPartOf":{"@id":"https:\/\/staging.stroleecarts.eu\/es\/#website"},"datePublished":"2025-11-19T14:03:25+00:00","dateModified":"2026-04-02T13:01:27+00:00","description":"Lee la pol\u00edtica de garant\u00eda y devoluciones de Strolee: obt\u00e9n informaci\u00f3n sobre la cobertura, la duraci\u00f3n de la garant\u00eda, las devoluciones y el soporte para tu carrito o cochecito para mascotas. Ponte en contacto con nosotros si tienes alg\u00fan problema.","breadcrumb":{"@id":"https:\/\/staging.stroleecarts.eu\/es\/garantia\/#breadcrumb"},"inLanguage":"es","potentialAction":[{"@type":"ReadAction","target":["https:\/\/staging.stroleecarts.eu\/es\/garantia\/"]}]},{"@type":"BreadcrumbList","@id":"https:\/\/staging.stroleecarts.eu\/es\/garantia\/#breadcrumb","itemListElement":[{"@type":"ListItem","position":1,"name":"Home","item":"https:\/\/staging.stroleecarts.eu\/es\/"},{"@type":"ListItem","position":2,"name":"Garant\u00eda"}]},{"@type":"WebSite","@id":"https:\/\/staging.stroleecarts.eu\/es\/#website","url":"https:\/\/staging.stroleecarts.eu\/es\/","name":"Strolee Carts Europe","description":"Innovate Mobility","potentialAction":[{"@type":"SearchAction","target":{"@type":"EntryPoint","urlTemplate":"https:\/\/staging.stroleecarts.eu\/es\/?s={search_term_string}"},"query-input":{"@type":"PropertyValueSpecification","valueRequired":true,"valueName":"search_term_string"}}],"inLanguage":"es"}]}},"_links":{"self":[{"href":"https:\/\/staging.stroleecarts.eu\/es\/wp-json\/wp\/v2\/pages\/4597","targetHints":{"allow":["GET"]}}],"collection":[{"href":"https:\/\/staging.stroleecarts.eu\/es\/wp-json\/wp\/v2\/pages"}],"about":[{"href":"https:\/\/staging.stroleecarts.eu\/es\/wp-json\/wp\/v2\/types\/page"}],"author":[{"embeddable":true,"href":"https:\/\/staging.stroleecarts.eu\/es\/wp-json\/wp\/v2\/users\/6"}],"replies":[{"embeddable":true,"href":"https:\/\/staging.stroleecarts.eu\/es\/wp-json\/wp\/v2\/comments?post=4597"}],"version-history":[{"count":2,"href":"https:\/\/staging.stroleecarts.eu\/es\/wp-json\/wp\/v2\/pages\/4597\/revisions"}],"predecessor-version":[{"id":6258,"href":"https:\/\/staging.stroleecarts.eu\/es\/wp-json\/wp\/v2\/pages\/4597\/revisions\/6258"}],"wp:attachment":[{"href":"https:\/\/staging.stroleecarts.eu\/es\/wp-json\/wp\/v2\/media?parent=4597"}],"curies":[{"name":"wp","href":"https:\/\/api.w.org\/{rel}","templated":true}]}}