{"id":4544,"date":"2025-10-29T15:08:05","date_gmt":"2025-10-29T15:08:05","guid":{"rendered":"https:\/\/staging.stroleecarts.eu\/product\/bolsas-isotermicas-para-congelador-y-organizadoras\/"},"modified":"2026-04-03T21:00:10","modified_gmt":"2026-04-03T21:00:10","slug":"bolsas-isotermicas-para-congelador-y-organizadoras","status":"publish","type":"product","link":"https:\/\/staging.stroleecarts.eu\/es\/product\/bolsas-isotermicas-para-congelador-y-organizadoras\/","title":{"rendered":"Insulated Freezer &amp; Organizer Bags"},"content":{"rendered":"\t\t<div data-elementor-type=\"wp-post\" data-elementor-id=\"4544\" class=\"elementor elementor-4544 elementor-1768\" data-elementor-post-type=\"product\">\n\t\t\t\t\t\t<section class=\"wd-negative-gap elementor-section elementor-top-section elementor-element elementor-element-c937877 elementor-section-boxed elementor-section-height-default elementor-section-height-default\" data-id=\"c937877\" data-element_type=\"section\" data-e-type=\"section\">\n\t\t\t\t\t\t<div class=\"elementor-container elementor-column-gap-default\">\n\t\t\t\t\t<div class=\"elementor-column elementor-col-100 elementor-top-column elementor-element elementor-element-b4e37de\" data-id=\"b4e37de\" data-element_type=\"column\" data-e-type=\"column\">\n\t\t\t<div class=\"elementor-widget-wrap elementor-element-populated\">\n\t\t\t\t\t\t<div class=\"elementor-element elementor-element-e076ef1 elementor-widget elementor-widget-wd_image_or_svg\" data-id=\"e076ef1\" data-element_type=\"widget\" data-e-type=\"widget\" data-widget_type=\"wd_image_or_svg.default\">\n\t\t\t\t<div class=\"elementor-widget-container\">\n\t\t\t\t\t\n\t\t<div class=\"wd-image text-left\">\n\t\t\t\t\t\t\t\t\t\t\t\t\t<\/div>\n\n\t\t\t\t\t\t<\/div>\n\t\t\t\t<\/div>\n\t\t\t\t<div class=\"elementor-element elementor-element-ebf770c elementor-widget elementor-widget-wd_text_block\" data-id=\"ebf770c\" data-element_type=\"widget\" data-e-type=\"widget\" data-widget_type=\"wd_text_block.default\">\n\t\t\t\t<div class=\"elementor-widget-container\">\n\t\t\t\t\t\t\t<div class=\"wd-text-block reset-last-child text-left\">\n\t\t\t\n\t\t\t<p>La empresa reinterpreta la tradici\u00f3n recurriendo a dise\u00f1adores internacionales para que trabajen con ella y desarrollando nuevas tecnolog\u00edas y materiales para garantizar resultados innovadores y sorprendentes. La pasi\u00f3n es el motor que impulsa a la marca, junto con sus renombrados creativos y colaboradores de alto nivel, a buscar soluciones originales utilizando materiales, m\u00e9todos, herramientas y tecnolog\u00edas avanzados. <\/p>\n\t\t\t\t\t<\/div>\n\t\t\t\t\t\t<\/div>\n\t\t\t\t<\/div>\n\t\t\t\t<div class=\"elementor-element elementor-element-51d04c2 elementor-widget elementor-widget-wd_list\" data-id=\"51d04c2\" data-element_type=\"widget\" data-e-type=\"widget\" data-widget_type=\"wd_list.default\">\n\t\t\t\t<div class=\"elementor-widget-container\">\n\t\t\t\t\t\t\t<ul class=\"wd-list color-scheme- wd-fontsize-s wd-type-image wd-style-default text-left\">\n\t\t\t\t\t\t\t\t\t\t\t<li class=\"elementor-repeater-item-14e774a\">\n\t\t\t\t\t\t\t\t\t\t\t<span class=\"wd-icon\"><img decoding=\"async\"  src=\"https:\/\/staging.stroleecarts.eu\/wp-content\/uploads\/2023\/04\/wd-furniture-dot-list.svg\" title=\"wd-furniture-dot-list\" loading=\"lazy\" width=\"6\" height=\"6\"><\/span>\t\t\t\t\t\n\t\t\t\t\t<span class=\"wd-list-content list-content\">\n\t\t\t\t\t\t\t\t\t\t\t\t\tElige art\u00edculos con una misma combinaci\u00f3n de colores y estilo\t\t\t\t\t\t\t\t\t\t\t<\/span>\n\t\t\t\t<\/li>\n\t\t\t\t\t\t\t\t\t\t\t<li class=\"elementor-repeater-item-f676396\">\n\t\t\t\t\t\t\t\t\t\t\t<span class=\"wd-icon\"><img decoding=\"async\"  src=\"https:\/\/staging.stroleecarts.eu\/wp-content\/uploads\/2023\/04\/wd-furniture-dot-list.svg\" title=\"wd-furniture-dot-list\" loading=\"lazy\" width=\"6\" height=\"6\"><\/span>\t\t\t\t\t\n\t\t\t\t\t<span class=\"wd-list-content list-content\">\n\t\t\t\t\t\t\t\t\t\t\t\t\tTen en cuenta el espacio de la habitaci\u00f3n\t\t\t\t\t\t\t\t\t\t\t<\/span>\n\t\t\t\t<\/li>\n\t\t\t\t\t\t\t\t\t\t\t<li class=\"elementor-repeater-item-5c6fb97\">\n\t\t\t\t\t\t\t\t\t\t\t<span class=\"wd-icon\"><img decoding=\"async\"  src=\"https:\/\/staging.stroleecarts.eu\/wp-content\/uploads\/2023\/04\/wd-furniture-dot-list.svg\" title=\"wd-furniture-dot-list\" loading=\"lazy\" width=\"6\" height=\"6\"><\/span>\t\t\t\t\t\n\t\t\t\t\t<span class=\"wd-list-content list-content\">\n\t\t\t\t\t\t\t\t\t\t\t\t\tNo compres muebles innecesarios\t\t\t\t\t\t\t\t\t\t\t<\/span>\n\t\t\t\t<\/li>\n\t\t\t\t\t<\/ul>\n\n\t\t\t\t\t\t<\/div>\n\t\t\t\t<\/div>\n\t\t\t\t\t<\/div>\n\t\t<\/div>\n\t\t\t\t\t<\/div>\n\t\t<\/section>\n\t\t\t\t<\/div>\n\t\t","protected":false},"excerpt":{"rendered":"<p><strong>Este conjunto incluye 1 bolsa isot\u00e9rmica y 2 bolsas organizadoras de malla m\u00e1s peque\u00f1as no isot\u00e9rmicas.<\/strong><\/p>\n<p>Mant\u00e9n tus alimentos congelados fr\u00edos mientras haces la compra con la bolsa isot\u00e9rmica para congelados, el accesorio perfecto para tu personal shopper. Dos bolsas peque\u00f1as de malla, no isot\u00e9rmicas, te ayudan a mantener todo organizado.  Cada cesta de la compra puede contener 3 bolsas.<\/p>\n<p>Bolsa isot\u00e9rmica:<\/p>\n<ul>\n<li>Se mantiene de pie para facilitar el llenado<\/li>\n<li>Totalmente isot\u00e9rmica<\/li>\n<li>Cremallera de f\u00e1cil cierre<\/li>\n<li>Correas de transporte dobles<\/li>\n<li>Caben 3 en la bolsa de compra personal<\/li>\n<li>Superficie isot\u00e9rmica f\u00e1cil de limpiar<\/li>\n<\/ul>\n","protected":false},"featured_media":6427,"comment_status":"open","ping_status":"closed","template":"","meta":[],"product_brand":[],"product_cat":[126],"product_tag":[139],"class_list":{"0":"post-4544","1":"product","2":"type-product","3":"status-publish","4":"has-post-thumbnail","6":"product_cat-accesorios","7":"product_tag-accesorios","9":"first","10":"instock","11":"shipping-taxable","12":"purchasable","13":"product-type-simple"},"yoast_head":"<!-- This site is optimized with the Yoast SEO plugin v27.4 - https:\/\/yoast.com\/product\/yoast-seo-wordpress\/ -->\n<title>Bolsas isot\u00e9rmicas para congelador Strolee: almacenamiento t\u00e9rmico para carros y cochecitos<\/title>\n<meta name=\"description\" content=\"Descubre las bolsas isot\u00e9rmicas para congelador y organizadoras Strolee: mant\u00e9n frescos los alimentos o los productos para mascotas mientras te desplazas. Duraderas, isot\u00e9rmicas y perfectas para carros de compra o cochecitos. \u00a1Compra ahora!\" \/>\n<meta name=\"robots\" content=\"index, follow, max-snippet:-1, max-image-preview:large, max-video-preview:-1\" \/>\n<link rel=\"canonical\" href=\"https:\/\/staging.stroleecarts.eu\/es\/product\/bolsas-isotermicas-para-congelador-y-organizadoras\/\" \/>\n<meta property=\"og:locale\" content=\"es_ES\" \/>\n<meta property=\"og:type\" content=\"article\" \/>\n<meta property=\"og:title\" content=\"Bolsas isot\u00e9rmicas para congelador Strolee: almacenamiento t\u00e9rmico para carros y cochecitos\" \/>\n<meta property=\"og:description\" content=\"Descubre las bolsas isot\u00e9rmicas para congelador y organizadoras Strolee: mant\u00e9n frescos los alimentos o los productos para mascotas mientras te desplazas. Duraderas, isot\u00e9rmicas y perfectas para carros de compra o cochecitos. \u00a1Compra ahora!\" \/>\n<meta property=\"og:url\" content=\"https:\/\/staging.stroleecarts.eu\/es\/product\/bolsas-isotermicas-para-congelador-y-organizadoras\/\" \/>\n<meta property=\"og:site_name\" content=\"Strolee Carts Europe\" \/>\n<meta property=\"article:modified_time\" content=\"2026-04-03T21:00:10+00:00\" \/>\n<meta property=\"og:image\" content=\"https:\/\/staging.stroleecarts.eu\/wp-content\/uploads\/2025\/10\/Insulated-Freezer-Organizer-Bags.webp\" \/>\n\t<meta property=\"og:image:width\" content=\"1024\" \/>\n\t<meta property=\"og:image:height\" content=\"1024\" \/>\n\t<meta property=\"og:image:type\" content=\"image\/jpeg\" \/>\n<meta name=\"twitter:card\" content=\"summary_large_image\" \/>\n<script type=\"application\/ld+json\" class=\"yoast-schema-graph\">{\"@context\":\"https:\\\/\\\/schema.org\",\"@graph\":[{\"@type\":\"WebPage\",\"@id\":\"https:\\\/\\\/staging.stroleecarts.eu\\\/es\\\/product\\\/bolsas-isotermicas-para-congelador-y-organizadoras\\\/\",\"url\":\"https:\\\/\\\/staging.stroleecarts.eu\\\/es\\\/product\\\/bolsas-isotermicas-para-congelador-y-organizadoras\\\/\",\"name\":\"Bolsas isot\u00e9rmicas para congelador Strolee: almacenamiento t\u00e9rmico para carros y cochecitos\",\"isPartOf\":{\"@id\":\"https:\\\/\\\/staging.stroleecarts.eu\\\/es\\\/#website\"},\"primaryImageOfPage\":{\"@id\":\"https:\\\/\\\/staging.stroleecarts.eu\\\/es\\\/product\\\/bolsas-isotermicas-para-congelador-y-organizadoras\\\/#primaryimage\"},\"image\":{\"@id\":\"https:\\\/\\\/staging.stroleecarts.eu\\\/es\\\/product\\\/bolsas-isotermicas-para-congelador-y-organizadoras\\\/#primaryimage\"},\"thumbnailUrl\":\"https:\\\/\\\/staging.stroleecarts.eu\\\/wp-content\\\/uploads\\\/2025\\\/10\\\/Insulated-Freezer-Organizer-Bags.webp\",\"datePublished\":\"2025-10-29T15:08:05+00:00\",\"dateModified\":\"2026-04-03T21:00:10+00:00\",\"description\":\"Descubre las bolsas isot\u00e9rmicas para congelador y organizadoras Strolee: mant\u00e9n frescos los alimentos o los productos para mascotas mientras te desplazas. Duraderas, isot\u00e9rmicas y perfectas para carros de compra o cochecitos. \u00a1Compra ahora!\",\"breadcrumb\":{\"@id\":\"https:\\\/\\\/staging.stroleecarts.eu\\\/es\\\/product\\\/bolsas-isotermicas-para-congelador-y-organizadoras\\\/#breadcrumb\"},\"inLanguage\":\"es\",\"potentialAction\":[{\"@type\":\"ReadAction\",\"target\":[\"https:\\\/\\\/staging.stroleecarts.eu\\\/es\\\/product\\\/bolsas-isotermicas-para-congelador-y-organizadoras\\\/\"]}]},{\"@type\":\"ImageObject\",\"inLanguage\":\"es\",\"@id\":\"https:\\\/\\\/staging.stroleecarts.eu\\\/es\\\/product\\\/bolsas-isotermicas-para-congelador-y-organizadoras\\\/#primaryimage\",\"url\":\"https:\\\/\\\/staging.stroleecarts.eu\\\/wp-content\\\/uploads\\\/2025\\\/10\\\/Insulated-Freezer-Organizer-Bags.webp\",\"contentUrl\":\"https:\\\/\\\/staging.stroleecarts.eu\\\/wp-content\\\/uploads\\\/2025\\\/10\\\/Insulated-Freezer-Organizer-Bags.webp\",\"width\":1024,\"height\":1024},{\"@type\":\"BreadcrumbList\",\"@id\":\"https:\\\/\\\/staging.stroleecarts.eu\\\/es\\\/product\\\/bolsas-isotermicas-para-congelador-y-organizadoras\\\/#breadcrumb\",\"itemListElement\":[{\"@type\":\"ListItem\",\"position\":1,\"name\":\"Home\",\"item\":\"https:\\\/\\\/staging.stroleecarts.eu\\\/es\\\/\"},{\"@type\":\"ListItem\",\"position\":2,\"name\":\"Private: Tienda_temp\",\"item\":\"https:\\\/\\\/staging.stroleecarts.eu\\\/es\\\/tienda\\\/\"},{\"@type\":\"ListItem\",\"position\":3,\"name\":\"Insulated Freezer &amp; Organizer Bags\"}]},{\"@type\":\"WebSite\",\"@id\":\"https:\\\/\\\/staging.stroleecarts.eu\\\/es\\\/#website\",\"url\":\"https:\\\/\\\/staging.stroleecarts.eu\\\/es\\\/\",\"name\":\"Strolee Carts Europe\",\"description\":\"Innovate Mobility\",\"potentialAction\":[{\"@type\":\"SearchAction\",\"target\":{\"@type\":\"EntryPoint\",\"urlTemplate\":\"https:\\\/\\\/staging.stroleecarts.eu\\\/es\\\/?s={search_term_string}\"},\"query-input\":{\"@type\":\"PropertyValueSpecification\",\"valueRequired\":true,\"valueName\":\"search_term_string\"}}],\"inLanguage\":\"es\"}]}<\/script>\n<!-- \/ Yoast SEO plugin. -->","yoast_head_json":{"title":"Bolsas isot\u00e9rmicas para congelador Strolee: almacenamiento t\u00e9rmico para carros y cochecitos","description":"Descubre las bolsas isot\u00e9rmicas para congelador y organizadoras Strolee: mant\u00e9n frescos los alimentos o los productos para mascotas mientras te desplazas. Duraderas, isot\u00e9rmicas y perfectas para carros de compra o cochecitos. \u00a1Compra ahora!","robots":{"index":"index","follow":"follow","max-snippet":"max-snippet:-1","max-image-preview":"max-image-preview:large","max-video-preview":"max-video-preview:-1"},"canonical":"https:\/\/staging.stroleecarts.eu\/es\/product\/bolsas-isotermicas-para-congelador-y-organizadoras\/","og_locale":"es_ES","og_type":"article","og_title":"Bolsas isot\u00e9rmicas para congelador Strolee: almacenamiento t\u00e9rmico para carros y cochecitos","og_description":"Descubre las bolsas isot\u00e9rmicas para congelador y organizadoras Strolee: mant\u00e9n frescos los alimentos o los productos para mascotas mientras te desplazas. Duraderas, isot\u00e9rmicas y perfectas para carros de compra o cochecitos. \u00a1Compra ahora!","og_url":"https:\/\/staging.stroleecarts.eu\/es\/product\/bolsas-isotermicas-para-congelador-y-organizadoras\/","og_site_name":"Strolee Carts Europe","article_modified_time":"2026-04-03T21:00:10+00:00","og_image":[{"width":1024,"height":1024,"url":"https:\/\/staging.stroleecarts.eu\/wp-content\/uploads\/2025\/10\/Insulated-Freezer-Organizer-Bags.webp","type":"image\/jpeg"}],"twitter_card":"summary_large_image","schema":{"@context":"https:\/\/schema.org","@graph":[{"@type":"WebPage","@id":"https:\/\/staging.stroleecarts.eu\/es\/product\/bolsas-isotermicas-para-congelador-y-organizadoras\/","url":"https:\/\/staging.stroleecarts.eu\/es\/product\/bolsas-isotermicas-para-congelador-y-organizadoras\/","name":"Bolsas isot\u00e9rmicas para congelador Strolee: almacenamiento t\u00e9rmico para carros y cochecitos","isPartOf":{"@id":"https:\/\/staging.stroleecarts.eu\/es\/#website"},"primaryImageOfPage":{"@id":"https:\/\/staging.stroleecarts.eu\/es\/product\/bolsas-isotermicas-para-congelador-y-organizadoras\/#primaryimage"},"image":{"@id":"https:\/\/staging.stroleecarts.eu\/es\/product\/bolsas-isotermicas-para-congelador-y-organizadoras\/#primaryimage"},"thumbnailUrl":"https:\/\/staging.stroleecarts.eu\/wp-content\/uploads\/2025\/10\/Insulated-Freezer-Organizer-Bags.webp","datePublished":"2025-10-29T15:08:05+00:00","dateModified":"2026-04-03T21:00:10+00:00","description":"Descubre las bolsas isot\u00e9rmicas para congelador y organizadoras Strolee: mant\u00e9n frescos los alimentos o los productos para mascotas mientras te desplazas. Duraderas, isot\u00e9rmicas y perfectas para carros de compra o cochecitos. \u00a1Compra ahora!","breadcrumb":{"@id":"https:\/\/staging.stroleecarts.eu\/es\/product\/bolsas-isotermicas-para-congelador-y-organizadoras\/#breadcrumb"},"inLanguage":"es","potentialAction":[{"@type":"ReadAction","target":["https:\/\/staging.stroleecarts.eu\/es\/product\/bolsas-isotermicas-para-congelador-y-organizadoras\/"]}]},{"@type":"ImageObject","inLanguage":"es","@id":"https:\/\/staging.stroleecarts.eu\/es\/product\/bolsas-isotermicas-para-congelador-y-organizadoras\/#primaryimage","url":"https:\/\/staging.stroleecarts.eu\/wp-content\/uploads\/2025\/10\/Insulated-Freezer-Organizer-Bags.webp","contentUrl":"https:\/\/staging.stroleecarts.eu\/wp-content\/uploads\/2025\/10\/Insulated-Freezer-Organizer-Bags.webp","width":1024,"height":1024},{"@type":"BreadcrumbList","@id":"https:\/\/staging.stroleecarts.eu\/es\/product\/bolsas-isotermicas-para-congelador-y-organizadoras\/#breadcrumb","itemListElement":[{"@type":"ListItem","position":1,"name":"Home","item":"https:\/\/staging.stroleecarts.eu\/es\/"},{"@type":"ListItem","position":2,"name":"Private: Tienda_temp","item":"https:\/\/staging.stroleecarts.eu\/es\/tienda\/"},{"@type":"ListItem","position":3,"name":"Insulated Freezer &amp; Organizer Bags"}]},{"@type":"WebSite","@id":"https:\/\/staging.stroleecarts.eu\/es\/#website","url":"https:\/\/staging.stroleecarts.eu\/es\/","name":"Strolee Carts Europe","description":"Innovate Mobility","potentialAction":[{"@type":"SearchAction","target":{"@type":"EntryPoint","urlTemplate":"https:\/\/staging.stroleecarts.eu\/es\/?s={search_term_string}"},"query-input":{"@type":"PropertyValueSpecification","valueRequired":true,"valueName":"search_term_string"}}],"inLanguage":"es"}]}},"_links":{"self":[{"href":"https:\/\/staging.stroleecarts.eu\/es\/wp-json\/wp\/v2\/product\/4544","targetHints":{"allow":["GET"]}}],"collection":[{"href":"https:\/\/staging.stroleecarts.eu\/es\/wp-json\/wp\/v2\/product"}],"about":[{"href":"https:\/\/staging.stroleecarts.eu\/es\/wp-json\/wp\/v2\/types\/product"}],"replies":[{"embeddable":true,"href":"https:\/\/staging.stroleecarts.eu\/es\/wp-json\/wp\/v2\/comments?post=4544"}],"version-history":[{"count":3,"href":"https:\/\/staging.stroleecarts.eu\/es\/wp-json\/wp\/v2\/product\/4544\/revisions"}],"predecessor-version":[{"id":6430,"href":"https:\/\/staging.stroleecarts.eu\/es\/wp-json\/wp\/v2\/product\/4544\/revisions\/6430"}],"wp:featuredmedia":[{"embeddable":true,"href":"https:\/\/staging.stroleecarts.eu\/es\/wp-json\/wp\/v2\/media\/6427"}],"wp:attachment":[{"href":"https:\/\/staging.stroleecarts.eu\/es\/wp-json\/wp\/v2\/media?parent=4544"}],"wp:term":[{"taxonomy":"product_brand","embeddable":true,"href":"https:\/\/staging.stroleecarts.eu\/es\/wp-json\/wp\/v2\/product_brand?post=4544"},{"taxonomy":"product_cat","embeddable":true,"href":"https:\/\/staging.stroleecarts.eu\/es\/wp-json\/wp\/v2\/product_cat?post=4544"},{"taxonomy":"product_tag","embeddable":true,"href":"https:\/\/staging.stroleecarts.eu\/es\/wp-json\/wp\/v2\/product_tag?post=4544"}],"curies":[{"name":"wp","href":"https:\/\/api.w.org\/{rel}","templated":true}]}}