{"id":4217,"date":"2025-11-18T18:22:15","date_gmt":"2025-11-18T18:22:15","guid":{"rendered":"https:\/\/staging.stroleecarts.eu\/comment-faire\/"},"modified":"2026-04-02T23:25:55","modified_gmt":"2026-04-02T23:25:55","slug":"comment-faire","status":"publish","type":"page","link":"https:\/\/staging.stroleecarts.eu\/fr\/comment-faire\/","title":{"rendered":"Comment faire"},"content":{"rendered":"\t\t<div data-elementor-type=\"wp-page\" data-elementor-id=\"4217\" class=\"elementor elementor-4217 elementor-2421\" data-elementor-post-type=\"page\">\n\t\t\t\t<div class=\"wd-negative-gap elementor-element elementor-element-4a6c9bb animated-slow e-flex e-con-boxed elementor-invisible e-con e-parent\" data-id=\"4a6c9bb\" data-element_type=\"container\" data-e-type=\"container\" data-settings=\"{&quot;animation&quot;:&quot;fadeIn&quot;}\">\n\t\t\t\t\t<div class=\"e-con-inner\">\n\t\t\t\t<div class=\"elementor-element elementor-element-fac7feb wd-width-100 elementor-widget elementor-widget-wd_title\" data-id=\"fac7feb\" data-element_type=\"widget\" data-e-type=\"widget\" data-widget_type=\"wd_title.default\">\n\t\t\t\t<div class=\"elementor-widget-container\">\n\t\t\t\t\t\t\t<div class=\"title-wrapper wd-set-mb reset-last-child wd-title-color-default wd-title-style-default wd-title-size-large text-center\">\n\n\t\t\t\n\t\t\t<div class=\"liner-continer\">\n\t\t\t\t<h4 class=\"woodmart-title-container title wd-fontsize-xxl\">Vid\u00e9os d\u2019assemblage et d\u2019utilisation sans outil<\/h4> \n\t\t\t\t\t\t\t<\/div>\n\n\t\t\t\t\t<\/div>\n\t\t\t\t\t\t<\/div>\n\t\t\t\t<\/div>\n\t\t\t\t\t<\/div>\n\t\t\t\t<\/div>\n\t\t<div class=\"wd-negative-gap elementor-element elementor-element-9be4311 e-flex e-con-boxed e-con e-parent\" data-id=\"9be4311\" data-element_type=\"container\" data-e-type=\"container\">\n\t\t\t\t\t<div class=\"e-con-inner\">\n\t\t<div class=\"elementor-element elementor-element-39d087b e-con-full e-flex e-con e-child\" data-id=\"39d087b\" data-element_type=\"container\" data-e-type=\"container\">\n\t\t<div class=\"elementor-element elementor-element-3a679a5 e-con-full animated-slow e-flex elementor-invisible e-con e-child\" data-id=\"3a679a5\" data-element_type=\"container\" data-e-type=\"container\" data-settings=\"{&quot;background_background&quot;:&quot;slideshow&quot;,&quot;background_slideshow_gallery&quot;:[{&quot;id&quot;:4219,&quot;url&quot;:&quot;http:\\\/\\\/staging.stroleecarts.eu\\\/wp-content\\\/uploads\\\/2025\\\/11\\\/8.webp&quot;}],&quot;animation&quot;:&quot;fadeIn&quot;,&quot;background_slideshow_loop&quot;:&quot;yes&quot;,&quot;background_slideshow_slide_duration&quot;:5000,&quot;background_slideshow_slide_transition&quot;:&quot;fade&quot;,&quot;background_slideshow_transition_duration&quot;:500}\">\n\t\t\t\t<div class=\"elementor-element elementor-element-52c9880 elementor-widget elementor-widget-heading\" data-id=\"52c9880\" data-element_type=\"widget\" data-e-type=\"widget\" data-widget_type=\"heading.default\">\n\t\t\t\t\t<h2 class=\"elementor-heading-title elementor-size-default\">Stability Pet<\/h2>\t\t\t\t<\/div>\n\t\t\t\t<div class=\"elementor-element elementor-element-4a5db33 elementor-widget elementor-widget-wd_button\" data-id=\"4a5db33\" data-element_type=\"widget\" data-e-type=\"widget\" data-widget_type=\"wd_button.default\">\n\t\t\t\t<div class=\"elementor-widget-container\">\n\t\t\t\t\t\t\t<div class=\"wd-button-wrapper text-center\" >\n\t\t\t<a class=\"btn btn-style-default btn-shape-round btn-size-large btn-icon-pos-right\"  href=\"https:\/\/staging.stroleecarts.eu\/fr\/assemblage-de-la-poussette-pour-animaux-de-compagnie\/\">\n\t\t\t\t<span class=\"wd-btn-text\" data-elementor-setting-key=\"text\">\n\t\t\t\t\tComment assembler\t\t\t\t<\/span>\n\n\t\t\t\t\t\t\t<\/a>\n\t\t<\/div>\n\t\t\t\t\t\t<\/div>\n\t\t\t\t<\/div>\n\t\t\t\t<\/div>\n\t\t<div class=\"elementor-element elementor-element-a2c1dee e-con-full animated-slow e-flex elementor-invisible e-con e-child\" data-id=\"a2c1dee\" data-element_type=\"container\" data-e-type=\"container\" data-settings=\"{&quot;background_background&quot;:&quot;slideshow&quot;,&quot;background_slideshow_gallery&quot;:[{&quot;id&quot;:4220,&quot;url&quot;:&quot;http:\\\/\\\/staging.stroleecarts.eu\\\/wp-content\\\/uploads\\\/2025\\\/11\\\/personal_shopper_shadow.webp&quot;}],&quot;animation&quot;:&quot;fadeIn&quot;,&quot;animation_delay&quot;:200,&quot;background_slideshow_loop&quot;:&quot;yes&quot;,&quot;background_slideshow_slide_duration&quot;:5000,&quot;background_slideshow_slide_transition&quot;:&quot;fade&quot;,&quot;background_slideshow_transition_duration&quot;:500}\">\n\t\t\t\t<div class=\"elementor-element elementor-element-0c2d6c5 elementor-widget elementor-widget-heading\" data-id=\"0c2d6c5\" data-element_type=\"widget\" data-e-type=\"widget\" data-widget_type=\"heading.default\">\n\t\t\t\t\t<h2 class=\"elementor-heading-title elementor-size-default\">Stability Shopper<\/h2>\t\t\t\t<\/div>\n\t\t\t\t<div class=\"elementor-element elementor-element-567a77f elementor-widget elementor-widget-wd_button\" data-id=\"567a77f\" data-element_type=\"widget\" data-e-type=\"widget\" data-widget_type=\"wd_button.default\">\n\t\t\t\t<div class=\"elementor-widget-container\">\n\t\t\t\t\t\t\t<div class=\"wd-button-wrapper text-center\" >\n\t\t\t<a class=\"btn btn-style-default btn-shape-round btn-size-large btn-icon-pos-right\"  href=\"https:\/\/staging.stroleecarts.eu\/fr\/assemblage-de-la-poussette-stability\/\">\n\t\t\t\t<span class=\"wd-btn-text\" data-elementor-setting-key=\"text\">\n\t\t\t\t\tComment assembler\t\t\t\t<\/span>\n\n\t\t\t\t\t\t\t<\/a>\n\t\t<\/div>\n\t\t\t\t\t\t<\/div>\n\t\t\t\t<\/div>\n\t\t\t\t<\/div>\n\t\t<div class=\"elementor-element elementor-element-9c1d8f0 e-con-full animated-slow e-flex elementor-invisible e-con e-child\" data-id=\"9c1d8f0\" data-element_type=\"container\" data-e-type=\"container\" data-settings=\"{&quot;background_background&quot;:&quot;slideshow&quot;,&quot;background_slideshow_gallery&quot;:[{&quot;id&quot;:4221,&quot;url&quot;:&quot;http:\\\/\\\/staging.stroleecarts.eu\\\/wp-content\\\/uploads\\\/2025\\\/11\\\/1stroleepetcart_ab2845d6-a002-4477-bf19-c983420a9bda.webp&quot;}],&quot;animation&quot;:&quot;fadeIn&quot;,&quot;animation_delay&quot;:400,&quot;background_slideshow_loop&quot;:&quot;yes&quot;,&quot;background_slideshow_slide_duration&quot;:5000,&quot;background_slideshow_slide_transition&quot;:&quot;fade&quot;,&quot;background_slideshow_transition_duration&quot;:500}\">\n\t\t\t\t<div class=\"elementor-element elementor-element-f8f6c95 elementor-widget elementor-widget-heading\" data-id=\"f8f6c95\" data-element_type=\"widget\" data-e-type=\"widget\" data-widget_type=\"heading.default\">\n\t\t\t\t\t<h2 class=\"elementor-heading-title elementor-size-default\">Lower Pet Carrier<\/h2>\t\t\t\t<\/div>\n\t\t\t\t<div class=\"elementor-element elementor-element-6b8b2e1 elementor-widget elementor-widget-wd_button\" data-id=\"6b8b2e1\" data-element_type=\"widget\" data-e-type=\"widget\" data-widget_type=\"wd_button.default\">\n\t\t\t\t<div class=\"elementor-widget-container\">\n\t\t\t\t\t\t\t<div class=\"wd-button-wrapper text-center\" >\n\t\t\t<a class=\"btn btn-style-default btn-shape-round btn-size-large btn-icon-pos-right\"  href=\"http:\/\/!--[CDATA[\/lower-pet-seat-assembly\/%5D%5D--\">\n\t\t\t\t<span class=\"wd-btn-text\" data-elementor-setting-key=\"text\">\n\t\t\t\t\tComment assembler\t\t\t\t<\/span>\n\n\t\t\t\t\t\t\t<\/a>\n\t\t<\/div>\n\t\t\t\t\t\t<\/div>\n\t\t\t\t<\/div>\n\t\t\t\t<\/div>\n\t\t\t\t<\/div>\n\t\t\t\t\t<\/div>\n\t\t\t\t<\/div>\n\t\t<div class=\"elementor-element elementor-element-8eb4761 animated-slow e-flex e-con-boxed elementor-invisible e-con e-parent\" data-id=\"8eb4761\" data-element_type=\"container\" data-e-type=\"container\" data-settings=\"{&quot;animation&quot;:&quot;fadeIn&quot;}\">\n\t\t\t\t\t<div class=\"e-con-inner\">\n\t\t<div class=\"elementor-element elementor-element-62bbffc e-con-full e-flex e-con e-child\" data-id=\"62bbffc\" data-element_type=\"container\" data-e-type=\"container\">\n\t\t\t\t<div class=\"elementor-element elementor-element-7feb54d wd-width-100 elementor-widget elementor-widget-wd_title\" data-id=\"7feb54d\" data-element_type=\"widget\" data-e-type=\"widget\" data-widget_type=\"wd_title.default\">\n\t\t\t\t<div class=\"elementor-widget-container\">\n\t\t\t\t\t\t\t<div class=\"title-wrapper wd-set-mb reset-last-child wd-title-color-default wd-title-style-default wd-title-size-large text-center\">\n\n\t\t\t\n\t\t\t<div class=\"liner-continer\">\n\t\t\t\t<h4 class=\"woodmart-title-container title wd-fontsize-xxl\">Avez-vous des questions&nbsp;?<\/h4> \n\t\t\t\t\t\t\t<\/div>\n\n\t\t\t\t\t<\/div>\n\t\t\t\t\t\t<\/div>\n\t\t\t\t<\/div>\n\t\t\t\t<\/div>\n\t\t<div class=\"elementor-element elementor-element-f93df6a e-con-full e-flex e-con e-child\" data-id=\"f93df6a\" data-element_type=\"container\" data-e-type=\"container\">\n\t\t\t\t<div class=\"elementor-element elementor-element-550869a color-scheme-inherit text-left elementor-widget elementor-widget-text-editor\" data-id=\"550869a\" data-element_type=\"widget\" data-e-type=\"widget\" data-widget_type=\"text-editor.default\">\n\t\t\t\t\t\t\t\t\t<p>Nous serions RAVIS de vous entendre&nbsp;! N\u2019h\u00e9sitez pas \u00e0 remplir le formulaire de contact pour toute question, commentaire ou pr\u00e9occupation. Nous vous r\u00e9pondrons d\u00e8s que possible&nbsp;! Merci d\u2019avoir choisi Strolee&nbsp;!  <\/p>\t\t\t\t\t\t\t\t<\/div>\n\t\t\t\t<\/div>\n\t\t<div class=\"elementor-element elementor-element-2284bd1 e-con-full e-flex e-con e-child\" data-id=\"2284bd1\" data-element_type=\"container\" data-e-type=\"container\">\n\t\t\t\t<div class=\"elementor-element elementor-element-d7e8194 elementor-button-align-stretch elementor-widget elementor-widget-form\" data-id=\"d7e8194\" data-element_type=\"widget\" data-e-type=\"widget\" data-settings=\"{&quot;step_next_label&quot;:&quot;Suivant&quot;,&quot;step_previous_label&quot;:&quot;Pr\\u00e9c\\u00e9dent&quot;,&quot;button_width&quot;:&quot;100&quot;,&quot;step_type&quot;:&quot;number_text&quot;,&quot;step_icon_shape&quot;:&quot;circle&quot;}\" data-widget_type=\"form.default\">\n\t\t\t\t\t\t\t<form class=\"elementor-form\" method=\"post\" id=\"connectstrolee\" name=\"connectstrolee\" aria-label=\"connectstrolee\">\n\t\t\t<input type=\"hidden\" name=\"post_id\" value=\"4217\"\/>\n\t\t\t<input type=\"hidden\" name=\"form_id\" value=\"d7e8194\"\/>\n\t\t\t<input type=\"hidden\" name=\"referer_title\" value=\"Comment assembler et utiliser les chariots Strolee \u2013 Strolee Carts Europe\" \/>\n\n\t\t\t\t\t\t\t<input type=\"hidden\" name=\"queried_id\" value=\"4217\"\/>\n\t\t\t\n\t\t\t<div class=\"elementor-form-fields-wrapper elementor-labels-\">\n\t\t\t\t\t\t\t\t<div class=\"elementor-field-type-text elementor-field-group elementor-column elementor-field-group-name elementor-col-100 elementor-field-required\">\n\t\t\t\t\t\t\t\t\t\t\t\t<label for=\"form-field-name\" class=\"elementor-field-label elementor-screen-only\">\n\t\t\t\t\t\t\t\tNom\t\t\t\t\t\t\t<\/label>\n\t\t\t\t\t\t\t\t\t\t\t\t\t\t<input size=\"1\" type=\"text\" name=\"form_fields[name]\" id=\"form-field-name\" class=\"elementor-field elementor-size-lg  elementor-field-textual\" placeholder=\"Nom\" required=\"required\">\n\t\t\t\t\t\t\t\t\t\t\t<\/div>\n\t\t\t\t\t\t\t\t<div class=\"elementor-field-type-email elementor-field-group elementor-column elementor-field-group-email elementor-col-100 elementor-field-required\">\n\t\t\t\t\t\t\t\t\t\t\t\t<label for=\"form-field-email\" class=\"elementor-field-label elementor-screen-only\">\n\t\t\t\t\t\t\t\tE-mail\t\t\t\t\t\t\t<\/label>\n\t\t\t\t\t\t\t\t\t\t\t\t\t\t<input size=\"1\" type=\"email\" name=\"form_fields[email]\" id=\"form-field-email\" class=\"elementor-field elementor-size-lg  elementor-field-textual\" placeholder=\"E-mail\" required=\"required\">\n\t\t\t\t\t\t\t\t\t\t\t<\/div>\n\t\t\t\t\t\t\t\t<div class=\"elementor-field-type-textarea elementor-field-group elementor-column elementor-field-group-message elementor-col-100 elementor-field-required\">\n\t\t\t\t\t\t\t\t\t\t\t\t<label for=\"form-field-message\" class=\"elementor-field-label elementor-screen-only\">\n\t\t\t\t\t\t\t\tMessage\t\t\t\t\t\t\t<\/label>\n\t\t\t\t\t\t<textarea class=\"elementor-field-textual elementor-field  elementor-size-lg\" name=\"form_fields[message]\" id=\"form-field-message\" rows=\"4\" placeholder=\"Message\" required=\"required\"><\/textarea>\t\t\t\t<\/div>\n\t\t\t\t\t\t\t\t<div class=\"elementor-field-type-acceptance elementor-field-group elementor-column elementor-field-group-acceptance elementor-col-100 elementor-field-required\">\n\t\t\t\t\t\t\t\t\t\t\t\t<label for=\"form-field-acceptance\" class=\"elementor-field-label elementor-screen-only\">\n\t\t\t\t\t\t\t\tAcceptation\t\t\t\t\t\t\t<\/label>\n\t\t\t\t\t\t\t\t<div class=\"elementor-field-subgroup\">\n\t\t\t<span class=\"elementor-field-option\">\n\t\t\t\t<input type=\"checkbox\" name=\"form_fields[acceptance]\" id=\"form-field-acceptance\" class=\"elementor-field elementor-size-lg  elementor-acceptance-field\" required=\"required\">\n\t\t\t\t<label for=\"form-field-acceptance\">J\u2019accepte l\u2019utilisation de mes donn\u00e9es personnelles dans le but de r\u00e9pondre \u00e0 ma demande.<\/label>\t\t\t<\/span>\n\t\t<\/div>\n\t\t\t\t\t\t<\/div>\n\t\t\t\t\t\t\t\t<div class=\"elementor-field-group elementor-column elementor-field-type-submit elementor-col-100 e-form__buttons\">\n\t\t\t\t\t<button class=\"elementor-button elementor-size-lg\" type=\"submit\">\n\t\t\t\t\t\t<span class=\"elementor-button-content-wrapper\">\n\t\t\t\t\t\t\t\t\t\t\t\t\t\t\t\t\t\t\t\t\t\t<span class=\"elementor-button-text\">Envoyer<\/span>\n\t\t\t\t\t\t\t\t\t\t\t\t\t<\/span>\n\t\t\t\t\t<\/button>\n\t\t\t\t<\/div>\n\t\t\t<\/div>\n\t\t<\/form>\n\t\t\t\t\t\t<\/div>\n\t\t\t\t<\/div>\n\t\t\t\t\t<\/div>\n\t\t\t\t<\/div>\n\t\t\t\t<\/div>\n\t\t","protected":false},"excerpt":{"rendered":"<p>Vid\u00e9os d\u2019assemblage et d\u2019utilisation sans outil Stability Pet Comment assembler Stability Shopper Comment assembler Lower Pet Carrier Comment assembler Avez-vous<\/p>\n","protected":false},"author":6,"featured_media":0,"parent":0,"menu_order":0,"comment_status":"closed","ping_status":"closed","template":"elementor_header_footer","meta":{"footnotes":""},"class_list":["post-4217","page","type-page","status-publish","hentry"],"yoast_head":"<!-- This site is optimized with the Yoast SEO plugin v27.4 - https:\/\/yoast.com\/product\/yoast-seo-wordpress\/ -->\n<title>Comment assembler et utiliser les chariots Strolee \u2013 Strolee Carts Europe<\/title>\n<meta name=\"description\" content=\"Apprenez \u00e0 assembler et \u00e0 utiliser facilement votre chariot Strolee \u2014 guides \u00e9tape par \u00e9tape pour les poussettes pour animaux de compagnie, les chariots de stabilit\u00e9 et les si\u00e8ges inf\u00e9rieurs pour animaux de compagnie. Regardez maintenant.\" \/>\n<meta name=\"robots\" content=\"index, follow, max-snippet:-1, max-image-preview:large, max-video-preview:-1\" \/>\n<link rel=\"canonical\" href=\"https:\/\/staging.stroleecarts.eu\/fr\/comment-faire\/\" \/>\n<meta property=\"og:locale\" content=\"fr_FR\" \/>\n<meta property=\"og:type\" content=\"article\" \/>\n<meta property=\"og:title\" content=\"Comment assembler et utiliser les chariots Strolee \u2013 Strolee Carts Europe\" \/>\n<meta property=\"og:description\" content=\"Apprenez \u00e0 assembler et \u00e0 utiliser facilement votre chariot Strolee \u2014 guides \u00e9tape par \u00e9tape pour les poussettes pour animaux de compagnie, les chariots de stabilit\u00e9 et les si\u00e8ges inf\u00e9rieurs pour animaux de compagnie. Regardez maintenant.\" \/>\n<meta property=\"og:url\" content=\"https:\/\/staging.stroleecarts.eu\/fr\/comment-faire\/\" \/>\n<meta property=\"og:site_name\" content=\"Strolee Carts Europe\" \/>\n<meta property=\"article:modified_time\" content=\"2026-04-02T23:25:55+00:00\" \/>\n<meta name=\"twitter:card\" content=\"summary_large_image\" \/>\n<meta name=\"twitter:label1\" content=\"Dur\u00e9e de lecture estim\u00e9e\" \/>\n\t<meta name=\"twitter:data1\" content=\"1 minute\" \/>\n<script type=\"application\/ld+json\" class=\"yoast-schema-graph\">{\"@context\":\"https:\\\/\\\/schema.org\",\"@graph\":[{\"@type\":\"WebPage\",\"@id\":\"https:\\\/\\\/staging.stroleecarts.eu\\\/fr\\\/comment-faire\\\/\",\"url\":\"https:\\\/\\\/staging.stroleecarts.eu\\\/fr\\\/comment-faire\\\/\",\"name\":\"Comment assembler et utiliser les chariots Strolee \u2013 Strolee Carts Europe\",\"isPartOf\":{\"@id\":\"https:\\\/\\\/staging.stroleecarts.eu\\\/fr\\\/#website\"},\"datePublished\":\"2025-11-18T18:22:15+00:00\",\"dateModified\":\"2026-04-02T23:25:55+00:00\",\"description\":\"Apprenez \u00e0 assembler et \u00e0 utiliser facilement votre chariot Strolee \u2014 guides \u00e9tape par \u00e9tape pour les poussettes pour animaux de compagnie, les chariots de stabilit\u00e9 et les si\u00e8ges inf\u00e9rieurs pour animaux de compagnie. Regardez maintenant.\",\"breadcrumb\":{\"@id\":\"https:\\\/\\\/staging.stroleecarts.eu\\\/fr\\\/comment-faire\\\/#breadcrumb\"},\"inLanguage\":\"fr-FR\",\"potentialAction\":[{\"@type\":\"ReadAction\",\"target\":[\"https:\\\/\\\/staging.stroleecarts.eu\\\/fr\\\/comment-faire\\\/\"]}]},{\"@type\":\"BreadcrumbList\",\"@id\":\"https:\\\/\\\/staging.stroleecarts.eu\\\/fr\\\/comment-faire\\\/#breadcrumb\",\"itemListElement\":[{\"@type\":\"ListItem\",\"position\":1,\"name\":\"Home\",\"item\":\"https:\\\/\\\/staging.stroleecarts.eu\\\/fr\\\/\"},{\"@type\":\"ListItem\",\"position\":2,\"name\":\"Comment faire\"}]},{\"@type\":\"WebSite\",\"@id\":\"https:\\\/\\\/staging.stroleecarts.eu\\\/fr\\\/#website\",\"url\":\"https:\\\/\\\/staging.stroleecarts.eu\\\/fr\\\/\",\"name\":\"Strolee Carts Europe\",\"description\":\"Innovate Mobility\",\"potentialAction\":[{\"@type\":\"SearchAction\",\"target\":{\"@type\":\"EntryPoint\",\"urlTemplate\":\"https:\\\/\\\/staging.stroleecarts.eu\\\/fr\\\/?s={search_term_string}\"},\"query-input\":{\"@type\":\"PropertyValueSpecification\",\"valueRequired\":true,\"valueName\":\"search_term_string\"}}],\"inLanguage\":\"fr-FR\"}]}<\/script>\n<!-- \/ Yoast SEO plugin. -->","yoast_head_json":{"title":"Comment assembler et utiliser les chariots Strolee \u2013 Strolee Carts Europe","description":"Apprenez \u00e0 assembler et \u00e0 utiliser facilement votre chariot Strolee \u2014 guides \u00e9tape par \u00e9tape pour les poussettes pour animaux de compagnie, les chariots de stabilit\u00e9 et les si\u00e8ges inf\u00e9rieurs pour animaux de compagnie. Regardez maintenant.","robots":{"index":"index","follow":"follow","max-snippet":"max-snippet:-1","max-image-preview":"max-image-preview:large","max-video-preview":"max-video-preview:-1"},"canonical":"https:\/\/staging.stroleecarts.eu\/fr\/comment-faire\/","og_locale":"fr_FR","og_type":"article","og_title":"Comment assembler et utiliser les chariots Strolee \u2013 Strolee Carts Europe","og_description":"Apprenez \u00e0 assembler et \u00e0 utiliser facilement votre chariot Strolee \u2014 guides \u00e9tape par \u00e9tape pour les poussettes pour animaux de compagnie, les chariots de stabilit\u00e9 et les si\u00e8ges inf\u00e9rieurs pour animaux de compagnie. Regardez maintenant.","og_url":"https:\/\/staging.stroleecarts.eu\/fr\/comment-faire\/","og_site_name":"Strolee Carts Europe","article_modified_time":"2026-04-02T23:25:55+00:00","twitter_card":"summary_large_image","twitter_misc":{"Dur\u00e9e de lecture estim\u00e9e":"1 minute"},"schema":{"@context":"https:\/\/schema.org","@graph":[{"@type":"WebPage","@id":"https:\/\/staging.stroleecarts.eu\/fr\/comment-faire\/","url":"https:\/\/staging.stroleecarts.eu\/fr\/comment-faire\/","name":"Comment assembler et utiliser les chariots Strolee \u2013 Strolee Carts Europe","isPartOf":{"@id":"https:\/\/staging.stroleecarts.eu\/fr\/#website"},"datePublished":"2025-11-18T18:22:15+00:00","dateModified":"2026-04-02T23:25:55+00:00","description":"Apprenez \u00e0 assembler et \u00e0 utiliser facilement votre chariot Strolee \u2014 guides \u00e9tape par \u00e9tape pour les poussettes pour animaux de compagnie, les chariots de stabilit\u00e9 et les si\u00e8ges inf\u00e9rieurs pour animaux de compagnie. Regardez maintenant.","breadcrumb":{"@id":"https:\/\/staging.stroleecarts.eu\/fr\/comment-faire\/#breadcrumb"},"inLanguage":"fr-FR","potentialAction":[{"@type":"ReadAction","target":["https:\/\/staging.stroleecarts.eu\/fr\/comment-faire\/"]}]},{"@type":"BreadcrumbList","@id":"https:\/\/staging.stroleecarts.eu\/fr\/comment-faire\/#breadcrumb","itemListElement":[{"@type":"ListItem","position":1,"name":"Home","item":"https:\/\/staging.stroleecarts.eu\/fr\/"},{"@type":"ListItem","position":2,"name":"Comment faire"}]},{"@type":"WebSite","@id":"https:\/\/staging.stroleecarts.eu\/fr\/#website","url":"https:\/\/staging.stroleecarts.eu\/fr\/","name":"Strolee Carts Europe","description":"Innovate Mobility","potentialAction":[{"@type":"SearchAction","target":{"@type":"EntryPoint","urlTemplate":"https:\/\/staging.stroleecarts.eu\/fr\/?s={search_term_string}"},"query-input":{"@type":"PropertyValueSpecification","valueRequired":true,"valueName":"search_term_string"}}],"inLanguage":"fr-FR"}]}},"_links":{"self":[{"href":"https:\/\/staging.stroleecarts.eu\/fr\/wp-json\/wp\/v2\/pages\/4217","targetHints":{"allow":["GET"]}}],"collection":[{"href":"https:\/\/staging.stroleecarts.eu\/fr\/wp-json\/wp\/v2\/pages"}],"about":[{"href":"https:\/\/staging.stroleecarts.eu\/fr\/wp-json\/wp\/v2\/types\/page"}],"author":[{"embeddable":true,"href":"https:\/\/staging.stroleecarts.eu\/fr\/wp-json\/wp\/v2\/users\/6"}],"replies":[{"embeddable":true,"href":"https:\/\/staging.stroleecarts.eu\/fr\/wp-json\/wp\/v2\/comments?post=4217"}],"version-history":[{"count":17,"href":"https:\/\/staging.stroleecarts.eu\/fr\/wp-json\/wp\/v2\/pages\/4217\/revisions"}],"predecessor-version":[{"id":6333,"href":"https:\/\/staging.stroleecarts.eu\/fr\/wp-json\/wp\/v2\/pages\/4217\/revisions\/6333"}],"wp:attachment":[{"href":"https:\/\/staging.stroleecarts.eu\/fr\/wp-json\/wp\/v2\/media?parent=4217"}],"curies":[{"name":"wp","href":"https:\/\/api.w.org\/{rel}","templated":true}]}}