{"id":4247,"date":"2025-11-19T14:03:25","date_gmt":"2025-11-19T14:03:25","guid":{"rendered":"https:\/\/staging.stroleecarts.eu\/garantie\/"},"modified":"2026-04-02T12:58:44","modified_gmt":"2026-04-02T12:58:44","slug":"garantie","status":"publish","type":"page","link":"https:\/\/staging.stroleecarts.eu\/fr\/garantie\/","title":{"rendered":"Garantie"},"content":{"rendered":"\t\t<div data-elementor-type=\"wp-page\" data-elementor-id=\"4247\" class=\"elementor elementor-4247 elementor-2603\" data-elementor-post-type=\"page\">\n\t\t\t\t<div class=\"wd-negative-gap elementor-element elementor-element-2202dd8 wd-section-stretch animated-slow e-flex e-con-boxed elementor-invisible e-con e-parent\" data-id=\"2202dd8\" data-element_type=\"container\" data-e-type=\"container\" data-settings=\"{&quot;background_background&quot;:&quot;slideshow&quot;,&quot;background_slideshow_gallery&quot;:[{&quot;id&quot;:4074,&quot;url&quot;:&quot;http:\\\/\\\/staging.stroleecarts.eu\\\/wp-content\\\/uploads\\\/2025\\\/11\\\/1strolee_pet_cart.webp&quot;}],&quot;animation&quot;:&quot;fadeIn&quot;,&quot;animation_mobile&quot;:&quot;fadeIn&quot;,&quot;background_slideshow_loop&quot;:&quot;yes&quot;,&quot;background_slideshow_slide_duration&quot;:5000,&quot;background_slideshow_slide_transition&quot;:&quot;fade&quot;,&quot;background_slideshow_transition_duration&quot;:500}\">\n\t\t\t\t\t<div class=\"e-con-inner\">\n\t\t\t\t<div class=\"elementor-element elementor-element-e14c886 wd-width-100 elementor-widget elementor-widget-wd_title\" data-id=\"e14c886\" data-element_type=\"widget\" data-e-type=\"widget\" data-widget_type=\"wd_title.default\">\n\t\t\t\t<div class=\"elementor-widget-container\">\n\t\t\t\t\t\t\t<div class=\"title-wrapper wd-set-mb reset-last-child wd-title-color-default wd-title-style-default wd-title-size-large text-center\">\n\n\t\t\t\n\t\t\t<div class=\"liner-continer\">\n\t\t\t\t<h1 class=\"woodmart-title-container title wd-fontsize-xxl\">La garantie Strolee<\/h1> \n\t\t\t\t\t\t\t<\/div>\n\n\t\t\t\t\t\t\t<div class=\"title-after_title reset-last-child wd-fontsize-s\">\n\t\t\t\t\t<p>Chez Strolee, nous innovons en mati\u00e8re de mobilit\u00e9 pour simplifier les voyages de la vie. Que vous soyez parent, amoureux des animaux ou \u00e2me en qu\u00eate d\u2019aventure, nos poussettes offrent un luxe l\u00e9ger, transformant les moments sur le pouce en souvenirs pr\u00e9cieux. <\/p>\t\t\t\t<\/div>\n\t\t\t\t\t<\/div>\n\t\t\t\t\t\t<\/div>\n\t\t\t\t<\/div>\n\t\t\t\t\t<\/div>\n\t\t\t\t<\/div>\n\t\t<div class=\"elementor-element elementor-element-4a6c9bb animated-slow e-flex e-con-boxed elementor-invisible e-con e-parent\" data-id=\"4a6c9bb\" data-element_type=\"container\" data-e-type=\"container\" data-settings=\"{&quot;animation&quot;:&quot;fadeIn&quot;}\">\n\t\t\t\t\t<div class=\"e-con-inner\">\n\t\t\t\t<div class=\"elementor-element elementor-element-fac7feb wd-width-100 elementor-widget elementor-widget-wd_title\" data-id=\"fac7feb\" data-element_type=\"widget\" data-e-type=\"widget\" data-widget_type=\"wd_title.default\">\n\t\t\t\t<div class=\"elementor-widget-container\">\n\t\t\t\t\t\t\t<div class=\"title-wrapper wd-set-mb reset-last-child wd-title-color-default wd-title-style-default wd-title-size-large text-center\">\n\n\t\t\t\n\t\t\t<div class=\"liner-continer\">\n\t\t\t\t<h2 class=\"woodmart-title-container title wd-fontsize-xxl\">Notre origine<\/h2> \n\t\t\t\t\t\t\t<\/div>\n\n\t\t\t\t\t<\/div>\n\t\t\t\t\t\t<\/div>\n\t\t\t\t<\/div>\n\t\t\t\t<div class=\"elementor-element elementor-element-4492caf color-scheme-inherit text-left elementor-widget elementor-widget-text-editor\" data-id=\"4492caf\" data-element_type=\"widget\" data-e-type=\"widget\" data-widget_type=\"text-editor.default\">\n\t\t\t\t\t\t\t\t\t<p>Dans le monde tr\u00e9pidant d\u2019aujourd\u2019hui, Strolee a constat\u00e9 un besoin non satisfait. Un besoin de poussettes qui s\u2019int\u00e8grent parfaitement \u00e0 nos vies en constante \u00e9volution, qu\u2019il s\u2019agisse d\u2019une journ\u00e9e \u00e0 la plage en famille ou d\u2019une promenade au parc avec nos amis \u00e0 fourrure. <\/p><p>N\u00e9e d\u2019une passion pour simplifier la vie des mamans occup\u00e9es, notre gamme de poussettes est m\u00e9ticuleusement con\u00e7ue pour \u00eatre simple, l\u00e9g\u00e8re et remarquablement durable.<\/p><p>Chez Strolee, nous sommes plus qu\u2019une simple entreprise. Nous sommes une communaut\u00e9 qui c\u00e9l\u00e8bre la joie du voyage. <\/p><p>Quel genre de communaut\u00e9 construirions-nous si nous embauchions des avocats co\u00fbteux pour r\u00e9diger un tas de petits caract\u00e8res dans notre garantie&nbsp;?<\/p><p>C\u2019est pourquoi nous avons demand\u00e9 \u00e0 nos enfants de l\u2019\u00e9crire et nous pensons personnellement qu\u2019ils ont r\u00e9ussi \u00e0 100&nbsp;%&nbsp;!<\/p><p>Nous l\u2019appelons la&#8230;<\/p>\t\t\t\t\t\t\t\t<\/div>\n\t\t\t\t\t<\/div>\n\t\t\t\t<\/div>\n\t\t<div class=\"elementor-element elementor-element-958ef32 animated-slow e-flex e-con-boxed elementor-invisible e-con e-parent\" data-id=\"958ef32\" data-element_type=\"container\" data-e-type=\"container\" data-settings=\"{&quot;animation&quot;:&quot;fadeIn&quot;}\">\n\t\t\t\t\t<div class=\"e-con-inner\">\n\t\t\t\t<div class=\"elementor-element elementor-element-42e57fb wd-width-100 elementor-widget elementor-widget-wd_title\" data-id=\"42e57fb\" data-element_type=\"widget\" data-e-type=\"widget\" data-widget_type=\"wd_title.default\">\n\t\t\t\t<div class=\"elementor-widget-container\">\n\t\t\t\t\t\t\t<div class=\"title-wrapper wd-set-mb reset-last-child wd-title-color-default wd-title-style-default wd-title-size-large text-center\">\n\n\t\t\t\n\t\t\t<div class=\"liner-continer\">\n\t\t\t\t<h2 class=\"woodmart-title-container title wd-fontsize-xxl\">La Garantie Strolee R\u00e9sout Tout!<\/h2> \n\t\t\t\t\t\t\t<\/div>\n\n\t\t\t\t\t<\/div>\n\t\t\t\t\t\t<\/div>\n\t\t\t\t<\/div>\n\t\t\t\t<div class=\"elementor-element elementor-element-7021574 color-scheme-inherit text-left elementor-widget elementor-widget-text-editor\" data-id=\"7021574\" data-element_type=\"widget\" data-e-type=\"widget\" data-widget_type=\"text-editor.default\">\n\t\t\t\t\t\t\t\t\t<p>Alors, qu\u2019est-ce que cela signifie&nbsp;? C\u2019est simple&#8230; <\/p><p><strong>Pendant 2&nbsp;ans apr\u00e8s l\u2019achat de votre Strolee, si elle se casse \u00e0 cause d\u2019un d\u00e9faut de conception ou de fabrication, nous la r\u00e9parons GRATUITEMENT&nbsp;!<\/strong><\/p><p><strong>Les roues se cassent&nbsp;?<\/strong>  &#8211; Pas de probl\u00e8me, nous vous en enverrons de nouvelles d\u00e8s que possible<\/p><p><strong>Le cadre se casse ou se plie&nbsp;?<\/strong>  Vous recevez un nouveau cadre&nbsp;!<\/p><p><strong>Votre chien l\u2019a sortie et a fait des beignes dans le stationnement&nbsp;?<\/strong> Pas de probl\u00e8me ! Nouvelles roues en chemin<\/p><p>Je pense que vous avez compris. Si votre Strolee vous laisse tomber, contactez simplement notre service client\u00e8le et nous ferons le n\u00e9cessaire imm\u00e9diatement&nbsp;! <\/p><p>P.s- Ne perdez pas votre temps \u00e0 chercher les petits caract\u00e8res, car il n\u2019y en a pas&nbsp;!<\/p>\t\t\t\t\t\t\t\t<\/div>\n\t\t\t\t\t<\/div>\n\t\t\t\t<\/div>\n\t\t<div class=\"elementor-element elementor-element-fb30c1d animated-slow e-flex e-con-boxed elementor-invisible e-con e-parent\" data-id=\"fb30c1d\" data-element_type=\"container\" data-e-type=\"container\" data-settings=\"{&quot;animation&quot;:&quot;fadeIn&quot;}\">\n\t\t\t\t\t<div class=\"e-con-inner\">\n\t\t<div class=\"elementor-element elementor-element-617448a e-con-full e-flex e-con e-child\" data-id=\"617448a\" data-element_type=\"container\" data-e-type=\"container\">\n\t\t\t\t<div class=\"elementor-element elementor-element-7757376 wd-width-100 elementor-widget elementor-widget-wd_title\" data-id=\"7757376\" data-element_type=\"widget\" data-e-type=\"widget\" data-widget_type=\"wd_title.default\">\n\t\t\t\t<div class=\"elementor-widget-container\">\n\t\t\t\t\t\t\t<div class=\"title-wrapper wd-set-mb reset-last-child wd-title-color-default wd-title-style-default wd-title-size-large text-center\">\n\n\t\t\t\n\t\t\t<div class=\"liner-continer\">\n\t\t\t\t<h4 class=\"woodmart-title-container title wd-fontsize-xxl\">Avez-vous des questions&nbsp;?<\/h4> \n\t\t\t\t\t\t\t<\/div>\n\n\t\t\t\t\t<\/div>\n\t\t\t\t\t\t<\/div>\n\t\t\t\t<\/div>\n\t\t\t\t<\/div>\n\t\t<div class=\"elementor-element elementor-element-8b03d49 e-con-full e-flex e-con e-child\" data-id=\"8b03d49\" data-element_type=\"container\" data-e-type=\"container\">\n\t\t\t\t<div class=\"elementor-element elementor-element-4cb6db4 color-scheme-inherit text-left elementor-widget elementor-widget-text-editor\" data-id=\"4cb6db4\" data-element_type=\"widget\" data-e-type=\"widget\" data-widget_type=\"text-editor.default\">\n\t\t\t\t\t\t\t\t\t<p>Nous serions RAVIS de vous entendre&nbsp;! N\u2019h\u00e9sitez pas \u00e0 remplir le formulaire de contact pour toute question, commentaire ou pr\u00e9occupation. Nous vous r\u00e9pondrons d\u00e8s que possible&nbsp;! Merci d\u2019avoir choisi Strolee&nbsp;!  <\/p>\t\t\t\t\t\t\t\t<\/div>\n\t\t\t\t<\/div>\n\t\t<div class=\"elementor-element elementor-element-adb7280 e-con-full e-flex e-con e-child\" data-id=\"adb7280\" data-element_type=\"container\" data-e-type=\"container\">\n\t\t\t\t<div class=\"elementor-element elementor-element-9a9f449 elementor-button-align-stretch elementor-widget elementor-widget-form\" data-id=\"9a9f449\" data-element_type=\"widget\" data-e-type=\"widget\" data-settings=\"{&quot;step_next_label&quot;:&quot;Suivant&quot;,&quot;step_previous_label&quot;:&quot;Pr\\u00e9c\\u00e9dent&quot;,&quot;button_width&quot;:&quot;100&quot;,&quot;step_type&quot;:&quot;number_text&quot;,&quot;step_icon_shape&quot;:&quot;circle&quot;}\" data-widget_type=\"form.default\">\n\t\t\t\t\t\t\t<form class=\"elementor-form\" method=\"post\" id=\"connectstrolee\" name=\"connectstrolee\" aria-label=\"connectstrolee\">\n\t\t\t<input type=\"hidden\" name=\"post_id\" value=\"4247\"\/>\n\t\t\t<input type=\"hidden\" name=\"form_id\" value=\"9a9f449\"\/>\n\t\t\t<input type=\"hidden\" name=\"referer_title\" value=\"Garantie et politique de retour de Strolee \u2013 Conditions de garantie en Europe\" \/>\n\n\t\t\t\t\t\t\t<input type=\"hidden\" name=\"queried_id\" value=\"4247\"\/>\n\t\t\t\n\t\t\t<div class=\"elementor-form-fields-wrapper elementor-labels-\">\n\t\t\t\t\t\t\t\t<div class=\"elementor-field-type-text elementor-field-group elementor-column elementor-field-group-name elementor-col-100 elementor-field-required\">\n\t\t\t\t\t\t\t\t\t\t\t\t<label for=\"form-field-name\" class=\"elementor-field-label elementor-screen-only\">\n\t\t\t\t\t\t\t\tNom\t\t\t\t\t\t\t<\/label>\n\t\t\t\t\t\t\t\t\t\t\t\t\t\t<input size=\"1\" type=\"text\" name=\"form_fields[name]\" id=\"form-field-name\" class=\"elementor-field elementor-size-lg  elementor-field-textual\" placeholder=\"Nom\" required=\"required\">\n\t\t\t\t\t\t\t\t\t\t\t<\/div>\n\t\t\t\t\t\t\t\t<div class=\"elementor-field-type-email elementor-field-group elementor-column elementor-field-group-email elementor-col-100 elementor-field-required\">\n\t\t\t\t\t\t\t\t\t\t\t\t<label for=\"form-field-email\" class=\"elementor-field-label elementor-screen-only\">\n\t\t\t\t\t\t\t\tE-mail\t\t\t\t\t\t\t<\/label>\n\t\t\t\t\t\t\t\t\t\t\t\t\t\t<input size=\"1\" type=\"email\" name=\"form_fields[email]\" id=\"form-field-email\" class=\"elementor-field elementor-size-lg  elementor-field-textual\" placeholder=\"E-mail\" required=\"required\">\n\t\t\t\t\t\t\t\t\t\t\t<\/div>\n\t\t\t\t\t\t\t\t<div class=\"elementor-field-type-textarea elementor-field-group elementor-column elementor-field-group-message elementor-col-100 elementor-field-required\">\n\t\t\t\t\t\t\t\t\t\t\t\t<label for=\"form-field-message\" class=\"elementor-field-label elementor-screen-only\">\n\t\t\t\t\t\t\t\tMessage\t\t\t\t\t\t\t<\/label>\n\t\t\t\t\t\t<textarea class=\"elementor-field-textual elementor-field  elementor-size-lg\" name=\"form_fields[message]\" id=\"form-field-message\" rows=\"4\" placeholder=\"Message\" required=\"required\"><\/textarea>\t\t\t\t<\/div>\n\t\t\t\t\t\t\t\t<div class=\"elementor-field-type-acceptance elementor-field-group elementor-column elementor-field-group-acceptance elementor-col-100 elementor-field-required\">\n\t\t\t\t\t\t\t\t\t\t\t\t<label for=\"form-field-acceptance\" class=\"elementor-field-label elementor-screen-only\">\n\t\t\t\t\t\t\t\tAcceptation\t\t\t\t\t\t\t<\/label>\n\t\t\t\t\t\t\t\t<div class=\"elementor-field-subgroup\">\n\t\t\t<span class=\"elementor-field-option\">\n\t\t\t\t<input type=\"checkbox\" name=\"form_fields[acceptance]\" id=\"form-field-acceptance\" class=\"elementor-field elementor-size-lg  elementor-acceptance-field\" required=\"required\">\n\t\t\t\t<label for=\"form-field-acceptance\">J\u2019accepte l\u2019utilisation de mes donn\u00e9es personnelles dans le but de r\u00e9pondre \u00e0 ma demande.<\/label>\t\t\t<\/span>\n\t\t<\/div>\n\t\t\t\t\t\t<\/div>\n\t\t\t\t\t\t\t\t<div class=\"elementor-field-type-recaptcha_v3 elementor-field-group elementor-column elementor-field-group-field_b15106d elementor-col-100 recaptcha_v3-bottomleft\">\n\t\t\t\t\t<div class=\"elementor-field\" id=\"form-field-field_b15106d\"><div class=\"elementor-g-recaptcha\" data-sitekey=\"6Ldb-hgsAAAAAL-71_xxuPU636LVh9i7lSf7v9ct\" data-type=\"v3\" data-action=\"Form\" data-badge=\"bottomleft\" data-size=\"invisible\"><\/div><\/div>\t\t\t\t<\/div>\n\t\t\t\t\t\t\t\t<div class=\"elementor-field-group elementor-column elementor-field-type-submit elementor-col-100 e-form__buttons\">\n\t\t\t\t\t<button class=\"elementor-button elementor-size-lg\" type=\"submit\">\n\t\t\t\t\t\t<span class=\"elementor-button-content-wrapper\">\n\t\t\t\t\t\t\t\t\t\t\t\t\t\t\t\t\t\t\t\t\t\t<span class=\"elementor-button-text\">Envoyer<\/span>\n\t\t\t\t\t\t\t\t\t\t\t\t\t<\/span>\n\t\t\t\t\t<\/button>\n\t\t\t\t<\/div>\n\t\t\t<\/div>\n\t\t<\/form>\n\t\t\t\t\t\t<\/div>\n\t\t\t\t<\/div>\n\t\t\t\t\t<\/div>\n\t\t\t\t<\/div>\n\t\t\t\t<\/div>\n\t\t","protected":false},"excerpt":{"rendered":"<p>La garantie Strolee Chez Strolee, nous innovons en mati\u00e8re de mobilit\u00e9 pour simplifier les voyages de la vie. Que vous<\/p>\n","protected":false},"author":6,"featured_media":0,"parent":0,"menu_order":0,"comment_status":"closed","ping_status":"closed","template":"elementor_header_footer","meta":{"footnotes":""},"class_list":["post-4247","page","type-page","status-publish","hentry"],"yoast_head":"<!-- This site is optimized with the Yoast SEO plugin v27.4 - https:\/\/yoast.com\/product\/yoast-seo-wordpress\/ -->\n<title>Garantie et politique de retour de Strolee \u2013 Conditions de garantie en Europe<\/title>\n<meta name=\"description\" content=\"Consultez la garantie et la politique de retour de Strolee\u00a0: d\u00e9couvrez la couverture, la dur\u00e9e de la garantie, les retours et l\u2019assistance pour votre chariot ou poussette pour animaux de compagnie. Contactez-nous pour tout probl\u00e8me.\" \/>\n<meta name=\"robots\" content=\"index, follow, max-snippet:-1, max-image-preview:large, max-video-preview:-1\" \/>\n<link rel=\"canonical\" href=\"https:\/\/staging.stroleecarts.eu\/fr\/garantie\/\" \/>\n<meta property=\"og:locale\" content=\"fr_FR\" \/>\n<meta property=\"og:type\" content=\"article\" \/>\n<meta property=\"og:title\" content=\"Garantie et politique de retour de Strolee \u2013 Conditions de garantie en Europe\" \/>\n<meta property=\"og:description\" content=\"Consultez la garantie et la politique de retour de Strolee\u00a0: d\u00e9couvrez la couverture, la dur\u00e9e de la garantie, les retours et l\u2019assistance pour votre chariot ou poussette pour animaux de compagnie. Contactez-nous pour tout probl\u00e8me.\" \/>\n<meta property=\"og:url\" content=\"https:\/\/staging.stroleecarts.eu\/fr\/garantie\/\" \/>\n<meta property=\"og:site_name\" content=\"Strolee Carts Europe\" \/>\n<meta property=\"article:modified_time\" content=\"2026-04-02T12:58:44+00:00\" \/>\n<meta name=\"twitter:card\" content=\"summary_large_image\" \/>\n<meta name=\"twitter:label1\" content=\"Dur\u00e9e de lecture estim\u00e9e\" \/>\n\t<meta name=\"twitter:data1\" content=\"2 minutes\" \/>\n<script type=\"application\/ld+json\" class=\"yoast-schema-graph\">{\"@context\":\"https:\\\/\\\/schema.org\",\"@graph\":[{\"@type\":\"WebPage\",\"@id\":\"https:\\\/\\\/staging.stroleecarts.eu\\\/fr\\\/garantie\\\/\",\"url\":\"https:\\\/\\\/staging.stroleecarts.eu\\\/fr\\\/garantie\\\/\",\"name\":\"Garantie et politique de retour de Strolee \u2013 Conditions de garantie en Europe\",\"isPartOf\":{\"@id\":\"https:\\\/\\\/staging.stroleecarts.eu\\\/fr\\\/#website\"},\"datePublished\":\"2025-11-19T14:03:25+00:00\",\"dateModified\":\"2026-04-02T12:58:44+00:00\",\"description\":\"Consultez la garantie et la politique de retour de Strolee\u00a0: d\u00e9couvrez la couverture, la dur\u00e9e de la garantie, les retours et l\u2019assistance pour votre chariot ou poussette pour animaux de compagnie. Contactez-nous pour tout probl\u00e8me.\",\"breadcrumb\":{\"@id\":\"https:\\\/\\\/staging.stroleecarts.eu\\\/fr\\\/garantie\\\/#breadcrumb\"},\"inLanguage\":\"fr-FR\",\"potentialAction\":[{\"@type\":\"ReadAction\",\"target\":[\"https:\\\/\\\/staging.stroleecarts.eu\\\/fr\\\/garantie\\\/\"]}]},{\"@type\":\"BreadcrumbList\",\"@id\":\"https:\\\/\\\/staging.stroleecarts.eu\\\/fr\\\/garantie\\\/#breadcrumb\",\"itemListElement\":[{\"@type\":\"ListItem\",\"position\":1,\"name\":\"Home\",\"item\":\"https:\\\/\\\/staging.stroleecarts.eu\\\/fr\\\/\"},{\"@type\":\"ListItem\",\"position\":2,\"name\":\"Garantie\"}]},{\"@type\":\"WebSite\",\"@id\":\"https:\\\/\\\/staging.stroleecarts.eu\\\/fr\\\/#website\",\"url\":\"https:\\\/\\\/staging.stroleecarts.eu\\\/fr\\\/\",\"name\":\"Strolee Carts Europe\",\"description\":\"Innovate Mobility\",\"potentialAction\":[{\"@type\":\"SearchAction\",\"target\":{\"@type\":\"EntryPoint\",\"urlTemplate\":\"https:\\\/\\\/staging.stroleecarts.eu\\\/fr\\\/?s={search_term_string}\"},\"query-input\":{\"@type\":\"PropertyValueSpecification\",\"valueRequired\":true,\"valueName\":\"search_term_string\"}}],\"inLanguage\":\"fr-FR\"}]}<\/script>\n<!-- \/ Yoast SEO plugin. -->","yoast_head_json":{"title":"Garantie et politique de retour de Strolee \u2013 Conditions de garantie en Europe","description":"Consultez la garantie et la politique de retour de Strolee\u00a0: d\u00e9couvrez la couverture, la dur\u00e9e de la garantie, les retours et l\u2019assistance pour votre chariot ou poussette pour animaux de compagnie. Contactez-nous pour tout probl\u00e8me.","robots":{"index":"index","follow":"follow","max-snippet":"max-snippet:-1","max-image-preview":"max-image-preview:large","max-video-preview":"max-video-preview:-1"},"canonical":"https:\/\/staging.stroleecarts.eu\/fr\/garantie\/","og_locale":"fr_FR","og_type":"article","og_title":"Garantie et politique de retour de Strolee \u2013 Conditions de garantie en Europe","og_description":"Consultez la garantie et la politique de retour de Strolee\u00a0: d\u00e9couvrez la couverture, la dur\u00e9e de la garantie, les retours et l\u2019assistance pour votre chariot ou poussette pour animaux de compagnie. Contactez-nous pour tout probl\u00e8me.","og_url":"https:\/\/staging.stroleecarts.eu\/fr\/garantie\/","og_site_name":"Strolee Carts Europe","article_modified_time":"2026-04-02T12:58:44+00:00","twitter_card":"summary_large_image","twitter_misc":{"Dur\u00e9e de lecture estim\u00e9e":"2 minutes"},"schema":{"@context":"https:\/\/schema.org","@graph":[{"@type":"WebPage","@id":"https:\/\/staging.stroleecarts.eu\/fr\/garantie\/","url":"https:\/\/staging.stroleecarts.eu\/fr\/garantie\/","name":"Garantie et politique de retour de Strolee \u2013 Conditions de garantie en Europe","isPartOf":{"@id":"https:\/\/staging.stroleecarts.eu\/fr\/#website"},"datePublished":"2025-11-19T14:03:25+00:00","dateModified":"2026-04-02T12:58:44+00:00","description":"Consultez la garantie et la politique de retour de Strolee\u00a0: d\u00e9couvrez la couverture, la dur\u00e9e de la garantie, les retours et l\u2019assistance pour votre chariot ou poussette pour animaux de compagnie. Contactez-nous pour tout probl\u00e8me.","breadcrumb":{"@id":"https:\/\/staging.stroleecarts.eu\/fr\/garantie\/#breadcrumb"},"inLanguage":"fr-FR","potentialAction":[{"@type":"ReadAction","target":["https:\/\/staging.stroleecarts.eu\/fr\/garantie\/"]}]},{"@type":"BreadcrumbList","@id":"https:\/\/staging.stroleecarts.eu\/fr\/garantie\/#breadcrumb","itemListElement":[{"@type":"ListItem","position":1,"name":"Home","item":"https:\/\/staging.stroleecarts.eu\/fr\/"},{"@type":"ListItem","position":2,"name":"Garantie"}]},{"@type":"WebSite","@id":"https:\/\/staging.stroleecarts.eu\/fr\/#website","url":"https:\/\/staging.stroleecarts.eu\/fr\/","name":"Strolee Carts Europe","description":"Innovate Mobility","potentialAction":[{"@type":"SearchAction","target":{"@type":"EntryPoint","urlTemplate":"https:\/\/staging.stroleecarts.eu\/fr\/?s={search_term_string}"},"query-input":{"@type":"PropertyValueSpecification","valueRequired":true,"valueName":"search_term_string"}}],"inLanguage":"fr-FR"}]}},"_links":{"self":[{"href":"https:\/\/staging.stroleecarts.eu\/fr\/wp-json\/wp\/v2\/pages\/4247","targetHints":{"allow":["GET"]}}],"collection":[{"href":"https:\/\/staging.stroleecarts.eu\/fr\/wp-json\/wp\/v2\/pages"}],"about":[{"href":"https:\/\/staging.stroleecarts.eu\/fr\/wp-json\/wp\/v2\/types\/page"}],"author":[{"embeddable":true,"href":"https:\/\/staging.stroleecarts.eu\/fr\/wp-json\/wp\/v2\/users\/6"}],"replies":[{"embeddable":true,"href":"https:\/\/staging.stroleecarts.eu\/fr\/wp-json\/wp\/v2\/comments?post=4247"}],"version-history":[{"count":5,"href":"https:\/\/staging.stroleecarts.eu\/fr\/wp-json\/wp\/v2\/pages\/4247\/revisions"}],"predecessor-version":[{"id":6257,"href":"https:\/\/staging.stroleecarts.eu\/fr\/wp-json\/wp\/v2\/pages\/4247\/revisions\/6257"}],"wp:attachment":[{"href":"https:\/\/staging.stroleecarts.eu\/fr\/wp-json\/wp\/v2\/media?parent=4247"}],"curies":[{"name":"wp","href":"https:\/\/api.w.org\/{rel}","templated":true}]}}