{"id":4248,"date":"2025-11-19T14:58:24","date_gmt":"2025-11-19T14:58:24","guid":{"rendered":"https:\/\/staging.stroleecarts.eu\/politique-de-remboursement\/"},"modified":"2026-01-22T14:57:11","modified_gmt":"2026-01-22T14:57:11","slug":"politique-de-remboursement","status":"publish","type":"page","link":"https:\/\/staging.stroleecarts.eu\/fr\/politique-de-remboursement\/","title":{"rendered":"Politique de remboursement"},"content":{"rendered":"\t\t<div data-elementor-type=\"wp-page\" data-elementor-id=\"4248\" class=\"elementor elementor-4248 elementor-2638\" data-elementor-post-type=\"page\">\n\t\t\t\t<div class=\"wd-negative-gap elementor-element elementor-element-2202dd8 wd-section-stretch e-flex e-con-boxed e-con e-parent\" data-id=\"2202dd8\" data-element_type=\"container\" data-e-type=\"container\" data-settings=\"{&quot;background_background&quot;:&quot;slideshow&quot;,&quot;background_slideshow_gallery&quot;:[{&quot;id&quot;:4074,&quot;url&quot;:&quot;http:\\\/\\\/staging.stroleecarts.eu\\\/wp-content\\\/uploads\\\/2025\\\/11\\\/1strolee_pet_cart.webp&quot;}],&quot;background_slideshow_loop&quot;:&quot;yes&quot;,&quot;background_slideshow_slide_duration&quot;:5000,&quot;background_slideshow_slide_transition&quot;:&quot;fade&quot;,&quot;background_slideshow_transition_duration&quot;:500}\">\n\t\t\t\t\t<div class=\"e-con-inner\">\n\t\t\t\t<div class=\"elementor-element elementor-element-e14c886 wd-width-100 elementor-widget elementor-widget-wd_title\" data-id=\"e14c886\" data-element_type=\"widget\" data-e-type=\"widget\" data-widget_type=\"wd_title.default\">\n\t\t\t\t<div class=\"elementor-widget-container\">\n\t\t\t\t\t\t\t<div class=\"title-wrapper wd-set-mb reset-last-child wd-title-color-default wd-title-style-default wd-title-size-large text-center\">\n\n\t\t\t\n\t\t\t<div class=\"liner-continer\">\n\t\t\t\t<h4 class=\"woodmart-title-container title wd-fontsize-xxl\">Politique de remboursement et de retour<\/h4> \n\t\t\t\t\t\t\t<\/div>\n\n\t\t\t\t\t<\/div>\n\t\t\t\t\t\t<\/div>\n\t\t\t\t<\/div>\n\t\t\t\t\t<\/div>\n\t\t\t\t<\/div>\n\t\t<div class=\"elementor-element elementor-element-663a0ff animated-slow e-flex e-con-boxed elementor-invisible e-con e-parent\" data-id=\"663a0ff\" data-element_type=\"container\" data-e-type=\"container\" data-settings=\"{&quot;animation&quot;:&quot;fadeIn&quot;}\">\n\t\t\t\t\t<div class=\"e-con-inner\">\n\t\t\t\t<div class=\"elementor-element elementor-element-85d68a2 wd-width-100 elementor-widget elementor-widget-wd_title\" data-id=\"85d68a2\" data-element_type=\"widget\" data-e-type=\"widget\" data-widget_type=\"wd_title.default\">\n\t\t\t\t<div class=\"elementor-widget-container\">\n\t\t\t\t\t\t\t<div class=\"title-wrapper wd-set-mb reset-last-child wd-title-color-default wd-title-style-default wd-title-size-large text-center\">\n\n\t\t\t\n\t\t\t<div class=\"liner-continer\">\n\t\t\t\t<h2 class=\"woodmart-title-container title wd-fontsize-xxl\">Notre remboursement<\/h2> \n\t\t\t\t\t\t\t<\/div>\n\n\t\t\t\t\t<\/div>\n\t\t\t\t\t\t<\/div>\n\t\t\t\t<\/div>\n\t\t\t\t<div class=\"elementor-element elementor-element-46eb0d4 color-scheme-inherit text-left elementor-widget elementor-widget-text-editor\" data-id=\"46eb0d4\" data-element_type=\"widget\" data-e-type=\"widget\" data-widget_type=\"text-editor.default\">\n\t\t\t\t\t\t\t\t\t<p>Chez Strolee, nous sommes tellement convaincus que vous allez adorer notre produit&nbsp;! <strong>Nous acceptons les retours jusqu\u2019\u00e0 30&nbsp;jours<\/strong> apr\u00e8s l\u2019achat, \u00e0 condition que l\u2019article soit <strong>test\u00e9 \u00e0 l\u2019int\u00e9rieur seulement<\/strong> et qu\u2019il soit <strong>\u00e0 l\u2019\u00e9tat neuf<\/strong>, <strong>dans un \u00e9tat revendable avec tous les emballages, \u00e9tiquettes et informations de s\u00e9curit\u00e9 d\u2019origine intacts<\/strong>.<\/p><p>Si nous devons r\u00e9parer le produit lors de la remise en stock, nous pourrions devoir vous facturer des frais de restockage. Les roues usag\u00e9es ou \u00e9rafl\u00e9es sont des exemples d\u2019articles r\u00e9parables. <strong>Si nous recevons une poussette avec des composants sales, tach\u00e9s ou non r\u00e9parables, le produit pourrait ne pas \u00eatre admissible \u00e0 un remboursement<\/strong>. Le service \u00e0 la client\u00e8le peut s\u2019organiser pour vous retourner les articles non remboursables.   <\/p><p>Dans la plupart des cas, nous tenterons de vous envoyer un produit de remplacement appropri\u00e9 avant d\u2019\u00e9mettre un remboursement.<\/p><p>Le remboursement est effectu\u00e9 selon le m\u00eame mode de paiement que celui utilis\u00e9 par le client au moment de l\u2019achat, ou par une autre m\u00e9thode plus pratique apr\u00e8s la bonne r\u00e9ception de l\u2019article retourn\u00e9, dans un d\u00e9lai maximal de 30&nbsp;jours.<\/p><p>Les frais de transaction bancaire ne seront pas rembours\u00e9s. Ces co\u00fbts correspondent \u00e0&nbsp;: 4&nbsp;% sur les cartes de cr\u00e9dit internationales, 4&nbsp;% sur les transactions ATM et MBWay au Portugal et les virements bancaires nationaux ou internationaux selon la banque concern\u00e9e. <\/p>\t\t\t\t\t\t\t\t<\/div>\n\t\t\t\t\t<\/div>\n\t\t\t\t<\/div>\n\t\t<div class=\"elementor-element elementor-element-f27c6e2 animated-slow e-flex e-con-boxed elementor-invisible e-con e-parent\" data-id=\"f27c6e2\" data-element_type=\"container\" data-e-type=\"container\" data-settings=\"{&quot;animation&quot;:&quot;fadeIn&quot;}\">\n\t\t\t\t\t<div class=\"e-con-inner\">\n\t\t\t\t<div class=\"elementor-element elementor-element-8b1ec32 wd-width-100 elementor-widget elementor-widget-wd_title\" data-id=\"8b1ec32\" data-element_type=\"widget\" data-e-type=\"widget\" data-widget_type=\"wd_title.default\">\n\t\t\t\t<div class=\"elementor-widget-container\">\n\t\t\t\t\t\t\t<div class=\"title-wrapper wd-set-mb reset-last-child wd-title-color-default wd-title-style-default wd-title-size-large text-center\">\n\n\t\t\t\n\t\t\t<div class=\"liner-continer\">\n\t\t\t\t<h2 class=\"woodmart-title-container title wd-fontsize-xxl\">Articles non remboursables<\/h2> \n\t\t\t\t\t\t\t<\/div>\n\n\t\t\t\t\t<\/div>\n\t\t\t\t\t\t<\/div>\n\t\t\t\t<\/div>\n\t\t\t\t<div class=\"elementor-element elementor-element-bd668f8 color-scheme-inherit text-left elementor-widget elementor-widget-text-editor\" data-id=\"bd668f8\" data-element_type=\"widget\" data-e-type=\"widget\" data-widget_type=\"text-editor.default\">\n\t\t\t\t\t\t\t\t\t<p>Certains articles peuvent ne pas \u00eatre remboursables, y compris, mais sans s\u2019y limiter, les frais d\u2019exp\u00e9dition initiaux, les articles personnalis\u00e9s, les articles en vente finale ou les articles qui font partie de promotions sp\u00e9ciales.<\/p><p>Les commandes qui b\u00e9n\u00e9ficient de la livraison gratuite et les commandes qui sont retourn\u00e9es pour des raisons ind\u00e9pendantes de la volont\u00e9 de Strolee peuvent voir le remboursement r\u00e9duit des frais d\u2019exp\u00e9dition r\u00e9els engag\u00e9s. <\/p>\t\t\t\t\t\t\t\t<\/div>\n\t\t\t\t\t<\/div>\n\t\t\t\t<\/div>\n\t\t<div class=\"elementor-element elementor-element-ae4b9a2 animated-slow e-flex e-con-boxed elementor-invisible e-con e-parent\" data-id=\"ae4b9a2\" data-element_type=\"container\" data-e-type=\"container\" data-settings=\"{&quot;animation&quot;:&quot;fadeIn&quot;}\">\n\t\t\t\t\t<div class=\"e-con-inner\">\n\t\t<div class=\"elementor-element elementor-element-7bcc19d e-con-full e-flex e-con e-child\" data-id=\"7bcc19d\" data-element_type=\"container\" data-e-type=\"container\">\n\t\t\t\t<div class=\"elementor-element elementor-element-5137090 wd-width-100 elementor-widget elementor-widget-wd_title\" data-id=\"5137090\" data-element_type=\"widget\" data-e-type=\"widget\" data-widget_type=\"wd_title.default\">\n\t\t\t\t<div class=\"elementor-widget-container\">\n\t\t\t\t\t\t\t<div class=\"title-wrapper wd-set-mb reset-last-child wd-title-color-default wd-title-style-default wd-title-size-large text-center\">\n\n\t\t\t\n\t\t\t<div class=\"liner-continer\">\n\t\t\t\t<h4 class=\"woodmart-title-container title wd-fontsize-xxl\">Avez-vous des questions&nbsp;?<\/h4> \n\t\t\t\t\t\t\t<\/div>\n\n\t\t\t\t\t<\/div>\n\t\t\t\t\t\t<\/div>\n\t\t\t\t<\/div>\n\t\t\t\t<\/div>\n\t\t<div class=\"elementor-element elementor-element-5e4174e e-con-full e-flex e-con e-child\" data-id=\"5e4174e\" data-element_type=\"container\" data-e-type=\"container\">\n\t\t\t\t<div class=\"elementor-element elementor-element-4aa7568 color-scheme-inherit text-left elementor-widget elementor-widget-text-editor\" data-id=\"4aa7568\" data-element_type=\"widget\" data-e-type=\"widget\" data-widget_type=\"text-editor.default\">\n\t\t\t\t\t\t\t\t\t<p>Si vous avez des questions concernant le retour ou le remboursement, contactez-nous&nbsp;:<\/p>\t\t\t\t\t\t\t\t<\/div>\n\t\t\t\t<\/div>\n\t\t<div class=\"elementor-element elementor-element-d886df9 e-con-full e-flex e-con e-child\" data-id=\"d886df9\" data-element_type=\"container\" data-e-type=\"container\">\n\t\t\t\t<div class=\"elementor-element elementor-element-6b67cdf elementor-button-align-stretch elementor-widget elementor-widget-form\" data-id=\"6b67cdf\" data-element_type=\"widget\" data-e-type=\"widget\" data-settings=\"{&quot;step_next_label&quot;:&quot;Suivant&quot;,&quot;step_previous_label&quot;:&quot;Pr\\u00e9c\\u00e9dent&quot;,&quot;button_width&quot;:&quot;100&quot;,&quot;step_type&quot;:&quot;number_text&quot;,&quot;step_icon_shape&quot;:&quot;circle&quot;}\" data-widget_type=\"form.default\">\n\t\t\t\t\t\t\t<form class=\"elementor-form\" method=\"post\" id=\"connectstrolee\" name=\"connectstrolee\" aria-label=\"connectstrolee\">\n\t\t\t<input type=\"hidden\" name=\"post_id\" value=\"4248\"\/>\n\t\t\t<input type=\"hidden\" name=\"form_id\" value=\"6b67cdf\"\/>\n\t\t\t<input type=\"hidden\" name=\"referer_title\" value=\"Politique de remboursement de Strolee \u2013 Conditions de retour et de remboursement\" \/>\n\n\t\t\t\t\t\t\t<input type=\"hidden\" name=\"queried_id\" value=\"4248\"\/>\n\t\t\t\n\t\t\t<div class=\"elementor-form-fields-wrapper elementor-labels-\">\n\t\t\t\t\t\t\t\t<div class=\"elementor-field-type-text elementor-field-group elementor-column elementor-field-group-name elementor-col-100 elementor-field-required\">\n\t\t\t\t\t\t\t\t\t\t\t\t<label for=\"form-field-name\" class=\"elementor-field-label elementor-screen-only\">\n\t\t\t\t\t\t\t\tNom\t\t\t\t\t\t\t<\/label>\n\t\t\t\t\t\t\t\t\t\t\t\t\t\t<input size=\"1\" type=\"text\" name=\"form_fields[name]\" id=\"form-field-name\" class=\"elementor-field elementor-size-lg  elementor-field-textual\" placeholder=\"Nom\" required=\"required\">\n\t\t\t\t\t\t\t\t\t\t\t<\/div>\n\t\t\t\t\t\t\t\t<div class=\"elementor-field-type-email elementor-field-group elementor-column elementor-field-group-email elementor-col-100 elementor-field-required\">\n\t\t\t\t\t\t\t\t\t\t\t\t<label for=\"form-field-email\" class=\"elementor-field-label elementor-screen-only\">\n\t\t\t\t\t\t\t\tE-mail\t\t\t\t\t\t\t<\/label>\n\t\t\t\t\t\t\t\t\t\t\t\t\t\t<input size=\"1\" type=\"email\" name=\"form_fields[email]\" id=\"form-field-email\" class=\"elementor-field elementor-size-lg  elementor-field-textual\" placeholder=\"E-mail\" required=\"required\">\n\t\t\t\t\t\t\t\t\t\t\t<\/div>\n\t\t\t\t\t\t\t\t<div class=\"elementor-field-type-text elementor-field-group elementor-column elementor-field-group-ordernumber elementor-col-100 elementor-field-required\">\n\t\t\t\t\t\t\t\t\t\t\t\t<label for=\"form-field-ordernumber\" class=\"elementor-field-label elementor-screen-only\">\n\t\t\t\t\t\t\t\tNum\u00e9ro de commande\t\t\t\t\t\t\t<\/label>\n\t\t\t\t\t\t\t\t\t\t\t\t\t\t<input size=\"1\" type=\"text\" name=\"form_fields[ordernumber]\" id=\"form-field-ordernumber\" class=\"elementor-field elementor-size-lg  elementor-field-textual\" placeholder=\"Num\u00e9ro de commande\" required=\"required\">\n\t\t\t\t\t\t\t\t\t\t\t<\/div>\n\t\t\t\t\t\t\t\t<div class=\"elementor-field-type-textarea elementor-field-group elementor-column elementor-field-group-message elementor-col-100 elementor-field-required\">\n\t\t\t\t\t\t\t\t\t\t\t\t<label for=\"form-field-message\" class=\"elementor-field-label elementor-screen-only\">\n\t\t\t\t\t\t\t\tMessage\t\t\t\t\t\t\t<\/label>\n\t\t\t\t\t\t<textarea class=\"elementor-field-textual elementor-field  elementor-size-lg\" name=\"form_fields[message]\" id=\"form-field-message\" rows=\"4\" placeholder=\"Message\" required=\"required\"><\/textarea>\t\t\t\t<\/div>\n\t\t\t\t\t\t\t\t<div class=\"elementor-field-type-acceptance elementor-field-group elementor-column elementor-field-group-acceptance elementor-col-100 elementor-field-required\">\n\t\t\t\t\t\t\t\t\t\t\t\t<label for=\"form-field-acceptance\" class=\"elementor-field-label elementor-screen-only\">\n\t\t\t\t\t\t\t\tAcceptation\t\t\t\t\t\t\t<\/label>\n\t\t\t\t\t\t\t\t<div class=\"elementor-field-subgroup\">\n\t\t\t<span class=\"elementor-field-option\">\n\t\t\t\t<input type=\"checkbox\" name=\"form_fields[acceptance]\" id=\"form-field-acceptance\" class=\"elementor-field elementor-size-lg  elementor-acceptance-field\" required=\"required\">\n\t\t\t\t<label for=\"form-field-acceptance\">J\u2019accepte l\u2019utilisation de mes donn\u00e9es personnelles dans le but de r\u00e9pondre \u00e0 ma demande.<\/label>\t\t\t<\/span>\n\t\t<\/div>\n\t\t\t\t\t\t<\/div>\n\t\t\t\t\t\t\t\t<div class=\"elementor-field-type-recaptcha_v3 elementor-field-group elementor-column elementor-field-group-field_98af6a4 elementor-col-100 recaptcha_v3-bottomleft\">\n\t\t\t\t\t<div class=\"elementor-field\" id=\"form-field-field_98af6a4\"><div class=\"elementor-g-recaptcha\" data-sitekey=\"6Ldb-hgsAAAAAL-71_xxuPU636LVh9i7lSf7v9ct\" data-type=\"v3\" data-action=\"Form\" data-badge=\"bottomleft\" data-size=\"invisible\"><\/div><\/div>\t\t\t\t<\/div>\n\t\t\t\t\t\t\t\t<div class=\"elementor-field-group elementor-column elementor-field-type-submit elementor-col-100 e-form__buttons\">\n\t\t\t\t\t<button class=\"elementor-button elementor-size-lg\" type=\"submit\">\n\t\t\t\t\t\t<span class=\"elementor-button-content-wrapper\">\n\t\t\t\t\t\t\t\t\t\t\t\t\t\t\t\t\t\t\t\t\t\t<span class=\"elementor-button-text\">Envoyer<\/span>\n\t\t\t\t\t\t\t\t\t\t\t\t\t<\/span>\n\t\t\t\t\t<\/button>\n\t\t\t\t<\/div>\n\t\t\t<\/div>\n\t\t<\/form>\n\t\t\t\t\t\t<\/div>\n\t\t\t\t<\/div>\n\t\t\t\t\t<\/div>\n\t\t\t\t<\/div>\n\t\t\t\t<\/div>\n\t\t","protected":false},"excerpt":{"rendered":"<p>Politique de remboursement et de retour Notre remboursement Chez Strolee, nous sommes tellement convaincus que vous allez adorer notre produit&nbsp;!<\/p>\n","protected":false},"author":6,"featured_media":0,"parent":0,"menu_order":0,"comment_status":"closed","ping_status":"closed","template":"elementor_header_footer","meta":{"footnotes":""},"class_list":["post-4248","page","type-page","status-publish","hentry"],"yoast_head":"<!-- This site is optimized with the Yoast SEO plugin v27.4 - https:\/\/yoast.com\/product\/yoast-seo-wordpress\/ -->\n<title>Politique de remboursement de Strolee \u2013 Conditions de retour et de remboursement<\/title>\n<meta name=\"description\" content=\"Lisez la politique de remboursement et les conditions de retour de Strolee \u2014 d\u00e9couvrez comment demander des retours ou des remboursements pour votre chariot ou votre poussette pour animaux de compagnie. Consultez les crit\u00e8res d\u2019admissibilit\u00e9 et les d\u00e9tails du processus.\" \/>\n<meta name=\"robots\" content=\"index, follow, max-snippet:-1, max-image-preview:large, max-video-preview:-1\" \/>\n<link rel=\"canonical\" href=\"https:\/\/staging.stroleecarts.eu\/fr\/politique-de-remboursement\/\" \/>\n<meta property=\"og:locale\" content=\"fr_FR\" \/>\n<meta property=\"og:type\" content=\"article\" \/>\n<meta property=\"og:title\" content=\"Politique de remboursement de Strolee \u2013 Conditions de retour et de remboursement\" \/>\n<meta property=\"og:description\" content=\"Lisez la politique de remboursement et les conditions de retour de Strolee \u2014 d\u00e9couvrez comment demander des retours ou des remboursements pour votre chariot ou votre poussette pour animaux de compagnie. Consultez les crit\u00e8res d\u2019admissibilit\u00e9 et les d\u00e9tails du processus.\" \/>\n<meta property=\"og:url\" content=\"https:\/\/staging.stroleecarts.eu\/fr\/politique-de-remboursement\/\" \/>\n<meta property=\"og:site_name\" content=\"Strolee Carts Europe\" \/>\n<meta property=\"article:modified_time\" content=\"2026-01-22T14:57:11+00:00\" \/>\n<meta name=\"twitter:card\" content=\"summary_large_image\" \/>\n<meta name=\"twitter:label1\" content=\"Dur\u00e9e de lecture estim\u00e9e\" \/>\n\t<meta name=\"twitter:data1\" content=\"2 minutes\" \/>\n<script type=\"application\/ld+json\" class=\"yoast-schema-graph\">{\"@context\":\"https:\\\/\\\/schema.org\",\"@graph\":[{\"@type\":\"WebPage\",\"@id\":\"https:\\\/\\\/staging.stroleecarts.eu\\\/fr\\\/politique-de-remboursement\\\/\",\"url\":\"https:\\\/\\\/staging.stroleecarts.eu\\\/fr\\\/politique-de-remboursement\\\/\",\"name\":\"Politique de remboursement de Strolee \u2013 Conditions de retour et de remboursement\",\"isPartOf\":{\"@id\":\"https:\\\/\\\/staging.stroleecarts.eu\\\/fr\\\/#website\"},\"datePublished\":\"2025-11-19T14:58:24+00:00\",\"dateModified\":\"2026-01-22T14:57:11+00:00\",\"description\":\"Lisez la politique de remboursement et les conditions de retour de Strolee \u2014 d\u00e9couvrez comment demander des retours ou des remboursements pour votre chariot ou votre poussette pour animaux de compagnie. Consultez les crit\u00e8res d\u2019admissibilit\u00e9 et les d\u00e9tails du processus.\",\"breadcrumb\":{\"@id\":\"https:\\\/\\\/staging.stroleecarts.eu\\\/fr\\\/politique-de-remboursement\\\/#breadcrumb\"},\"inLanguage\":\"fr-FR\",\"potentialAction\":[{\"@type\":\"ReadAction\",\"target\":[\"https:\\\/\\\/staging.stroleecarts.eu\\\/fr\\\/politique-de-remboursement\\\/\"]}]},{\"@type\":\"BreadcrumbList\",\"@id\":\"https:\\\/\\\/staging.stroleecarts.eu\\\/fr\\\/politique-de-remboursement\\\/#breadcrumb\",\"itemListElement\":[{\"@type\":\"ListItem\",\"position\":1,\"name\":\"Home\",\"item\":\"https:\\\/\\\/staging.stroleecarts.eu\\\/fr\\\/\"},{\"@type\":\"ListItem\",\"position\":2,\"name\":\"Politique de remboursement\"}]},{\"@type\":\"WebSite\",\"@id\":\"https:\\\/\\\/staging.stroleecarts.eu\\\/fr\\\/#website\",\"url\":\"https:\\\/\\\/staging.stroleecarts.eu\\\/fr\\\/\",\"name\":\"Strolee Carts Europe\",\"description\":\"Innovate Mobility\",\"potentialAction\":[{\"@type\":\"SearchAction\",\"target\":{\"@type\":\"EntryPoint\",\"urlTemplate\":\"https:\\\/\\\/staging.stroleecarts.eu\\\/fr\\\/?s={search_term_string}\"},\"query-input\":{\"@type\":\"PropertyValueSpecification\",\"valueRequired\":true,\"valueName\":\"search_term_string\"}}],\"inLanguage\":\"fr-FR\"}]}<\/script>\n<!-- \/ Yoast SEO plugin. -->","yoast_head_json":{"title":"Politique de remboursement de Strolee \u2013 Conditions de retour et de remboursement","description":"Lisez la politique de remboursement et les conditions de retour de Strolee \u2014 d\u00e9couvrez comment demander des retours ou des remboursements pour votre chariot ou votre poussette pour animaux de compagnie. Consultez les crit\u00e8res d\u2019admissibilit\u00e9 et les d\u00e9tails du processus.","robots":{"index":"index","follow":"follow","max-snippet":"max-snippet:-1","max-image-preview":"max-image-preview:large","max-video-preview":"max-video-preview:-1"},"canonical":"https:\/\/staging.stroleecarts.eu\/fr\/politique-de-remboursement\/","og_locale":"fr_FR","og_type":"article","og_title":"Politique de remboursement de Strolee \u2013 Conditions de retour et de remboursement","og_description":"Lisez la politique de remboursement et les conditions de retour de Strolee \u2014 d\u00e9couvrez comment demander des retours ou des remboursements pour votre chariot ou votre poussette pour animaux de compagnie. Consultez les crit\u00e8res d\u2019admissibilit\u00e9 et les d\u00e9tails du processus.","og_url":"https:\/\/staging.stroleecarts.eu\/fr\/politique-de-remboursement\/","og_site_name":"Strolee Carts Europe","article_modified_time":"2026-01-22T14:57:11+00:00","twitter_card":"summary_large_image","twitter_misc":{"Dur\u00e9e de lecture estim\u00e9e":"2 minutes"},"schema":{"@context":"https:\/\/schema.org","@graph":[{"@type":"WebPage","@id":"https:\/\/staging.stroleecarts.eu\/fr\/politique-de-remboursement\/","url":"https:\/\/staging.stroleecarts.eu\/fr\/politique-de-remboursement\/","name":"Politique de remboursement de Strolee \u2013 Conditions de retour et de remboursement","isPartOf":{"@id":"https:\/\/staging.stroleecarts.eu\/fr\/#website"},"datePublished":"2025-11-19T14:58:24+00:00","dateModified":"2026-01-22T14:57:11+00:00","description":"Lisez la politique de remboursement et les conditions de retour de Strolee \u2014 d\u00e9couvrez comment demander des retours ou des remboursements pour votre chariot ou votre poussette pour animaux de compagnie. Consultez les crit\u00e8res d\u2019admissibilit\u00e9 et les d\u00e9tails du processus.","breadcrumb":{"@id":"https:\/\/staging.stroleecarts.eu\/fr\/politique-de-remboursement\/#breadcrumb"},"inLanguage":"fr-FR","potentialAction":[{"@type":"ReadAction","target":["https:\/\/staging.stroleecarts.eu\/fr\/politique-de-remboursement\/"]}]},{"@type":"BreadcrumbList","@id":"https:\/\/staging.stroleecarts.eu\/fr\/politique-de-remboursement\/#breadcrumb","itemListElement":[{"@type":"ListItem","position":1,"name":"Home","item":"https:\/\/staging.stroleecarts.eu\/fr\/"},{"@type":"ListItem","position":2,"name":"Politique de remboursement"}]},{"@type":"WebSite","@id":"https:\/\/staging.stroleecarts.eu\/fr\/#website","url":"https:\/\/staging.stroleecarts.eu\/fr\/","name":"Strolee Carts Europe","description":"Innovate Mobility","potentialAction":[{"@type":"SearchAction","target":{"@type":"EntryPoint","urlTemplate":"https:\/\/staging.stroleecarts.eu\/fr\/?s={search_term_string}"},"query-input":{"@type":"PropertyValueSpecification","valueRequired":true,"valueName":"search_term_string"}}],"inLanguage":"fr-FR"}]}},"_links":{"self":[{"href":"https:\/\/staging.stroleecarts.eu\/fr\/wp-json\/wp\/v2\/pages\/4248","targetHints":{"allow":["GET"]}}],"collection":[{"href":"https:\/\/staging.stroleecarts.eu\/fr\/wp-json\/wp\/v2\/pages"}],"about":[{"href":"https:\/\/staging.stroleecarts.eu\/fr\/wp-json\/wp\/v2\/types\/page"}],"author":[{"embeddable":true,"href":"https:\/\/staging.stroleecarts.eu\/fr\/wp-json\/wp\/v2\/users\/6"}],"replies":[{"embeddable":true,"href":"https:\/\/staging.stroleecarts.eu\/fr\/wp-json\/wp\/v2\/comments?post=4248"}],"version-history":[{"count":1,"href":"https:\/\/staging.stroleecarts.eu\/fr\/wp-json\/wp\/v2\/pages\/4248\/revisions"}],"predecessor-version":[{"id":4250,"href":"https:\/\/staging.stroleecarts.eu\/fr\/wp-json\/wp\/v2\/pages\/4248\/revisions\/4250"}],"wp:attachment":[{"href":"https:\/\/staging.stroleecarts.eu\/fr\/wp-json\/wp\/v2\/media?parent=4248"}],"curies":[{"name":"wp","href":"https:\/\/api.w.org\/{rel}","templated":true}]}}