{"id":4301,"date":"2025-11-19T15:30:05","date_gmt":"2025-11-19T15:30:05","guid":{"rendered":"https:\/\/staging.stroleecarts.eu\/nous-contacter\/"},"modified":"2026-04-02T00:17:25","modified_gmt":"2026-04-02T00:17:25","slug":"nous-contacter","status":"publish","type":"page","link":"https:\/\/staging.stroleecarts.eu\/fr\/nous-contacter\/","title":{"rendered":"Nous contacter"},"content":{"rendered":"\t\t<div data-elementor-type=\"wp-page\" data-elementor-id=\"4301\" class=\"elementor elementor-4301 elementor-2670\" data-elementor-post-type=\"page\">\n\t\t\t\t<div class=\"wd-negative-gap elementor-element elementor-element-9cb733a wd-section-stretch e-flex e-con-boxed e-con e-parent\" data-id=\"9cb733a\" data-element_type=\"container\" data-e-type=\"container\" data-settings=\"{&quot;background_background&quot;:&quot;slideshow&quot;,&quot;background_slideshow_gallery&quot;:[{&quot;id&quot;:4074,&quot;url&quot;:&quot;http:\\\/\\\/staging.stroleecarts.eu\\\/wp-content\\\/uploads\\\/2025\\\/11\\\/1strolee_pet_cart.webp&quot;}],&quot;background_slideshow_loop&quot;:&quot;yes&quot;,&quot;background_slideshow_slide_duration&quot;:5000,&quot;background_slideshow_slide_transition&quot;:&quot;fade&quot;,&quot;background_slideshow_transition_duration&quot;:500}\">\n\t\t\t\t\t<div class=\"e-con-inner\">\n\t\t\t\t<div class=\"elementor-element elementor-element-b5b0ea6 wd-width-100 elementor-widget elementor-widget-wd_title\" data-id=\"b5b0ea6\" data-element_type=\"widget\" data-e-type=\"widget\" data-widget_type=\"wd_title.default\">\n\t\t\t\t<div class=\"elementor-widget-container\">\n\t\t\t\t\t\t\t<div class=\"title-wrapper wd-set-mb reset-last-child wd-title-color-default wd-title-style-default wd-title-size-large text-center\">\n\n\t\t\t\n\t\t\t<div class=\"liner-continer\">\n\t\t\t\t<h1 class=\"woodmart-title-container title wd-fontsize-xxl\">Strolee Contactez-nous<\/h1> \n\t\t\t\t\t\t\t<\/div>\n\n\t\t\t\t\t\t\t<div class=\"title-after_title reset-last-child wd-fontsize-s\">\n\t\t\t\t\t<p>N\u2019h\u00e9sitez pas \u00e0 remplir le formulaire de contact pour toute question, commentaire ou pr\u00e9occupation. Nous vous r\u00e9pondrons d\u00e8s que possible&nbsp;! Merci d\u2019avoir choisi Strolee&nbsp;!  <\/p>\t\t\t\t<\/div>\n\t\t\t\t\t<\/div>\n\t\t\t\t\t\t<\/div>\n\t\t\t\t<\/div>\n\t\t\t\t\t<\/div>\n\t\t\t\t<\/div>\n\t\t<div class=\"elementor-element elementor-element-49f9ee6 animated-slow e-flex e-con-boxed elementor-invisible e-con e-parent\" data-id=\"49f9ee6\" data-element_type=\"container\" data-e-type=\"container\" data-settings=\"{&quot;animation&quot;:&quot;fadeIn&quot;}\">\n\t\t\t\t\t<div class=\"e-con-inner\">\n\t\t<div class=\"elementor-element elementor-element-74c3534 e-con-full e-flex e-con e-child\" data-id=\"74c3534\" data-element_type=\"container\" data-e-type=\"container\">\n\t\t\t\t<div class=\"elementor-element elementor-element-44d8444 wd-width-100 elementor-widget elementor-widget-wd_title\" data-id=\"44d8444\" data-element_type=\"widget\" data-e-type=\"widget\" data-widget_type=\"wd_title.default\">\n\t\t\t\t<div class=\"elementor-widget-container\">\n\t\t\t\t\t\t\t<div class=\"title-wrapper wd-set-mb reset-last-child wd-title-color-default wd-title-style-default wd-title-size-large text-center\">\n\n\t\t\t\n\t\t\t<div class=\"liner-continer\">\n\t\t\t\t<h4 class=\"woodmart-title-container title wd-fontsize-xxl\">Nous serions RAVIS de vous entendre&nbsp;!<\/h4> \n\t\t\t\t\t\t\t<\/div>\n\n\t\t\t\t\t<\/div>\n\t\t\t\t\t\t<\/div>\n\t\t\t\t<\/div>\n\t\t\t\t<\/div>\n\t\t<div class=\"elementor-element elementor-element-e65b3da e-con-full e-flex e-con e-child\" data-id=\"e65b3da\" data-element_type=\"container\" data-e-type=\"container\">\n\t\t\t\t<div class=\"elementor-element elementor-element-1e103d7 color-scheme-inherit text-left elementor-widget elementor-widget-text-editor\" data-id=\"1e103d7\" data-element_type=\"widget\" data-e-type=\"widget\" data-widget_type=\"text-editor.default\">\n\t\t\t\t\t\t\t\t\t<p><strong>connect@staging.stroleecarts.eu<\/strong><\/p>\t\t\t\t\t\t\t\t<\/div>\n\t\t\t\t<\/div>\n\t\t<div class=\"elementor-element elementor-element-0af061e e-con-full e-flex e-con e-child\" data-id=\"0af061e\" data-element_type=\"container\" data-e-type=\"container\">\n\t\t\t\t<div class=\"elementor-element elementor-element-d908699 elementor-button-align-stretch elementor-widget elementor-widget-form\" data-id=\"d908699\" data-element_type=\"widget\" data-e-type=\"widget\" data-settings=\"{&quot;step_next_label&quot;:&quot;Suivant&quot;,&quot;step_previous_label&quot;:&quot;Pr\\u00e9c\\u00e9dent&quot;,&quot;button_width&quot;:&quot;100&quot;,&quot;step_type&quot;:&quot;number_text&quot;,&quot;step_icon_shape&quot;:&quot;circle&quot;}\" data-widget_type=\"form.default\">\n\t\t\t\t\t\t\t<form class=\"elementor-form\" method=\"post\" id=\"connectstrolee\" name=\"connectstrolee\" aria-label=\"connectstrolee\">\n\t\t\t<input type=\"hidden\" name=\"post_id\" value=\"4301\"\/>\n\t\t\t<input type=\"hidden\" name=\"form_id\" value=\"d908699\"\/>\n\t\t\t<input type=\"hidden\" name=\"referer_title\" value=\"Contacter Strolee Europe \u2013 Assistance client\u00e8le et demandes de renseignements\" \/>\n\n\t\t\t\t\t\t\t<input type=\"hidden\" name=\"queried_id\" value=\"4301\"\/>\n\t\t\t\n\t\t\t<div class=\"elementor-form-fields-wrapper elementor-labels-\">\n\t\t\t\t\t\t\t\t<div class=\"elementor-field-type-text elementor-field-group elementor-column elementor-field-group-name elementor-col-100 elementor-field-required\">\n\t\t\t\t\t\t\t\t\t\t\t\t<label for=\"form-field-name\" class=\"elementor-field-label elementor-screen-only\">\n\t\t\t\t\t\t\t\tNom\t\t\t\t\t\t\t<\/label>\n\t\t\t\t\t\t\t\t\t\t\t\t\t\t<input size=\"1\" type=\"text\" name=\"form_fields[name]\" id=\"form-field-name\" class=\"elementor-field elementor-size-lg  elementor-field-textual\" placeholder=\"Nom\" required=\"required\">\n\t\t\t\t\t\t\t\t\t\t\t<\/div>\n\t\t\t\t\t\t\t\t<div class=\"elementor-field-type-email elementor-field-group elementor-column elementor-field-group-email elementor-col-100 elementor-field-required\">\n\t\t\t\t\t\t\t\t\t\t\t\t<label for=\"form-field-email\" class=\"elementor-field-label elementor-screen-only\">\n\t\t\t\t\t\t\t\tE-mail\t\t\t\t\t\t\t<\/label>\n\t\t\t\t\t\t\t\t\t\t\t\t\t\t<input size=\"1\" type=\"email\" name=\"form_fields[email]\" id=\"form-field-email\" class=\"elementor-field elementor-size-lg  elementor-field-textual\" placeholder=\"E-mail\" required=\"required\">\n\t\t\t\t\t\t\t\t\t\t\t<\/div>\n\t\t\t\t\t\t\t\t<div class=\"elementor-field-type-textarea elementor-field-group elementor-column elementor-field-group-message elementor-col-100 elementor-field-required\">\n\t\t\t\t\t\t\t\t\t\t\t\t<label for=\"form-field-message\" class=\"elementor-field-label elementor-screen-only\">\n\t\t\t\t\t\t\t\tMessage\t\t\t\t\t\t\t<\/label>\n\t\t\t\t\t\t<textarea class=\"elementor-field-textual elementor-field  elementor-size-lg\" name=\"form_fields[message]\" id=\"form-field-message\" rows=\"4\" placeholder=\"Message\" required=\"required\"><\/textarea>\t\t\t\t<\/div>\n\t\t\t\t\t\t\t\t<div class=\"elementor-field-type-acceptance elementor-field-group elementor-column elementor-field-group-acceptance elementor-col-100 elementor-field-required\">\n\t\t\t\t\t\t\t\t\t\t\t\t<label for=\"form-field-acceptance\" class=\"elementor-field-label elementor-screen-only\">\n\t\t\t\t\t\t\t\tAcceptation\t\t\t\t\t\t\t<\/label>\n\t\t\t\t\t\t\t\t<div class=\"elementor-field-subgroup\">\n\t\t\t<span class=\"elementor-field-option\">\n\t\t\t\t<input type=\"checkbox\" name=\"form_fields[acceptance]\" id=\"form-field-acceptance\" class=\"elementor-field elementor-size-lg  elementor-acceptance-field\" required=\"required\">\n\t\t\t\t<label for=\"form-field-acceptance\">J\u2019accepte l\u2019utilisation de mes donn\u00e9es personnelles dans le but de r\u00e9pondre \u00e0 ma demande.<\/label>\t\t\t<\/span>\n\t\t<\/div>\n\t\t\t\t\t\t<\/div>\n\t\t\t\t\t\t\t\t<div class=\"elementor-field-type-recaptcha_v3 elementor-field-group elementor-column elementor-field-group-field_8c8fbb1 elementor-col-100 recaptcha_v3-bottomleft\">\n\t\t\t\t\t<div class=\"elementor-field\" id=\"form-field-field_8c8fbb1\"><div class=\"elementor-g-recaptcha\" data-sitekey=\"6Ldb-hgsAAAAAL-71_xxuPU636LVh9i7lSf7v9ct\" data-type=\"v3\" data-action=\"Form\" data-badge=\"bottomleft\" data-size=\"invisible\"><\/div><\/div>\t\t\t\t<\/div>\n\t\t\t\t\t\t\t\t<div class=\"elementor-field-group elementor-column elementor-field-type-submit elementor-col-100 e-form__buttons\">\n\t\t\t\t\t<button class=\"elementor-button elementor-size-lg\" type=\"submit\">\n\t\t\t\t\t\t<span class=\"elementor-button-content-wrapper\">\n\t\t\t\t\t\t\t\t\t\t\t\t\t\t\t\t\t\t\t\t\t\t<span class=\"elementor-button-text\">Envoyer<\/span>\n\t\t\t\t\t\t\t\t\t\t\t\t\t<\/span>\n\t\t\t\t\t<\/button>\n\t\t\t\t<\/div>\n\t\t\t<\/div>\n\t\t<\/form>\n\t\t\t\t\t\t<\/div>\n\t\t\t\t<\/div>\n\t\t\t\t\t<\/div>\n\t\t\t\t<\/div>\n\t\t\t\t<\/div>\n\t\t","protected":false},"excerpt":{"rendered":"<p>Strolee Contactez-nous N\u2019h\u00e9sitez pas \u00e0 remplir le formulaire de contact pour toute question, commentaire ou pr\u00e9occupation. Nous vous r\u00e9pondrons d\u00e8s<\/p>\n","protected":false},"author":6,"featured_media":0,"parent":0,"menu_order":0,"comment_status":"closed","ping_status":"closed","template":"elementor_header_footer","meta":{"footnotes":""},"class_list":["post-4301","page","type-page","status-publish","hentry"],"yoast_head":"<!-- This site is optimized with the Yoast SEO plugin v27.4 - https:\/\/yoast.com\/product\/yoast-seo-wordpress\/ -->\n<title>Contacter Strolee Europe \u2013 Assistance client\u00e8le et demandes de renseignements<\/title>\n<meta name=\"description\" content=\"Des questions\u00a0? Contactez Strolee Europe pour obtenir de l\u2019aide, des informations sur la garantie ou la pr\u00e9commande. Nous sommes l\u00e0 pour vous aider.\" \/>\n<meta name=\"robots\" content=\"index, follow, max-snippet:-1, max-image-preview:large, max-video-preview:-1\" \/>\n<link rel=\"canonical\" href=\"https:\/\/staging.stroleecarts.eu\/fr\/nous-contacter\/\" \/>\n<meta property=\"og:locale\" content=\"fr_FR\" \/>\n<meta property=\"og:type\" content=\"article\" \/>\n<meta property=\"og:title\" content=\"Contacter Strolee Europe \u2013 Assistance client\u00e8le et demandes de renseignements\" \/>\n<meta property=\"og:description\" content=\"Des questions\u00a0? Contactez Strolee Europe pour obtenir de l\u2019aide, des informations sur la garantie ou la pr\u00e9commande. Nous sommes l\u00e0 pour vous aider.\" \/>\n<meta property=\"og:url\" content=\"https:\/\/staging.stroleecarts.eu\/fr\/nous-contacter\/\" \/>\n<meta property=\"og:site_name\" content=\"Strolee Carts Europe\" \/>\n<meta property=\"article:modified_time\" content=\"2026-04-02T00:17:25+00:00\" \/>\n<meta name=\"twitter:card\" content=\"summary_large_image\" \/>\n<meta name=\"twitter:label1\" content=\"Dur\u00e9e de lecture estim\u00e9e\" \/>\n\t<meta name=\"twitter:data1\" content=\"1 minute\" \/>\n<script type=\"application\/ld+json\" class=\"yoast-schema-graph\">{\"@context\":\"https:\\\/\\\/schema.org\",\"@graph\":[{\"@type\":\"WebPage\",\"@id\":\"https:\\\/\\\/staging.stroleecarts.eu\\\/fr\\\/nous-contacter\\\/\",\"url\":\"https:\\\/\\\/staging.stroleecarts.eu\\\/fr\\\/nous-contacter\\\/\",\"name\":\"Contacter Strolee Europe \u2013 Assistance client\u00e8le et demandes de renseignements\",\"isPartOf\":{\"@id\":\"https:\\\/\\\/staging.stroleecarts.eu\\\/fr\\\/#website\"},\"datePublished\":\"2025-11-19T15:30:05+00:00\",\"dateModified\":\"2026-04-02T00:17:25+00:00\",\"description\":\"Des questions\u00a0? Contactez Strolee Europe pour obtenir de l\u2019aide, des informations sur la garantie ou la pr\u00e9commande. Nous sommes l\u00e0 pour vous aider.\",\"breadcrumb\":{\"@id\":\"https:\\\/\\\/staging.stroleecarts.eu\\\/fr\\\/nous-contacter\\\/#breadcrumb\"},\"inLanguage\":\"fr-FR\",\"potentialAction\":[{\"@type\":\"ReadAction\",\"target\":[\"https:\\\/\\\/staging.stroleecarts.eu\\\/fr\\\/nous-contacter\\\/\"]}]},{\"@type\":\"BreadcrumbList\",\"@id\":\"https:\\\/\\\/staging.stroleecarts.eu\\\/fr\\\/nous-contacter\\\/#breadcrumb\",\"itemListElement\":[{\"@type\":\"ListItem\",\"position\":1,\"name\":\"Home\",\"item\":\"https:\\\/\\\/staging.stroleecarts.eu\\\/fr\\\/\"},{\"@type\":\"ListItem\",\"position\":2,\"name\":\"Nous contacter\"}]},{\"@type\":\"WebSite\",\"@id\":\"https:\\\/\\\/staging.stroleecarts.eu\\\/fr\\\/#website\",\"url\":\"https:\\\/\\\/staging.stroleecarts.eu\\\/fr\\\/\",\"name\":\"Strolee Carts Europe\",\"description\":\"Innovate Mobility\",\"potentialAction\":[{\"@type\":\"SearchAction\",\"target\":{\"@type\":\"EntryPoint\",\"urlTemplate\":\"https:\\\/\\\/staging.stroleecarts.eu\\\/fr\\\/?s={search_term_string}\"},\"query-input\":{\"@type\":\"PropertyValueSpecification\",\"valueRequired\":true,\"valueName\":\"search_term_string\"}}],\"inLanguage\":\"fr-FR\"}]}<\/script>\n<!-- \/ Yoast SEO plugin. -->","yoast_head_json":{"title":"Contacter Strolee Europe \u2013 Assistance client\u00e8le et demandes de renseignements","description":"Des questions\u00a0? Contactez Strolee Europe pour obtenir de l\u2019aide, des informations sur la garantie ou la pr\u00e9commande. Nous sommes l\u00e0 pour vous aider.","robots":{"index":"index","follow":"follow","max-snippet":"max-snippet:-1","max-image-preview":"max-image-preview:large","max-video-preview":"max-video-preview:-1"},"canonical":"https:\/\/staging.stroleecarts.eu\/fr\/nous-contacter\/","og_locale":"fr_FR","og_type":"article","og_title":"Contacter Strolee Europe \u2013 Assistance client\u00e8le et demandes de renseignements","og_description":"Des questions\u00a0? Contactez Strolee Europe pour obtenir de l\u2019aide, des informations sur la garantie ou la pr\u00e9commande. Nous sommes l\u00e0 pour vous aider.","og_url":"https:\/\/staging.stroleecarts.eu\/fr\/nous-contacter\/","og_site_name":"Strolee Carts Europe","article_modified_time":"2026-04-02T00:17:25+00:00","twitter_card":"summary_large_image","twitter_misc":{"Dur\u00e9e de lecture estim\u00e9e":"1 minute"},"schema":{"@context":"https:\/\/schema.org","@graph":[{"@type":"WebPage","@id":"https:\/\/staging.stroleecarts.eu\/fr\/nous-contacter\/","url":"https:\/\/staging.stroleecarts.eu\/fr\/nous-contacter\/","name":"Contacter Strolee Europe \u2013 Assistance client\u00e8le et demandes de renseignements","isPartOf":{"@id":"https:\/\/staging.stroleecarts.eu\/fr\/#website"},"datePublished":"2025-11-19T15:30:05+00:00","dateModified":"2026-04-02T00:17:25+00:00","description":"Des questions\u00a0? Contactez Strolee Europe pour obtenir de l\u2019aide, des informations sur la garantie ou la pr\u00e9commande. Nous sommes l\u00e0 pour vous aider.","breadcrumb":{"@id":"https:\/\/staging.stroleecarts.eu\/fr\/nous-contacter\/#breadcrumb"},"inLanguage":"fr-FR","potentialAction":[{"@type":"ReadAction","target":["https:\/\/staging.stroleecarts.eu\/fr\/nous-contacter\/"]}]},{"@type":"BreadcrumbList","@id":"https:\/\/staging.stroleecarts.eu\/fr\/nous-contacter\/#breadcrumb","itemListElement":[{"@type":"ListItem","position":1,"name":"Home","item":"https:\/\/staging.stroleecarts.eu\/fr\/"},{"@type":"ListItem","position":2,"name":"Nous contacter"}]},{"@type":"WebSite","@id":"https:\/\/staging.stroleecarts.eu\/fr\/#website","url":"https:\/\/staging.stroleecarts.eu\/fr\/","name":"Strolee Carts Europe","description":"Innovate Mobility","potentialAction":[{"@type":"SearchAction","target":{"@type":"EntryPoint","urlTemplate":"https:\/\/staging.stroleecarts.eu\/fr\/?s={search_term_string}"},"query-input":{"@type":"PropertyValueSpecification","valueRequired":true,"valueName":"search_term_string"}}],"inLanguage":"fr-FR"}]}},"_links":{"self":[{"href":"https:\/\/staging.stroleecarts.eu\/fr\/wp-json\/wp\/v2\/pages\/4301","targetHints":{"allow":["GET"]}}],"collection":[{"href":"https:\/\/staging.stroleecarts.eu\/fr\/wp-json\/wp\/v2\/pages"}],"about":[{"href":"https:\/\/staging.stroleecarts.eu\/fr\/wp-json\/wp\/v2\/types\/page"}],"author":[{"embeddable":true,"href":"https:\/\/staging.stroleecarts.eu\/fr\/wp-json\/wp\/v2\/users\/6"}],"replies":[{"embeddable":true,"href":"https:\/\/staging.stroleecarts.eu\/fr\/wp-json\/wp\/v2\/comments?post=4301"}],"version-history":[{"count":4,"href":"https:\/\/staging.stroleecarts.eu\/fr\/wp-json\/wp\/v2\/pages\/4301\/revisions"}],"predecessor-version":[{"id":5914,"href":"https:\/\/staging.stroleecarts.eu\/fr\/wp-json\/wp\/v2\/pages\/4301\/revisions\/5914"}],"wp:attachment":[{"href":"https:\/\/staging.stroleecarts.eu\/fr\/wp-json\/wp\/v2\/media?parent=4301"}],"curies":[{"name":"wp","href":"https:\/\/api.w.org\/{rel}","templated":true}]}}