{"id":4103,"date":"2025-11-20T15:58:42","date_gmt":"2025-11-20T15:58:42","guid":{"rendered":"https:\/\/staging.stroleecarts.eu\/product\/pack-animal-de-luxe\/"},"modified":"2026-04-03T09:36:14","modified_gmt":"2026-04-03T09:36:14","slug":"pack-animal-de-luxe","status":"publish","type":"product","link":"https:\/\/staging.stroleecarts.eu\/fr\/produit\/pack-animal-de-luxe\/","title":{"rendered":"Stability Pet Bundle"},"content":{"rendered":"","protected":false},"excerpt":{"rendered":"<h1><strong>\u00c9CONOMISEZ 20 %<\/strong><\/h1>\n<ol>\n<li><strong>Stability Shopper<\/strong><\/li>\n<li><strong>Pet Bassinet<\/strong><\/li>\n<\/ol>\n<p>&nbsp;<\/p>\n<p>&nbsp;<\/p>\n","protected":false},"featured_media":6559,"comment_status":"open","ping_status":"closed","template":"","meta":[],"product_brand":[],"product_cat":[127],"product_tag":[128],"class_list":{"0":"post-4103","1":"product","2":"type-product","3":"status-publish","4":"has-post-thumbnail","6":"product_cat-packs","7":"product_tag-packs","9":"first","10":"instock","11":"sale","12":"shipping-taxable","13":"purchasable","14":"product-type-simple"},"yoast_head":"<!-- This site is optimized with the Yoast SEO plugin v27.4 - https:\/\/yoast.com\/product\/yoast-seo-wordpress\/ -->\n<title>Stability Pet Bundle - Strolee Carts Europe<\/title>\n<meta name=\"description\" content=\"Le Strolee Stability Pet Bundle est une solution compl\u00e8te con\u00e7ue pour am\u00e9liorer l\u2019\u00e9quilibre, la stabilit\u00e9 et la qualit\u00e9 de vie globale de votre animal de compagnie.\" \/>\n<meta name=\"robots\" content=\"index, follow, max-snippet:-1, max-image-preview:large, max-video-preview:-1\" \/>\n<link rel=\"canonical\" href=\"https:\/\/staging.stroleecarts.eu\/fr\/produit\/pack-animal-de-luxe\/\" \/>\n<meta property=\"og:locale\" content=\"fr_FR\" \/>\n<meta property=\"og:type\" content=\"article\" \/>\n<meta property=\"og:title\" content=\"Stability Pet Bundle - Strolee Carts Europe\" \/>\n<meta property=\"og:description\" content=\"Le Strolee Stability Pet Bundle est une solution compl\u00e8te con\u00e7ue pour am\u00e9liorer l\u2019\u00e9quilibre, la stabilit\u00e9 et la qualit\u00e9 de vie globale de votre animal de compagnie.\" \/>\n<meta property=\"og:url\" content=\"https:\/\/staging.stroleecarts.eu\/fr\/produit\/pack-animal-de-luxe\/\" \/>\n<meta property=\"og:site_name\" content=\"Strolee Carts Europe\" \/>\n<meta property=\"article:modified_time\" content=\"2026-04-03T09:36:14+00:00\" \/>\n<meta property=\"og:image\" content=\"https:\/\/staging.stroleecarts.eu\/wp-content\/uploads\/2025\/11\/Stability-Pet-Bundle.webp\" \/>\n\t<meta property=\"og:image:width\" content=\"1024\" \/>\n\t<meta property=\"og:image:height\" content=\"1024\" \/>\n\t<meta property=\"og:image:type\" content=\"image\/webp\" \/>\n<meta name=\"twitter:card\" content=\"summary_large_image\" \/>\n<script type=\"application\/ld+json\" class=\"yoast-schema-graph\">{\"@context\":\"https:\\\/\\\/schema.org\",\"@graph\":[{\"@type\":\"WebPage\",\"@id\":\"https:\\\/\\\/staging.stroleecarts.eu\\\/fr\\\/produit\\\/pack-animal-de-luxe\\\/\",\"url\":\"https:\\\/\\\/staging.stroleecarts.eu\\\/fr\\\/produit\\\/pack-animal-de-luxe\\\/\",\"name\":\"Stability Pet Bundle - Strolee Carts Europe\",\"isPartOf\":{\"@id\":\"https:\\\/\\\/staging.stroleecarts.eu\\\/fr\\\/#website\"},\"primaryImageOfPage\":{\"@id\":\"https:\\\/\\\/staging.stroleecarts.eu\\\/fr\\\/produit\\\/pack-animal-de-luxe\\\/#primaryimage\"},\"image\":{\"@id\":\"https:\\\/\\\/staging.stroleecarts.eu\\\/fr\\\/produit\\\/pack-animal-de-luxe\\\/#primaryimage\"},\"thumbnailUrl\":\"https:\\\/\\\/staging.stroleecarts.eu\\\/wp-content\\\/uploads\\\/2025\\\/11\\\/Stability-Pet-Bundle.webp\",\"datePublished\":\"2025-11-20T15:58:42+00:00\",\"dateModified\":\"2026-04-03T09:36:14+00:00\",\"description\":\"Le Strolee Stability Pet Bundle est une solution compl\u00e8te con\u00e7ue pour am\u00e9liorer l\u2019\u00e9quilibre, la stabilit\u00e9 et la qualit\u00e9 de vie globale de votre animal de compagnie.\",\"breadcrumb\":{\"@id\":\"https:\\\/\\\/staging.stroleecarts.eu\\\/fr\\\/produit\\\/pack-animal-de-luxe\\\/#breadcrumb\"},\"inLanguage\":\"fr-FR\",\"potentialAction\":[{\"@type\":\"ReadAction\",\"target\":[\"https:\\\/\\\/staging.stroleecarts.eu\\\/fr\\\/produit\\\/pack-animal-de-luxe\\\/\"]}]},{\"@type\":\"ImageObject\",\"inLanguage\":\"fr-FR\",\"@id\":\"https:\\\/\\\/staging.stroleecarts.eu\\\/fr\\\/produit\\\/pack-animal-de-luxe\\\/#primaryimage\",\"url\":\"https:\\\/\\\/staging.stroleecarts.eu\\\/wp-content\\\/uploads\\\/2025\\\/11\\\/Stability-Pet-Bundle.webp\",\"contentUrl\":\"https:\\\/\\\/staging.stroleecarts.eu\\\/wp-content\\\/uploads\\\/2025\\\/11\\\/Stability-Pet-Bundle.webp\",\"width\":1024,\"height\":1024},{\"@type\":\"BreadcrumbList\",\"@id\":\"https:\\\/\\\/staging.stroleecarts.eu\\\/fr\\\/produit\\\/pack-animal-de-luxe\\\/#breadcrumb\",\"itemListElement\":[{\"@type\":\"ListItem\",\"position\":1,\"name\":\"Home\",\"item\":\"https:\\\/\\\/staging.stroleecarts.eu\\\/fr\\\/\"},{\"@type\":\"ListItem\",\"position\":2,\"name\":\"Private: Shop_temp\",\"item\":\"https:\\\/\\\/staging.stroleecarts.eu\\\/fr\\\/boutique\\\/\"},{\"@type\":\"ListItem\",\"position\":3,\"name\":\"Stability Pet Bundle\"}]},{\"@type\":\"WebSite\",\"@id\":\"https:\\\/\\\/staging.stroleecarts.eu\\\/fr\\\/#website\",\"url\":\"https:\\\/\\\/staging.stroleecarts.eu\\\/fr\\\/\",\"name\":\"Strolee Carts Europe\",\"description\":\"Innovate Mobility\",\"potentialAction\":[{\"@type\":\"SearchAction\",\"target\":{\"@type\":\"EntryPoint\",\"urlTemplate\":\"https:\\\/\\\/staging.stroleecarts.eu\\\/fr\\\/?s={search_term_string}\"},\"query-input\":{\"@type\":\"PropertyValueSpecification\",\"valueRequired\":true,\"valueName\":\"search_term_string\"}}],\"inLanguage\":\"fr-FR\"}]}<\/script>\n<!-- \/ Yoast SEO plugin. -->","yoast_head_json":{"title":"Stability Pet Bundle - Strolee Carts Europe","description":"Le Strolee Stability Pet Bundle est une solution compl\u00e8te con\u00e7ue pour am\u00e9liorer l\u2019\u00e9quilibre, la stabilit\u00e9 et la qualit\u00e9 de vie globale de votre animal de compagnie.","robots":{"index":"index","follow":"follow","max-snippet":"max-snippet:-1","max-image-preview":"max-image-preview:large","max-video-preview":"max-video-preview:-1"},"canonical":"https:\/\/staging.stroleecarts.eu\/fr\/produit\/pack-animal-de-luxe\/","og_locale":"fr_FR","og_type":"article","og_title":"Stability Pet Bundle - Strolee Carts Europe","og_description":"Le Strolee Stability Pet Bundle est une solution compl\u00e8te con\u00e7ue pour am\u00e9liorer l\u2019\u00e9quilibre, la stabilit\u00e9 et la qualit\u00e9 de vie globale de votre animal de compagnie.","og_url":"https:\/\/staging.stroleecarts.eu\/fr\/produit\/pack-animal-de-luxe\/","og_site_name":"Strolee Carts Europe","article_modified_time":"2026-04-03T09:36:14+00:00","og_image":[{"width":1024,"height":1024,"url":"https:\/\/staging.stroleecarts.eu\/wp-content\/uploads\/2025\/11\/Stability-Pet-Bundle.webp","type":"image\/webp"}],"twitter_card":"summary_large_image","schema":{"@context":"https:\/\/schema.org","@graph":[{"@type":"WebPage","@id":"https:\/\/staging.stroleecarts.eu\/fr\/produit\/pack-animal-de-luxe\/","url":"https:\/\/staging.stroleecarts.eu\/fr\/produit\/pack-animal-de-luxe\/","name":"Stability Pet Bundle - Strolee Carts Europe","isPartOf":{"@id":"https:\/\/staging.stroleecarts.eu\/fr\/#website"},"primaryImageOfPage":{"@id":"https:\/\/staging.stroleecarts.eu\/fr\/produit\/pack-animal-de-luxe\/#primaryimage"},"image":{"@id":"https:\/\/staging.stroleecarts.eu\/fr\/produit\/pack-animal-de-luxe\/#primaryimage"},"thumbnailUrl":"https:\/\/staging.stroleecarts.eu\/wp-content\/uploads\/2025\/11\/Stability-Pet-Bundle.webp","datePublished":"2025-11-20T15:58:42+00:00","dateModified":"2026-04-03T09:36:14+00:00","description":"Le Strolee Stability Pet Bundle est une solution compl\u00e8te con\u00e7ue pour am\u00e9liorer l\u2019\u00e9quilibre, la stabilit\u00e9 et la qualit\u00e9 de vie globale de votre animal de compagnie.","breadcrumb":{"@id":"https:\/\/staging.stroleecarts.eu\/fr\/produit\/pack-animal-de-luxe\/#breadcrumb"},"inLanguage":"fr-FR","potentialAction":[{"@type":"ReadAction","target":["https:\/\/staging.stroleecarts.eu\/fr\/produit\/pack-animal-de-luxe\/"]}]},{"@type":"ImageObject","inLanguage":"fr-FR","@id":"https:\/\/staging.stroleecarts.eu\/fr\/produit\/pack-animal-de-luxe\/#primaryimage","url":"https:\/\/staging.stroleecarts.eu\/wp-content\/uploads\/2025\/11\/Stability-Pet-Bundle.webp","contentUrl":"https:\/\/staging.stroleecarts.eu\/wp-content\/uploads\/2025\/11\/Stability-Pet-Bundle.webp","width":1024,"height":1024},{"@type":"BreadcrumbList","@id":"https:\/\/staging.stroleecarts.eu\/fr\/produit\/pack-animal-de-luxe\/#breadcrumb","itemListElement":[{"@type":"ListItem","position":1,"name":"Home","item":"https:\/\/staging.stroleecarts.eu\/fr\/"},{"@type":"ListItem","position":2,"name":"Private: Shop_temp","item":"https:\/\/staging.stroleecarts.eu\/fr\/boutique\/"},{"@type":"ListItem","position":3,"name":"Stability Pet Bundle"}]},{"@type":"WebSite","@id":"https:\/\/staging.stroleecarts.eu\/fr\/#website","url":"https:\/\/staging.stroleecarts.eu\/fr\/","name":"Strolee Carts Europe","description":"Innovate Mobility","potentialAction":[{"@type":"SearchAction","target":{"@type":"EntryPoint","urlTemplate":"https:\/\/staging.stroleecarts.eu\/fr\/?s={search_term_string}"},"query-input":{"@type":"PropertyValueSpecification","valueRequired":true,"valueName":"search_term_string"}}],"inLanguage":"fr-FR"}]}},"_links":{"self":[{"href":"https:\/\/staging.stroleecarts.eu\/fr\/wp-json\/wp\/v2\/product\/4103","targetHints":{"allow":["GET"]}}],"collection":[{"href":"https:\/\/staging.stroleecarts.eu\/fr\/wp-json\/wp\/v2\/product"}],"about":[{"href":"https:\/\/staging.stroleecarts.eu\/fr\/wp-json\/wp\/v2\/types\/product"}],"replies":[{"embeddable":true,"href":"https:\/\/staging.stroleecarts.eu\/fr\/wp-json\/wp\/v2\/comments?post=4103"}],"version-history":[{"count":2,"href":"https:\/\/staging.stroleecarts.eu\/fr\/wp-json\/wp\/v2\/product\/4103\/revisions"}],"predecessor-version":[{"id":6347,"href":"https:\/\/staging.stroleecarts.eu\/fr\/wp-json\/wp\/v2\/product\/4103\/revisions\/6347"}],"wp:featuredmedia":[{"embeddable":true,"href":"https:\/\/staging.stroleecarts.eu\/fr\/wp-json\/wp\/v2\/media\/6559"}],"wp:attachment":[{"href":"https:\/\/staging.stroleecarts.eu\/fr\/wp-json\/wp\/v2\/media?parent=4103"}],"wp:term":[{"taxonomy":"product_brand","embeddable":true,"href":"https:\/\/staging.stroleecarts.eu\/fr\/wp-json\/wp\/v2\/product_brand?post=4103"},{"taxonomy":"product_cat","embeddable":true,"href":"https:\/\/staging.stroleecarts.eu\/fr\/wp-json\/wp\/v2\/product_cat?post=4103"},{"taxonomy":"product_tag","embeddable":true,"href":"https:\/\/staging.stroleecarts.eu\/fr\/wp-json\/wp\/v2\/product_tag?post=4103"}],"curies":[{"name":"wp","href":"https:\/\/api.w.org\/{rel}","templated":true}]}}