{"id":4731,"date":"2025-10-28T23:18:37","date_gmt":"2025-10-28T23:18:37","guid":{"rendered":"https:\/\/staging.stroleecarts.eu\/product\/nacelle-pour-animaux-de-compagnie\/"},"modified":"2026-04-03T21:12:24","modified_gmt":"2026-04-03T21:12:24","slug":"nacelle-pour-animaux-de-compagnie","status":"publish","type":"product","link":"https:\/\/staging.stroleecarts.eu\/fr\/produit\/nacelle-pour-animaux-de-compagnie\/","title":{"rendered":"Pet Bassinet"},"content":{"rendered":"\t\t<div data-elementor-type=\"wp-post\" data-elementor-id=\"4731\" class=\"elementor elementor-4731 elementor-1636\" data-elementor-post-type=\"product\">\n\t\t\t\t\t\t<section class=\"wd-negative-gap elementor-section elementor-top-section elementor-element elementor-element-c937877 elementor-section-boxed elementor-section-height-default elementor-section-height-default\" data-id=\"c937877\" data-element_type=\"section\" data-e-type=\"section\">\n\t\t\t\t\t\t<div class=\"elementor-container elementor-column-gap-default\">\n\t\t\t\t\t<div class=\"elementor-column elementor-col-100 elementor-top-column elementor-element elementor-element-b4e37de\" data-id=\"b4e37de\" data-element_type=\"column\" data-e-type=\"column\">\n\t\t\t<div class=\"elementor-widget-wrap elementor-element-populated\">\n\t\t\t\t\t\t<div class=\"elementor-element elementor-element-e076ef1 elementor-widget elementor-widget-wd_image_or_svg\" data-id=\"e076ef1\" data-element_type=\"widget\" data-e-type=\"widget\" data-widget_type=\"wd_image_or_svg.default\">\n\t\t\t\t<div class=\"elementor-widget-container\">\n\t\t\t\t\t\n\t\t<div class=\"wd-image text-left\">\n\t\t\t\t\t\t\t\t\t\t\t\t\t<\/div>\n\n\t\t\t\t\t\t<\/div>\n\t\t\t\t<\/div>\n\t\t\t\t<div class=\"elementor-element elementor-element-ebf770c elementor-widget elementor-widget-wd_text_block\" data-id=\"ebf770c\" data-element_type=\"widget\" data-e-type=\"widget\" data-widget_type=\"wd_text_block.default\">\n\t\t\t\t<div class=\"elementor-widget-container\">\n\t\t\t\t\t\t\t<div class=\"wd-text-block reset-last-child text-left\">\n\t\t\t\n\t\t\t<p>L'entreprise r\u00e9interpr\u00e8te la tradition en faisant appel \u00e0 des designers internationaux pour travailler avec elle et en d\u00e9veloppant de nouvelles technologies et de nouveaux mat\u00e9riaux afin de garantir des r\u00e9sultats innovants et surprenants. La passion est le moteur de la marque, qui, avec ses cr\u00e9atifs de renom et ses collaborateurs de haut niveau, recherche des solutions originales en utilisant des mat\u00e9riaux, des m\u00e9thodes, des outils et des technologies de pointe. <\/p>\n\t\t\t\t\t<\/div>\n\t\t\t\t\t\t<\/div>\n\t\t\t\t<\/div>\n\t\t\t\t<div class=\"elementor-element elementor-element-51d04c2 elementor-widget elementor-widget-wd_list\" data-id=\"51d04c2\" data-element_type=\"widget\" data-e-type=\"widget\" data-widget_type=\"wd_list.default\">\n\t\t\t\t<div class=\"elementor-widget-container\">\n\t\t\t\t\t\t\t<ul class=\"wd-list color-scheme- wd-fontsize-s wd-type-image wd-style-default text-left\">\n\t\t\t\t\t\t\t\t\t\t\t<li class=\"elementor-repeater-item-14e774a\">\n\t\t\t\t\t\t\t\t\t\t\t<span class=\"wd-icon\"><img decoding=\"async\"  src=\"https:\/\/staging.stroleecarts.eu\/wp-content\/uploads\/2023\/04\/wd-furniture-dot-list.svg\" title=\"wd-furniture-dot-list\" loading=\"lazy\" width=\"6\" height=\"6\"><\/span>\t\t\t\t\t\n\t\t\t\t\t<span class=\"wd-list-content list-content\">\n\t\t\t\t\t\t\t\t\t\t\t\t\tChoisissez des articles dans une seule palette de couleurs et un seul style\t\t\t\t\t\t\t\t\t\t\t<\/span>\n\t\t\t\t<\/li>\n\t\t\t\t\t\t\t\t\t\t\t<li class=\"elementor-repeater-item-f676396\">\n\t\t\t\t\t\t\t\t\t\t\t<span class=\"wd-icon\"><img decoding=\"async\"  src=\"https:\/\/staging.stroleecarts.eu\/wp-content\/uploads\/2023\/04\/wd-furniture-dot-list.svg\" title=\"wd-furniture-dot-list\" loading=\"lazy\" width=\"6\" height=\"6\"><\/span>\t\t\t\t\t\n\t\t\t\t\t<span class=\"wd-list-content list-content\">\n\t\t\t\t\t\t\t\t\t\t\t\t\tTenez compte de la superficie de la pi\u00e8ce\t\t\t\t\t\t\t\t\t\t\t<\/span>\n\t\t\t\t<\/li>\n\t\t\t\t\t\t\t\t\t\t\t<li class=\"elementor-repeater-item-5c6fb97\">\n\t\t\t\t\t\t\t\t\t\t\t<span class=\"wd-icon\"><img decoding=\"async\"  src=\"https:\/\/staging.stroleecarts.eu\/wp-content\/uploads\/2023\/04\/wd-furniture-dot-list.svg\" title=\"wd-furniture-dot-list\" loading=\"lazy\" width=\"6\" height=\"6\"><\/span>\t\t\t\t\t\n\t\t\t\t\t<span class=\"wd-list-content list-content\">\n\t\t\t\t\t\t\t\t\t\t\t\t\tN'achetez pas de meubles inutiles\t\t\t\t\t\t\t\t\t\t\t<\/span>\n\t\t\t\t<\/li>\n\t\t\t\t\t<\/ul>\n\n\t\t\t\t\t\t<\/div>\n\t\t\t\t<\/div>\n\t\t\t\t\t<\/div>\n\t\t<\/div>\n\t\t\t\t\t<\/div>\n\t\t<\/section>\n\t\t\t\t<\/div>\n\t\t","protected":false},"excerpt":{"rendered":"<p><strong>Transformez votre chariot de courses personnel Strolee en poussette de luxe pour animaux de compagnie.<\/strong><\/p>\n<p>Retirez simplement le sac de courses, ins\u00e9rez la nacelle et que l\u2019aventure commence. Cette nacelle est \u00e9galement id\u00e9ale pour transporter votre animal de compagnie en voiture. Utilisez simplement votre ceinture de s\u00e9curit\u00e9 pour fixer la nacelle.  <\/p>\n<p>Parfait pour les animaux pesant jusqu\u2019\u00e0 22&nbsp;kg.<\/p>\n<p>Votre nacelle&nbsp;:<\/p>\n<ul>\n<li>Fabriqu\u00e9 avec des fen\u00eatres peekaboo en maille respirante<\/li>\n<li>S\u2019ouvre des deux c\u00f4t\u00e9s<\/li>\n<li>Boucles cousues pour fixer la laisse et assurer la s\u00e9curit\u00e9 de votre animal<\/li>\n<li>Se plie \u00e0 plat pour un transport et un rangement faciles<\/li>\n<li>Mat\u00e9riaux faciles \u00e0 nettoyer<\/li>\n<li>Livr\u00e9 avec un matelas confortable<\/li>\n<\/ul>\n","protected":false},"featured_media":6451,"comment_status":"open","ping_status":"closed","template":"","meta":[],"product_brand":[],"product_cat":[124],"product_tag":[140,151],"class_list":{"0":"post-4731","1":"product","2":"type-product","3":"status-publish","4":"has-post-thumbnail","6":"product_cat-accessoires","7":"product_tag-accessoires","8":"product_tag-animal-de-compagnie","10":"first","11":"instock","12":"shipping-taxable","13":"purchasable","14":"product-type-variable"},"yoast_head":"<!-- This site is optimized with the Yoast SEO plugin v27.4 - https:\/\/yoast.com\/product\/yoast-seo-wordpress\/ -->\n<title>Nacelle pour animaux Strolee \u2013 Panier de transport confortable pour animaux de compagnie pour chariots et poussettes<\/title>\n<meta name=\"description\" content=\"D\u00e9couvrez la nacelle pour animaux Strolee \u2014 un panier de transport confortable et s\u00fbr pour les animaux de compagnie sur les chariots ou les poussettes. Parfait pour les petits animaux et facile \u00e0 fixer. Commandez maintenant\u00a0!\" \/>\n<meta name=\"robots\" content=\"index, follow, max-snippet:-1, max-image-preview:large, max-video-preview:-1\" \/>\n<link rel=\"canonical\" href=\"https:\/\/staging.stroleecarts.eu\/fr\/produit\/nacelle-pour-animaux-de-compagnie\/\" \/>\n<meta property=\"og:locale\" content=\"fr_FR\" \/>\n<meta property=\"og:type\" content=\"article\" \/>\n<meta property=\"og:title\" content=\"Nacelle pour animaux Strolee \u2013 Panier de transport confortable pour animaux de compagnie pour chariots et poussettes\" \/>\n<meta property=\"og:description\" content=\"D\u00e9couvrez la nacelle pour animaux Strolee \u2014 un panier de transport confortable et s\u00fbr pour les animaux de compagnie sur les chariots ou les poussettes. Parfait pour les petits animaux et facile \u00e0 fixer. Commandez maintenant\u00a0!\" \/>\n<meta property=\"og:url\" content=\"https:\/\/staging.stroleecarts.eu\/fr\/produit\/nacelle-pour-animaux-de-compagnie\/\" \/>\n<meta property=\"og:site_name\" content=\"Strolee Carts Europe\" \/>\n<meta property=\"article:modified_time\" content=\"2026-04-03T21:12:24+00:00\" \/>\n<meta property=\"og:image\" content=\"https:\/\/staging.stroleecarts.eu\/wp-content\/uploads\/2025\/10\/pet-bassinet.webp\" \/>\n\t<meta property=\"og:image:width\" content=\"1024\" \/>\n\t<meta property=\"og:image:height\" content=\"1024\" \/>\n\t<meta property=\"og:image:type\" content=\"image\/jpeg\" \/>\n<meta name=\"twitter:card\" content=\"summary_large_image\" \/>\n<meta name=\"twitter:label1\" content=\"Dur\u00e9e de lecture estim\u00e9e\" \/>\n\t<meta name=\"twitter:data1\" content=\"1 minute\" \/>\n<script type=\"application\/ld+json\" class=\"yoast-schema-graph\">{\"@context\":\"https:\\\/\\\/schema.org\",\"@graph\":[{\"@type\":\"WebPage\",\"@id\":\"https:\\\/\\\/staging.stroleecarts.eu\\\/fr\\\/produit\\\/nacelle-pour-animaux-de-compagnie\\\/\",\"url\":\"https:\\\/\\\/staging.stroleecarts.eu\\\/fr\\\/produit\\\/nacelle-pour-animaux-de-compagnie\\\/\",\"name\":\"Nacelle pour animaux Strolee \u2013 Panier de transport confortable pour animaux de compagnie pour chariots et poussettes\",\"isPartOf\":{\"@id\":\"https:\\\/\\\/staging.stroleecarts.eu\\\/fr\\\/#website\"},\"primaryImageOfPage\":{\"@id\":\"https:\\\/\\\/staging.stroleecarts.eu\\\/fr\\\/produit\\\/nacelle-pour-animaux-de-compagnie\\\/#primaryimage\"},\"image\":{\"@id\":\"https:\\\/\\\/staging.stroleecarts.eu\\\/fr\\\/produit\\\/nacelle-pour-animaux-de-compagnie\\\/#primaryimage\"},\"thumbnailUrl\":\"https:\\\/\\\/staging.stroleecarts.eu\\\/wp-content\\\/uploads\\\/2025\\\/10\\\/pet-bassinet.webp\",\"datePublished\":\"2025-10-28T23:18:37+00:00\",\"dateModified\":\"2026-04-03T21:12:24+00:00\",\"description\":\"D\u00e9couvrez la nacelle pour animaux Strolee \u2014 un panier de transport confortable et s\u00fbr pour les animaux de compagnie sur les chariots ou les poussettes. Parfait pour les petits animaux et facile \u00e0 fixer. Commandez maintenant\u00a0!\",\"breadcrumb\":{\"@id\":\"https:\\\/\\\/staging.stroleecarts.eu\\\/fr\\\/produit\\\/nacelle-pour-animaux-de-compagnie\\\/#breadcrumb\"},\"inLanguage\":\"fr-FR\",\"potentialAction\":[{\"@type\":\"ReadAction\",\"target\":[\"https:\\\/\\\/staging.stroleecarts.eu\\\/fr\\\/produit\\\/nacelle-pour-animaux-de-compagnie\\\/\"]}]},{\"@type\":\"ImageObject\",\"inLanguage\":\"fr-FR\",\"@id\":\"https:\\\/\\\/staging.stroleecarts.eu\\\/fr\\\/produit\\\/nacelle-pour-animaux-de-compagnie\\\/#primaryimage\",\"url\":\"https:\\\/\\\/staging.stroleecarts.eu\\\/wp-content\\\/uploads\\\/2025\\\/10\\\/pet-bassinet.webp\",\"contentUrl\":\"https:\\\/\\\/staging.stroleecarts.eu\\\/wp-content\\\/uploads\\\/2025\\\/10\\\/pet-bassinet.webp\",\"width\":1024,\"height\":1024},{\"@type\":\"BreadcrumbList\",\"@id\":\"https:\\\/\\\/staging.stroleecarts.eu\\\/fr\\\/produit\\\/nacelle-pour-animaux-de-compagnie\\\/#breadcrumb\",\"itemListElement\":[{\"@type\":\"ListItem\",\"position\":1,\"name\":\"Home\",\"item\":\"https:\\\/\\\/staging.stroleecarts.eu\\\/fr\\\/\"},{\"@type\":\"ListItem\",\"position\":2,\"name\":\"Private: Shop_temp\",\"item\":\"https:\\\/\\\/staging.stroleecarts.eu\\\/fr\\\/boutique\\\/\"},{\"@type\":\"ListItem\",\"position\":3,\"name\":\"Pet Bassinet\"}]},{\"@type\":\"WebSite\",\"@id\":\"https:\\\/\\\/staging.stroleecarts.eu\\\/fr\\\/#website\",\"url\":\"https:\\\/\\\/staging.stroleecarts.eu\\\/fr\\\/\",\"name\":\"Strolee Carts Europe\",\"description\":\"Innovate Mobility\",\"potentialAction\":[{\"@type\":\"SearchAction\",\"target\":{\"@type\":\"EntryPoint\",\"urlTemplate\":\"https:\\\/\\\/staging.stroleecarts.eu\\\/fr\\\/?s={search_term_string}\"},\"query-input\":{\"@type\":\"PropertyValueSpecification\",\"valueRequired\":true,\"valueName\":\"search_term_string\"}}],\"inLanguage\":\"fr-FR\"}]}<\/script>\n<!-- \/ Yoast SEO plugin. -->","yoast_head_json":{"title":"Nacelle pour animaux Strolee \u2013 Panier de transport confortable pour animaux de compagnie pour chariots et poussettes","description":"D\u00e9couvrez la nacelle pour animaux Strolee \u2014 un panier de transport confortable et s\u00fbr pour les animaux de compagnie sur les chariots ou les poussettes. Parfait pour les petits animaux et facile \u00e0 fixer. Commandez maintenant\u00a0!","robots":{"index":"index","follow":"follow","max-snippet":"max-snippet:-1","max-image-preview":"max-image-preview:large","max-video-preview":"max-video-preview:-1"},"canonical":"https:\/\/staging.stroleecarts.eu\/fr\/produit\/nacelle-pour-animaux-de-compagnie\/","og_locale":"fr_FR","og_type":"article","og_title":"Nacelle pour animaux Strolee \u2013 Panier de transport confortable pour animaux de compagnie pour chariots et poussettes","og_description":"D\u00e9couvrez la nacelle pour animaux Strolee \u2014 un panier de transport confortable et s\u00fbr pour les animaux de compagnie sur les chariots ou les poussettes. Parfait pour les petits animaux et facile \u00e0 fixer. Commandez maintenant\u00a0!","og_url":"https:\/\/staging.stroleecarts.eu\/fr\/produit\/nacelle-pour-animaux-de-compagnie\/","og_site_name":"Strolee Carts Europe","article_modified_time":"2026-04-03T21:12:24+00:00","og_image":[{"width":1024,"height":1024,"url":"https:\/\/staging.stroleecarts.eu\/wp-content\/uploads\/2025\/10\/pet-bassinet.webp","type":"image\/jpeg"}],"twitter_card":"summary_large_image","twitter_misc":{"Dur\u00e9e de lecture estim\u00e9e":"1 minute"},"schema":{"@context":"https:\/\/schema.org","@graph":[{"@type":"WebPage","@id":"https:\/\/staging.stroleecarts.eu\/fr\/produit\/nacelle-pour-animaux-de-compagnie\/","url":"https:\/\/staging.stroleecarts.eu\/fr\/produit\/nacelle-pour-animaux-de-compagnie\/","name":"Nacelle pour animaux Strolee \u2013 Panier de transport confortable pour animaux de compagnie pour chariots et poussettes","isPartOf":{"@id":"https:\/\/staging.stroleecarts.eu\/fr\/#website"},"primaryImageOfPage":{"@id":"https:\/\/staging.stroleecarts.eu\/fr\/produit\/nacelle-pour-animaux-de-compagnie\/#primaryimage"},"image":{"@id":"https:\/\/staging.stroleecarts.eu\/fr\/produit\/nacelle-pour-animaux-de-compagnie\/#primaryimage"},"thumbnailUrl":"https:\/\/staging.stroleecarts.eu\/wp-content\/uploads\/2025\/10\/pet-bassinet.webp","datePublished":"2025-10-28T23:18:37+00:00","dateModified":"2026-04-03T21:12:24+00:00","description":"D\u00e9couvrez la nacelle pour animaux Strolee \u2014 un panier de transport confortable et s\u00fbr pour les animaux de compagnie sur les chariots ou les poussettes. Parfait pour les petits animaux et facile \u00e0 fixer. Commandez maintenant\u00a0!","breadcrumb":{"@id":"https:\/\/staging.stroleecarts.eu\/fr\/produit\/nacelle-pour-animaux-de-compagnie\/#breadcrumb"},"inLanguage":"fr-FR","potentialAction":[{"@type":"ReadAction","target":["https:\/\/staging.stroleecarts.eu\/fr\/produit\/nacelle-pour-animaux-de-compagnie\/"]}]},{"@type":"ImageObject","inLanguage":"fr-FR","@id":"https:\/\/staging.stroleecarts.eu\/fr\/produit\/nacelle-pour-animaux-de-compagnie\/#primaryimage","url":"https:\/\/staging.stroleecarts.eu\/wp-content\/uploads\/2025\/10\/pet-bassinet.webp","contentUrl":"https:\/\/staging.stroleecarts.eu\/wp-content\/uploads\/2025\/10\/pet-bassinet.webp","width":1024,"height":1024},{"@type":"BreadcrumbList","@id":"https:\/\/staging.stroleecarts.eu\/fr\/produit\/nacelle-pour-animaux-de-compagnie\/#breadcrumb","itemListElement":[{"@type":"ListItem","position":1,"name":"Home","item":"https:\/\/staging.stroleecarts.eu\/fr\/"},{"@type":"ListItem","position":2,"name":"Private: Shop_temp","item":"https:\/\/staging.stroleecarts.eu\/fr\/boutique\/"},{"@type":"ListItem","position":3,"name":"Pet Bassinet"}]},{"@type":"WebSite","@id":"https:\/\/staging.stroleecarts.eu\/fr\/#website","url":"https:\/\/staging.stroleecarts.eu\/fr\/","name":"Strolee Carts Europe","description":"Innovate Mobility","potentialAction":[{"@type":"SearchAction","target":{"@type":"EntryPoint","urlTemplate":"https:\/\/staging.stroleecarts.eu\/fr\/?s={search_term_string}"},"query-input":{"@type":"PropertyValueSpecification","valueRequired":true,"valueName":"search_term_string"}}],"inLanguage":"fr-FR"}]}},"_links":{"self":[{"href":"https:\/\/staging.stroleecarts.eu\/fr\/wp-json\/wp\/v2\/product\/4731","targetHints":{"allow":["GET"]}}],"collection":[{"href":"https:\/\/staging.stroleecarts.eu\/fr\/wp-json\/wp\/v2\/product"}],"about":[{"href":"https:\/\/staging.stroleecarts.eu\/fr\/wp-json\/wp\/v2\/types\/product"}],"replies":[{"embeddable":true,"href":"https:\/\/staging.stroleecarts.eu\/fr\/wp-json\/wp\/v2\/comments?post=4731"}],"version-history":[{"count":2,"href":"https:\/\/staging.stroleecarts.eu\/fr\/wp-json\/wp\/v2\/product\/4731\/revisions"}],"predecessor-version":[{"id":6091,"href":"https:\/\/staging.stroleecarts.eu\/fr\/wp-json\/wp\/v2\/product\/4731\/revisions\/6091"}],"wp:featuredmedia":[{"embeddable":true,"href":"https:\/\/staging.stroleecarts.eu\/fr\/wp-json\/wp\/v2\/media\/6451"}],"wp:attachment":[{"href":"https:\/\/staging.stroleecarts.eu\/fr\/wp-json\/wp\/v2\/media?parent=4731"}],"wp:term":[{"taxonomy":"product_brand","embeddable":true,"href":"https:\/\/staging.stroleecarts.eu\/fr\/wp-json\/wp\/v2\/product_brand?post=4731"},{"taxonomy":"product_cat","embeddable":true,"href":"https:\/\/staging.stroleecarts.eu\/fr\/wp-json\/wp\/v2\/product_cat?post=4731"},{"taxonomy":"product_tag","embeddable":true,"href":"https:\/\/staging.stroleecarts.eu\/fr\/wp-json\/wp\/v2\/product_tag?post=4731"}],"curies":[{"name":"wp","href":"https:\/\/api.w.org\/{rel}","templated":true}]}}