{"id":4244,"date":"2025-11-19T14:03:25","date_gmt":"2025-11-19T14:03:25","guid":{"rendered":"https:\/\/staging.stroleecarts.eu\/garantia\/"},"modified":"2026-04-02T00:10:20","modified_gmt":"2026-04-02T00:10:20","slug":"garantia","status":"publish","type":"page","link":"https:\/\/staging.stroleecarts.eu\/pt-pt\/garantia\/","title":{"rendered":"Garantia"},"content":{"rendered":"\t\t<div data-elementor-type=\"wp-page\" data-elementor-id=\"4244\" class=\"elementor elementor-4244 elementor-2603\" data-elementor-post-type=\"page\">\n\t\t\t\t<div class=\"wd-negative-gap elementor-element elementor-element-2202dd8 wd-section-stretch animated-slow e-flex e-con-boxed elementor-invisible e-con e-parent\" data-id=\"2202dd8\" data-element_type=\"container\" data-e-type=\"container\" data-settings=\"{&quot;background_background&quot;:&quot;slideshow&quot;,&quot;background_slideshow_gallery&quot;:[{&quot;id&quot;:4077,&quot;url&quot;:&quot;http:\\\/\\\/staging.stroleecarts.eu\\\/wp-content\\\/uploads\\\/2025\\\/11\\\/1strolee_pet_cart.webp&quot;}],&quot;animation&quot;:&quot;fadeIn&quot;,&quot;animation_mobile&quot;:&quot;fadeIn&quot;,&quot;background_slideshow_loop&quot;:&quot;yes&quot;,&quot;background_slideshow_slide_duration&quot;:5000,&quot;background_slideshow_slide_transition&quot;:&quot;fade&quot;,&quot;background_slideshow_transition_duration&quot;:500}\">\n\t\t\t\t\t<div class=\"e-con-inner\">\n\t\t\t\t<div class=\"elementor-element elementor-element-e14c886 wd-width-100 elementor-widget elementor-widget-wd_title\" data-id=\"e14c886\" data-element_type=\"widget\" data-e-type=\"widget\" data-widget_type=\"wd_title.default\">\n\t\t\t\t<div class=\"elementor-widget-container\">\n\t\t\t\t\t\t\t<div class=\"title-wrapper wd-set-mb reset-last-child wd-title-color-default wd-title-style-default wd-title-size-large text-center\">\n\n\t\t\t\n\t\t\t<div class=\"liner-continer\">\n\t\t\t\t<h1 class=\"woodmart-title-container title wd-fontsize-xxl\">A Garantia Strolee<\/h1> \n\t\t\t\t\t\t\t<\/div>\n\n\t\t\t\t\t\t\t<div class=\"title-after_title reset-last-child wd-fontsize-s\">\n\t\t\t\t\t<p>Na Strolee, inovamos a mobilidade para simplificar as viagens da vida. Quer seja pai, amante de animais de estima\u00e7\u00e3o ou uma alma com desejo de viajar, os nossos carrinhos oferecem luxo leve, transformando momentos em movimento em mem\u00f3rias preciosas. <\/p>\t\t\t\t<\/div>\n\t\t\t\t\t<\/div>\n\t\t\t\t\t\t<\/div>\n\t\t\t\t<\/div>\n\t\t\t\t\t<\/div>\n\t\t\t\t<\/div>\n\t\t<div class=\"elementor-element elementor-element-4a6c9bb animated-slow e-flex e-con-boxed elementor-invisible e-con e-parent\" data-id=\"4a6c9bb\" data-element_type=\"container\" data-e-type=\"container\" data-settings=\"{&quot;animation&quot;:&quot;fadeIn&quot;}\">\n\t\t\t\t\t<div class=\"e-con-inner\">\n\t\t\t\t<div class=\"elementor-element elementor-element-fac7feb wd-width-100 elementor-widget elementor-widget-wd_title\" data-id=\"fac7feb\" data-element_type=\"widget\" data-e-type=\"widget\" data-widget_type=\"wd_title.default\">\n\t\t\t\t<div class=\"elementor-widget-container\">\n\t\t\t\t\t\t\t<div class=\"title-wrapper wd-set-mb reset-last-child wd-title-color-default wd-title-style-default wd-title-size-large text-center\">\n\n\t\t\t\n\t\t\t<div class=\"liner-continer\">\n\t\t\t\t<h2 class=\"woodmart-title-container title wd-fontsize-xxl\">A Nossa Origem<\/h2> \n\t\t\t\t\t\t\t<\/div>\n\n\t\t\t\t\t<\/div>\n\t\t\t\t\t\t<\/div>\n\t\t\t\t<\/div>\n\t\t\t\t<div class=\"elementor-element elementor-element-4492caf color-scheme-inherit text-left elementor-widget elementor-widget-text-editor\" data-id=\"4492caf\" data-element_type=\"widget\" data-e-type=\"widget\" data-widget_type=\"text-editor.default\">\n\t\t\t\t\t\t\t\t\t<p>No mundo acelerado de hoje, a Strolee viu uma necessidade n\u00e3o satisfeita. Uma necessidade de carrinhos que se encaixem perfeitamente nas nossas vidas em constante evolu\u00e7\u00e3o, quer seja um dia na praia com a fam\u00edlia ou um passeio no parque com os nossos amigos peludos. <\/p><p>Nascida de uma paix\u00e3o para simplificar a vida das m\u00e3es ocupadas, a nossa gama de carrinhos foi meticulosamente concebida para ser simples, leve e notavelmente dur\u00e1vel.<\/p><p>Na Strolee, somos mais do que apenas uma empresa. Somos uma comunidade que celebra a alegria da jornada. <\/p><p>Que tipo de comunidade estar\u00edamos a construir se contrat\u00e1ssemos advogados caros para escrever um monte de letras pequenas na nossa garantia?<\/p><p>\u00c9 por isso que pedimos aos nossos filhos para a escrever e sentimos pessoalmente que eles acertaram a 100 %!<\/p><p>Chamamos-lhe&#8230;.<\/p>\t\t\t\t\t\t\t\t<\/div>\n\t\t\t\t\t<\/div>\n\t\t\t\t<\/div>\n\t\t<div class=\"elementor-element elementor-element-958ef32 animated-slow e-flex e-con-boxed elementor-invisible e-con e-parent\" data-id=\"958ef32\" data-element_type=\"container\" data-e-type=\"container\" data-settings=\"{&quot;animation&quot;:&quot;fadeIn&quot;}\">\n\t\t\t\t\t<div class=\"e-con-inner\">\n\t\t\t\t<div class=\"elementor-element elementor-element-42e57fb wd-width-100 elementor-widget elementor-widget-wd_title\" data-id=\"42e57fb\" data-element_type=\"widget\" data-e-type=\"widget\" data-widget_type=\"wd_title.default\">\n\t\t\t\t<div class=\"elementor-widget-container\">\n\t\t\t\t\t\t\t<div class=\"title-wrapper wd-set-mb reset-last-child wd-title-color-default wd-title-style-default wd-title-size-large text-center\">\n\n\t\t\t\n\t\t\t<div class=\"liner-continer\">\n\t\t\t\t<h2 class=\"woodmart-title-container title wd-fontsize-xxl\">Garantia Strolee Resolve<\/h2> \n\t\t\t\t\t\t\t<\/div>\n\n\t\t\t\t\t<\/div>\n\t\t\t\t\t\t<\/div>\n\t\t\t\t<\/div>\n\t\t\t\t<div class=\"elementor-element elementor-element-7021574 color-scheme-inherit text-left elementor-widget elementor-widget-text-editor\" data-id=\"7021574\" data-element_type=\"widget\" data-e-type=\"widget\" data-widget_type=\"text-editor.default\">\n\t\t\t\t\t\t\t\t\t<p>Ent\u00e3o, o que significa isso? Simples&#8230; <\/p><p><strong>Durante 2 anos ap\u00f3s a compra do seu Strolee, se este se avariar devido a qualquer falha de design ou fabrico, n\u00f3s resolvemos o problema GRATUITAMENTE!<\/strong><\/p><p><strong>As rodas partem-se?<\/strong>  &#8211; N\u00e3o h\u00e1 problema, enviaremos novas o mais breve poss\u00edvel<\/p><p><strong>A estrutura parte-se ou dobra-se?<\/strong>  Vai receber uma nova estrutura!<\/p><p><strong>O seu c\u00e3o roeu e destruiu as rodas?<\/strong> &#8211; N\u00e3o h\u00e1 problema! Enviamos um novo conjunto de rodas!<\/p><p>Acho que percebeu a ideia. Se o seu Strolee alguma vez o dececionar, basta contactar a nossa equipa de apoio ao cliente e n\u00f3s resolveremos o problema imediatamente! <\/p><p>P.s- N\u00e3o perca o seu tempo \u00e0 procura das letras pequenas porque n\u00e3o existem!<\/p>\t\t\t\t\t\t\t\t<\/div>\n\t\t\t\t\t<\/div>\n\t\t\t\t<\/div>\n\t\t<div class=\"elementor-element elementor-element-fb30c1d animated-slow e-flex e-con-boxed elementor-invisible e-con e-parent\" data-id=\"fb30c1d\" data-element_type=\"container\" data-e-type=\"container\" data-settings=\"{&quot;animation&quot;:&quot;fadeIn&quot;}\">\n\t\t\t\t\t<div class=\"e-con-inner\">\n\t\t<div class=\"elementor-element elementor-element-617448a e-con-full e-flex e-con e-child\" data-id=\"617448a\" data-element_type=\"container\" data-e-type=\"container\">\n\t\t\t\t<div class=\"elementor-element elementor-element-7757376 wd-width-100 elementor-widget elementor-widget-wd_title\" data-id=\"7757376\" data-element_type=\"widget\" data-e-type=\"widget\" data-widget_type=\"wd_title.default\">\n\t\t\t\t<div class=\"elementor-widget-container\">\n\t\t\t\t\t\t\t<div class=\"title-wrapper wd-set-mb reset-last-child wd-title-color-default wd-title-style-default wd-title-size-large text-center\">\n\n\t\t\t\n\t\t\t<div class=\"liner-continer\">\n\t\t\t\t<h4 class=\"woodmart-title-container title wd-fontsize-xxl\">Tem alguma quest\u00e3o?<\/h4> \n\t\t\t\t\t\t\t<\/div>\n\n\t\t\t\t\t<\/div>\n\t\t\t\t\t\t<\/div>\n\t\t\t\t<\/div>\n\t\t\t\t<\/div>\n\t\t<div class=\"elementor-element elementor-element-8b03d49 e-con-full e-flex e-con e-child\" data-id=\"8b03d49\" data-element_type=\"container\" data-e-type=\"container\">\n\t\t\t\t<div class=\"elementor-element elementor-element-4cb6db4 color-scheme-inherit text-left elementor-widget elementor-widget-text-editor\" data-id=\"4cb6db4\" data-element_type=\"widget\" data-e-type=\"widget\" data-widget_type=\"text-editor.default\">\n\t\t\t\t\t\t\t\t\t<p>Gostar\u00edamos MUITO de saber a sua opini\u00e3o! Sinta-se \u00e0 vontade para preencher o formul\u00e1rio de contacto com quaisquer quest\u00f5es, coment\u00e1rios ou preocupa\u00e7\u00f5es. Entraremos em contacto consigo o mais breve poss\u00edvel! Obrigado por escolher a Strolee!  <\/p>\t\t\t\t\t\t\t\t<\/div>\n\t\t\t\t<\/div>\n\t\t<div class=\"elementor-element elementor-element-adb7280 e-con-full e-flex e-con e-child\" data-id=\"adb7280\" data-element_type=\"container\" data-e-type=\"container\">\n\t\t\t\t<div class=\"elementor-element elementor-element-9a9f449 elementor-button-align-stretch elementor-widget elementor-widget-form\" data-id=\"9a9f449\" data-element_type=\"widget\" data-e-type=\"widget\" data-settings=\"{&quot;step_next_label&quot;:&quot;Seguinte&quot;,&quot;step_previous_label&quot;:&quot;Anterior&quot;,&quot;button_width&quot;:&quot;100&quot;,&quot;step_type&quot;:&quot;number_text&quot;,&quot;step_icon_shape&quot;:&quot;circle&quot;}\" data-widget_type=\"form.default\">\n\t\t\t\t\t\t\t<form class=\"elementor-form\" method=\"post\" id=\"connectstrolee\" name=\"connectstrolee\" aria-label=\"connectstrolee\">\n\t\t\t<input type=\"hidden\" name=\"post_id\" value=\"4244\"\/>\n\t\t\t<input type=\"hidden\" name=\"form_id\" value=\"9a9f449\"\/>\n\t\t\t<input type=\"hidden\" name=\"referer_title\" value=\"Pol\u00edtica de Garantia e Devolu\u00e7\u00e3o da Strolee \u2013 Termos da Garantia Europa\" \/>\n\n\t\t\t\t\t\t\t<input type=\"hidden\" name=\"queried_id\" value=\"4244\"\/>\n\t\t\t\n\t\t\t<div class=\"elementor-form-fields-wrapper elementor-labels-\">\n\t\t\t\t\t\t\t\t<div class=\"elementor-field-type-text elementor-field-group elementor-column elementor-field-group-name elementor-col-100 elementor-field-required\">\n\t\t\t\t\t\t\t\t\t\t\t\t<label for=\"form-field-name\" class=\"elementor-field-label elementor-screen-only\">\n\t\t\t\t\t\t\t\tNome\t\t\t\t\t\t\t<\/label>\n\t\t\t\t\t\t\t\t\t\t\t\t\t\t<input size=\"1\" type=\"text\" name=\"form_fields[name]\" id=\"form-field-name\" class=\"elementor-field elementor-size-lg  elementor-field-textual\" placeholder=\"Nome\" required=\"required\">\n\t\t\t\t\t\t\t\t\t\t\t<\/div>\n\t\t\t\t\t\t\t\t<div class=\"elementor-field-type-email elementor-field-group elementor-column elementor-field-group-email elementor-col-100 elementor-field-required\">\n\t\t\t\t\t\t\t\t\t\t\t\t<label for=\"form-field-email\" class=\"elementor-field-label elementor-screen-only\">\n\t\t\t\t\t\t\t\tE-mail\t\t\t\t\t\t\t<\/label>\n\t\t\t\t\t\t\t\t\t\t\t\t\t\t<input size=\"1\" type=\"email\" name=\"form_fields[email]\" id=\"form-field-email\" class=\"elementor-field elementor-size-lg  elementor-field-textual\" placeholder=\"E-mail\" required=\"required\">\n\t\t\t\t\t\t\t\t\t\t\t<\/div>\n\t\t\t\t\t\t\t\t<div class=\"elementor-field-type-textarea elementor-field-group elementor-column elementor-field-group-message elementor-col-100 elementor-field-required\">\n\t\t\t\t\t\t\t\t\t\t\t\t<label for=\"form-field-message\" class=\"elementor-field-label elementor-screen-only\">\n\t\t\t\t\t\t\t\tMensagem\t\t\t\t\t\t\t<\/label>\n\t\t\t\t\t\t<textarea class=\"elementor-field-textual elementor-field  elementor-size-lg\" name=\"form_fields[message]\" id=\"form-field-message\" rows=\"4\" placeholder=\"Mensagem\" required=\"required\"><\/textarea>\t\t\t\t<\/div>\n\t\t\t\t\t\t\t\t<div class=\"elementor-field-type-acceptance elementor-field-group elementor-column elementor-field-group-acceptance elementor-col-100 elementor-field-required\">\n\t\t\t\t\t\t\t\t\t\t\t\t<label for=\"form-field-acceptance\" class=\"elementor-field-label elementor-screen-only\">\n\t\t\t\t\t\t\t\tAceita\u00e7\u00e3o\t\t\t\t\t\t\t<\/label>\n\t\t\t\t\t\t\t\t<div class=\"elementor-field-subgroup\">\n\t\t\t<span class=\"elementor-field-option\">\n\t\t\t\t<input type=\"checkbox\" name=\"form_fields[acceptance]\" id=\"form-field-acceptance\" class=\"elementor-field elementor-size-lg  elementor-acceptance-field\" required=\"required\">\n\t\t\t\t<label for=\"form-field-acceptance\">Concordo com a utiliza\u00e7\u00e3o dos meus dados pessoais para efeitos de resposta ao meu pedido.<\/label>\t\t\t<\/span>\n\t\t<\/div>\n\t\t\t\t\t\t<\/div>\n\t\t\t\t\t\t\t\t<div class=\"elementor-field-type-recaptcha_v3 elementor-field-group elementor-column elementor-field-group-field_b15106d elementor-col-100 recaptcha_v3-bottomleft\">\n\t\t\t\t\t<div class=\"elementor-field\" id=\"form-field-field_b15106d\"><div class=\"elementor-g-recaptcha\" data-sitekey=\"6Ldb-hgsAAAAAL-71_xxuPU636LVh9i7lSf7v9ct\" data-type=\"v3\" data-action=\"Form\" data-badge=\"bottomleft\" data-size=\"invisible\"><\/div><\/div>\t\t\t\t<\/div>\n\t\t\t\t\t\t\t\t<div class=\"elementor-field-group elementor-column elementor-field-type-submit elementor-col-100 e-form__buttons\">\n\t\t\t\t\t<button class=\"elementor-button elementor-size-lg\" type=\"submit\">\n\t\t\t\t\t\t<span class=\"elementor-button-content-wrapper\">\n\t\t\t\t\t\t\t\t\t\t\t\t\t\t\t\t\t\t\t\t\t\t<span class=\"elementor-button-text\">Enviar<\/span>\n\t\t\t\t\t\t\t\t\t\t\t\t\t<\/span>\n\t\t\t\t\t<\/button>\n\t\t\t\t<\/div>\n\t\t\t<\/div>\n\t\t<\/form>\n\t\t\t\t\t\t<\/div>\n\t\t\t\t<\/div>\n\t\t\t\t\t<\/div>\n\t\t\t\t<\/div>\n\t\t\t\t<\/div>\n\t\t","protected":false},"excerpt":{"rendered":"<p>A Garantia Strolee Na Strolee, inovamos a mobilidade para simplificar as viagens da vida. Quer seja pai, amante de animais<\/p>\n","protected":false},"author":6,"featured_media":0,"parent":0,"menu_order":0,"comment_status":"closed","ping_status":"closed","template":"elementor_header_footer","meta":{"footnotes":""},"class_list":["post-4244","page","type-page","status-publish","hentry"],"yoast_head":"<!-- This site is optimized with the Yoast SEO plugin v27.4 - https:\/\/yoast.com\/product\/yoast-seo-wordpress\/ -->\n<title>Pol\u00edtica de Garantia e Devolu\u00e7\u00e3o da Strolee \u2013 Termos da Garantia Europa<\/title>\n<meta name=\"description\" content=\"Leia a pol\u00edtica de garantia e devolu\u00e7\u00e3o da Strolee \u2014 saiba mais sobre a cobertura, dura\u00e7\u00e3o da garantia, devolu\u00e7\u00f5es e apoio para o seu carrinho ou carrinho de beb\u00e9 para animais de estima\u00e7\u00e3o. Contacte-nos para qualquer problema.\" \/>\n<meta name=\"robots\" content=\"index, follow, max-snippet:-1, max-image-preview:large, max-video-preview:-1\" \/>\n<link rel=\"canonical\" href=\"https:\/\/staging.stroleecarts.eu\/pt-pt\/garantia\/\" \/>\n<meta property=\"og:locale\" content=\"pt_PT\" \/>\n<meta property=\"og:type\" content=\"article\" \/>\n<meta property=\"og:title\" content=\"Pol\u00edtica de Garantia e Devolu\u00e7\u00e3o da Strolee \u2013 Termos da Garantia Europa\" \/>\n<meta property=\"og:description\" content=\"Leia a pol\u00edtica de garantia e devolu\u00e7\u00e3o da Strolee \u2014 saiba mais sobre a cobertura, dura\u00e7\u00e3o da garantia, devolu\u00e7\u00f5es e apoio para o seu carrinho ou carrinho de beb\u00e9 para animais de estima\u00e7\u00e3o. Contacte-nos para qualquer problema.\" \/>\n<meta property=\"og:url\" content=\"https:\/\/staging.stroleecarts.eu\/pt-pt\/garantia\/\" \/>\n<meta property=\"og:site_name\" content=\"Strolee Carts Europe\" \/>\n<meta property=\"article:modified_time\" content=\"2026-04-02T00:10:20+00:00\" \/>\n<meta name=\"twitter:card\" content=\"summary_large_image\" \/>\n<meta name=\"twitter:label1\" content=\"Tempo estimado de leitura\" \/>\n\t<meta name=\"twitter:data1\" content=\"1 minuto\" \/>\n<script type=\"application\/ld+json\" class=\"yoast-schema-graph\">{\"@context\":\"https:\\\/\\\/schema.org\",\"@graph\":[{\"@type\":\"WebPage\",\"@id\":\"https:\\\/\\\/staging.stroleecarts.eu\\\/pt-pt\\\/garantia\\\/\",\"url\":\"https:\\\/\\\/staging.stroleecarts.eu\\\/pt-pt\\\/garantia\\\/\",\"name\":\"Pol\u00edtica de Garantia e Devolu\u00e7\u00e3o da Strolee \u2013 Termos da Garantia Europa\",\"isPartOf\":{\"@id\":\"https:\\\/\\\/staging.stroleecarts.eu\\\/pt-pt\\\/#website\"},\"datePublished\":\"2025-11-19T14:03:25+00:00\",\"dateModified\":\"2026-04-02T00:10:20+00:00\",\"description\":\"Leia a pol\u00edtica de garantia e devolu\u00e7\u00e3o da Strolee \u2014 saiba mais sobre a cobertura, dura\u00e7\u00e3o da garantia, devolu\u00e7\u00f5es e apoio para o seu carrinho ou carrinho de beb\u00e9 para animais de estima\u00e7\u00e3o. Contacte-nos para qualquer problema.\",\"breadcrumb\":{\"@id\":\"https:\\\/\\\/staging.stroleecarts.eu\\\/pt-pt\\\/garantia\\\/#breadcrumb\"},\"inLanguage\":\"pt-PT\",\"potentialAction\":[{\"@type\":\"ReadAction\",\"target\":[\"https:\\\/\\\/staging.stroleecarts.eu\\\/pt-pt\\\/garantia\\\/\"]}]},{\"@type\":\"BreadcrumbList\",\"@id\":\"https:\\\/\\\/staging.stroleecarts.eu\\\/pt-pt\\\/garantia\\\/#breadcrumb\",\"itemListElement\":[{\"@type\":\"ListItem\",\"position\":1,\"name\":\"Home\",\"item\":\"https:\\\/\\\/staging.stroleecarts.eu\\\/pt-pt\\\/\"},{\"@type\":\"ListItem\",\"position\":2,\"name\":\"Garantia\"}]},{\"@type\":\"WebSite\",\"@id\":\"https:\\\/\\\/staging.stroleecarts.eu\\\/pt-pt\\\/#website\",\"url\":\"https:\\\/\\\/staging.stroleecarts.eu\\\/pt-pt\\\/\",\"name\":\"Strolee Carts Europe\",\"description\":\"Innovate Mobility\",\"potentialAction\":[{\"@type\":\"SearchAction\",\"target\":{\"@type\":\"EntryPoint\",\"urlTemplate\":\"https:\\\/\\\/staging.stroleecarts.eu\\\/pt-pt\\\/?s={search_term_string}\"},\"query-input\":{\"@type\":\"PropertyValueSpecification\",\"valueRequired\":true,\"valueName\":\"search_term_string\"}}],\"inLanguage\":\"pt-PT\"}]}<\/script>\n<!-- \/ Yoast SEO plugin. -->","yoast_head_json":{"title":"Pol\u00edtica de Garantia e Devolu\u00e7\u00e3o da Strolee \u2013 Termos da Garantia Europa","description":"Leia a pol\u00edtica de garantia e devolu\u00e7\u00e3o da Strolee \u2014 saiba mais sobre a cobertura, dura\u00e7\u00e3o da garantia, devolu\u00e7\u00f5es e apoio para o seu carrinho ou carrinho de beb\u00e9 para animais de estima\u00e7\u00e3o. Contacte-nos para qualquer problema.","robots":{"index":"index","follow":"follow","max-snippet":"max-snippet:-1","max-image-preview":"max-image-preview:large","max-video-preview":"max-video-preview:-1"},"canonical":"https:\/\/staging.stroleecarts.eu\/pt-pt\/garantia\/","og_locale":"pt_PT","og_type":"article","og_title":"Pol\u00edtica de Garantia e Devolu\u00e7\u00e3o da Strolee \u2013 Termos da Garantia Europa","og_description":"Leia a pol\u00edtica de garantia e devolu\u00e7\u00e3o da Strolee \u2014 saiba mais sobre a cobertura, dura\u00e7\u00e3o da garantia, devolu\u00e7\u00f5es e apoio para o seu carrinho ou carrinho de beb\u00e9 para animais de estima\u00e7\u00e3o. Contacte-nos para qualquer problema.","og_url":"https:\/\/staging.stroleecarts.eu\/pt-pt\/garantia\/","og_site_name":"Strolee Carts Europe","article_modified_time":"2026-04-02T00:10:20+00:00","twitter_card":"summary_large_image","twitter_misc":{"Tempo estimado de leitura":"1 minuto"},"schema":{"@context":"https:\/\/schema.org","@graph":[{"@type":"WebPage","@id":"https:\/\/staging.stroleecarts.eu\/pt-pt\/garantia\/","url":"https:\/\/staging.stroleecarts.eu\/pt-pt\/garantia\/","name":"Pol\u00edtica de Garantia e Devolu\u00e7\u00e3o da Strolee \u2013 Termos da Garantia Europa","isPartOf":{"@id":"https:\/\/staging.stroleecarts.eu\/pt-pt\/#website"},"datePublished":"2025-11-19T14:03:25+00:00","dateModified":"2026-04-02T00:10:20+00:00","description":"Leia a pol\u00edtica de garantia e devolu\u00e7\u00e3o da Strolee \u2014 saiba mais sobre a cobertura, dura\u00e7\u00e3o da garantia, devolu\u00e7\u00f5es e apoio para o seu carrinho ou carrinho de beb\u00e9 para animais de estima\u00e7\u00e3o. Contacte-nos para qualquer problema.","breadcrumb":{"@id":"https:\/\/staging.stroleecarts.eu\/pt-pt\/garantia\/#breadcrumb"},"inLanguage":"pt-PT","potentialAction":[{"@type":"ReadAction","target":["https:\/\/staging.stroleecarts.eu\/pt-pt\/garantia\/"]}]},{"@type":"BreadcrumbList","@id":"https:\/\/staging.stroleecarts.eu\/pt-pt\/garantia\/#breadcrumb","itemListElement":[{"@type":"ListItem","position":1,"name":"Home","item":"https:\/\/staging.stroleecarts.eu\/pt-pt\/"},{"@type":"ListItem","position":2,"name":"Garantia"}]},{"@type":"WebSite","@id":"https:\/\/staging.stroleecarts.eu\/pt-pt\/#website","url":"https:\/\/staging.stroleecarts.eu\/pt-pt\/","name":"Strolee Carts Europe","description":"Innovate Mobility","potentialAction":[{"@type":"SearchAction","target":{"@type":"EntryPoint","urlTemplate":"https:\/\/staging.stroleecarts.eu\/pt-pt\/?s={search_term_string}"},"query-input":{"@type":"PropertyValueSpecification","valueRequired":true,"valueName":"search_term_string"}}],"inLanguage":"pt-PT"}]}},"_links":{"self":[{"href":"https:\/\/staging.stroleecarts.eu\/pt-pt\/wp-json\/wp\/v2\/pages\/4244","targetHints":{"allow":["GET"]}}],"collection":[{"href":"https:\/\/staging.stroleecarts.eu\/pt-pt\/wp-json\/wp\/v2\/pages"}],"about":[{"href":"https:\/\/staging.stroleecarts.eu\/pt-pt\/wp-json\/wp\/v2\/types\/page"}],"author":[{"embeddable":true,"href":"https:\/\/staging.stroleecarts.eu\/pt-pt\/wp-json\/wp\/v2\/users\/6"}],"replies":[{"embeddable":true,"href":"https:\/\/staging.stroleecarts.eu\/pt-pt\/wp-json\/wp\/v2\/comments?post=4244"}],"version-history":[{"count":8,"href":"https:\/\/staging.stroleecarts.eu\/pt-pt\/wp-json\/wp\/v2\/pages\/4244\/revisions"}],"predecessor-version":[{"id":5905,"href":"https:\/\/staging.stroleecarts.eu\/pt-pt\/wp-json\/wp\/v2\/pages\/4244\/revisions\/5905"}],"wp:attachment":[{"href":"https:\/\/staging.stroleecarts.eu\/pt-pt\/wp-json\/wp\/v2\/media?parent=4244"}],"curies":[{"name":"wp","href":"https:\/\/api.w.org\/{rel}","templated":true}]}}