{"id":4293,"date":"2025-11-18T18:22:15","date_gmt":"2025-11-18T18:22:15","guid":{"rendered":"https:\/\/staging.stroleecarts.eu\/como-fazer\/"},"modified":"2026-04-02T23:27:01","modified_gmt":"2026-04-02T23:27:01","slug":"como-fazer","status":"publish","type":"page","link":"https:\/\/staging.stroleecarts.eu\/pt-pt\/como-fazer\/","title":{"rendered":"Como fazer"},"content":{"rendered":"\t\t<div data-elementor-type=\"wp-page\" data-elementor-id=\"4293\" class=\"elementor elementor-4293 elementor-2421\" data-elementor-post-type=\"page\">\n\t\t\t\t<div class=\"wd-negative-gap elementor-element elementor-element-4a6c9bb animated-slow e-flex e-con-boxed elementor-invisible e-con e-parent\" data-id=\"4a6c9bb\" data-element_type=\"container\" data-e-type=\"container\" data-settings=\"{&quot;animation&quot;:&quot;fadeIn&quot;}\">\n\t\t\t\t\t<div class=\"e-con-inner\">\n\t\t\t\t<div class=\"elementor-element elementor-element-fac7feb wd-width-100 elementor-widget elementor-widget-wd_title\" data-id=\"fac7feb\" data-element_type=\"widget\" data-e-type=\"widget\" data-widget_type=\"wd_title.default\">\n\t\t\t\t<div class=\"elementor-widget-container\">\n\t\t\t\t\t\t\t<div class=\"title-wrapper wd-set-mb reset-last-child wd-title-color-default wd-title-style-default wd-title-size-large text-center\">\n\n\t\t\t\n\t\t\t<div class=\"liner-continer\">\n\t\t\t\t<h4 class=\"woodmart-title-container title wd-fontsize-xxl\">V\u00eddeos de Montagem e Utiliza\u00e7\u00e3o Sem Ferramentas<\/h4> \n\t\t\t\t\t\t\t<\/div>\n\n\t\t\t\t\t<\/div>\n\t\t\t\t\t\t<\/div>\n\t\t\t\t<\/div>\n\t\t\t\t\t<\/div>\n\t\t\t\t<\/div>\n\t\t<div class=\"wd-negative-gap elementor-element elementor-element-9be4311 e-flex e-con-boxed e-con e-parent\" data-id=\"9be4311\" data-element_type=\"container\" data-e-type=\"container\">\n\t\t\t\t\t<div class=\"e-con-inner\">\n\t\t<div class=\"elementor-element elementor-element-39d087b e-con-full e-flex e-con e-child\" data-id=\"39d087b\" data-element_type=\"container\" data-e-type=\"container\">\n\t\t<div class=\"elementor-element elementor-element-3a679a5 e-con-full animated-slow e-flex elementor-invisible e-con e-child\" data-id=\"3a679a5\" data-element_type=\"container\" data-e-type=\"container\" data-settings=\"{&quot;background_background&quot;:&quot;slideshow&quot;,&quot;background_slideshow_gallery&quot;:[{&quot;id&quot;:4262,&quot;url&quot;:&quot;http:\\\/\\\/staging.stroleecarts.eu\\\/wp-content\\\/uploads\\\/2025\\\/11\\\/8.webp&quot;}],&quot;animation&quot;:&quot;fadeIn&quot;,&quot;background_slideshow_loop&quot;:&quot;yes&quot;,&quot;background_slideshow_slide_duration&quot;:5000,&quot;background_slideshow_slide_transition&quot;:&quot;fade&quot;,&quot;background_slideshow_transition_duration&quot;:500}\">\n\t\t\t\t<div class=\"elementor-element elementor-element-52c9880 elementor-widget elementor-widget-heading\" data-id=\"52c9880\" data-element_type=\"widget\" data-e-type=\"widget\" data-widget_type=\"heading.default\">\n\t\t\t\t\t<h2 class=\"elementor-heading-title elementor-size-default\">Stability Pet<\/h2>\t\t\t\t<\/div>\n\t\t\t\t<div class=\"elementor-element elementor-element-4a5db33 elementor-widget elementor-widget-wd_button\" data-id=\"4a5db33\" data-element_type=\"widget\" data-e-type=\"widget\" data-widget_type=\"wd_button.default\">\n\t\t\t\t<div class=\"elementor-widget-container\">\n\t\t\t\t\t\t\t<div class=\"wd-button-wrapper text-center\" >\n\t\t\t<a class=\"btn btn-style-default btn-shape-round btn-size-large btn-icon-pos-right\"  href=\"https:\/\/staging.stroleecarts.eu\/pt-pt\/montagem-do-carrinho-para-animais-de-estimacao\/\">\n\t\t\t\t<span class=\"wd-btn-text\" data-elementor-setting-key=\"text\">\n\t\t\t\t\tComo montar\t\t\t\t<\/span>\n\n\t\t\t\t\t\t\t<\/a>\n\t\t<\/div>\n\t\t\t\t\t\t<\/div>\n\t\t\t\t<\/div>\n\t\t\t\t<\/div>\n\t\t<div class=\"elementor-element elementor-element-a2c1dee e-con-full animated-slow e-flex elementor-invisible e-con e-child\" data-id=\"a2c1dee\" data-element_type=\"container\" data-e-type=\"container\" data-settings=\"{&quot;background_background&quot;:&quot;slideshow&quot;,&quot;background_slideshow_gallery&quot;:[{&quot;id&quot;:4263,&quot;url&quot;:&quot;http:\\\/\\\/staging.stroleecarts.eu\\\/wp-content\\\/uploads\\\/2025\\\/11\\\/personal_shopper_shadow.webp&quot;}],&quot;animation&quot;:&quot;fadeIn&quot;,&quot;animation_delay&quot;:200,&quot;background_slideshow_loop&quot;:&quot;yes&quot;,&quot;background_slideshow_slide_duration&quot;:5000,&quot;background_slideshow_slide_transition&quot;:&quot;fade&quot;,&quot;background_slideshow_transition_duration&quot;:500}\">\n\t\t\t\t<div class=\"elementor-element elementor-element-0c2d6c5 elementor-widget elementor-widget-heading\" data-id=\"0c2d6c5\" data-element_type=\"widget\" data-e-type=\"widget\" data-widget_type=\"heading.default\">\n\t\t\t\t\t<h2 class=\"elementor-heading-title elementor-size-default\">Stability Shopper<\/h2>\t\t\t\t<\/div>\n\t\t\t\t<div class=\"elementor-element elementor-element-567a77f elementor-widget elementor-widget-wd_button\" data-id=\"567a77f\" data-element_type=\"widget\" data-e-type=\"widget\" data-widget_type=\"wd_button.default\">\n\t\t\t\t<div class=\"elementor-widget-container\">\n\t\t\t\t\t\t\t<div class=\"wd-button-wrapper text-center\" >\n\t\t\t<a class=\"btn btn-style-default btn-shape-round btn-size-large btn-icon-pos-right\"  href=\"https:\/\/staging.stroleecarts.eu\/pt-pt\/montagem-do-carrinho-de-estabilidade\/\">\n\t\t\t\t<span class=\"wd-btn-text\" data-elementor-setting-key=\"text\">\n\t\t\t\t\tComo montar\t\t\t\t<\/span>\n\n\t\t\t\t\t\t\t<\/a>\n\t\t<\/div>\n\t\t\t\t\t\t<\/div>\n\t\t\t\t<\/div>\n\t\t\t\t<\/div>\n\t\t<div class=\"elementor-element elementor-element-9c1d8f0 e-con-full animated-slow e-flex elementor-invisible e-con e-child\" data-id=\"9c1d8f0\" data-element_type=\"container\" data-e-type=\"container\" data-settings=\"{&quot;background_background&quot;:&quot;slideshow&quot;,&quot;background_slideshow_gallery&quot;:[{&quot;id&quot;:4264,&quot;url&quot;:&quot;http:\\\/\\\/staging.stroleecarts.eu\\\/wp-content\\\/uploads\\\/2025\\\/11\\\/1stroleepetcart_ab2845d6-a002-4477-bf19-c983420a9bda.webp&quot;}],&quot;animation&quot;:&quot;fadeIn&quot;,&quot;animation_delay&quot;:400,&quot;background_slideshow_loop&quot;:&quot;yes&quot;,&quot;background_slideshow_slide_duration&quot;:5000,&quot;background_slideshow_slide_transition&quot;:&quot;fade&quot;,&quot;background_slideshow_transition_duration&quot;:500}\">\n\t\t\t\t<div class=\"elementor-element elementor-element-f8f6c95 elementor-widget elementor-widget-heading\" data-id=\"f8f6c95\" data-element_type=\"widget\" data-e-type=\"widget\" data-widget_type=\"heading.default\">\n\t\t\t\t\t<h2 class=\"elementor-heading-title elementor-size-default\">Lower Pet Carrier<\/h2>\t\t\t\t<\/div>\n\t\t\t\t<div class=\"elementor-element elementor-element-6b8b2e1 elementor-widget elementor-widget-wd_button\" data-id=\"6b8b2e1\" data-element_type=\"widget\" data-e-type=\"widget\" data-widget_type=\"wd_button.default\">\n\t\t\t\t<div class=\"elementor-widget-container\">\n\t\t\t\t\t\t\t<div class=\"wd-button-wrapper text-center\" >\n\t\t\t<a class=\"btn btn-style-default btn-shape-round btn-size-large btn-icon-pos-right\"  href=\"http:\/\/!--[CDATA[\/lower-pet-seat-assembly\/%5D%5D--\">\n\t\t\t\t<span class=\"wd-btn-text\" data-elementor-setting-key=\"text\">\n\t\t\t\t\tComo montar\t\t\t\t<\/span>\n\n\t\t\t\t\t\t\t<\/a>\n\t\t<\/div>\n\t\t\t\t\t\t<\/div>\n\t\t\t\t<\/div>\n\t\t\t\t<\/div>\n\t\t\t\t<\/div>\n\t\t\t\t\t<\/div>\n\t\t\t\t<\/div>\n\t\t<div class=\"elementor-element elementor-element-8eb4761 animated-slow e-flex e-con-boxed elementor-invisible e-con e-parent\" data-id=\"8eb4761\" data-element_type=\"container\" data-e-type=\"container\" data-settings=\"{&quot;animation&quot;:&quot;fadeIn&quot;}\">\n\t\t\t\t\t<div class=\"e-con-inner\">\n\t\t<div class=\"elementor-element elementor-element-62bbffc e-con-full e-flex e-con e-child\" data-id=\"62bbffc\" data-element_type=\"container\" data-e-type=\"container\">\n\t\t\t\t<div class=\"elementor-element elementor-element-7feb54d wd-width-100 elementor-widget elementor-widget-wd_title\" data-id=\"7feb54d\" data-element_type=\"widget\" data-e-type=\"widget\" data-widget_type=\"wd_title.default\">\n\t\t\t\t<div class=\"elementor-widget-container\">\n\t\t\t\t\t\t\t<div class=\"title-wrapper wd-set-mb reset-last-child wd-title-color-default wd-title-style-default wd-title-size-large text-center\">\n\n\t\t\t\n\t\t\t<div class=\"liner-continer\">\n\t\t\t\t<h4 class=\"woodmart-title-container title wd-fontsize-xxl\">Tem alguma quest\u00e3o?<\/h4> \n\t\t\t\t\t\t\t<\/div>\n\n\t\t\t\t\t<\/div>\n\t\t\t\t\t\t<\/div>\n\t\t\t\t<\/div>\n\t\t\t\t<\/div>\n\t\t<div class=\"elementor-element elementor-element-f93df6a e-con-full e-flex e-con e-child\" data-id=\"f93df6a\" data-element_type=\"container\" data-e-type=\"container\">\n\t\t\t\t<div class=\"elementor-element elementor-element-550869a color-scheme-inherit text-left elementor-widget elementor-widget-text-editor\" data-id=\"550869a\" data-element_type=\"widget\" data-e-type=\"widget\" data-widget_type=\"text-editor.default\">\n\t\t\t\t\t\t\t\t\t<p>Gostar\u00edamos MUITO de saber a sua opini\u00e3o! Sinta-se \u00e0 vontade para preencher o formul\u00e1rio de contacto com quaisquer quest\u00f5es, coment\u00e1rios ou preocupa\u00e7\u00f5es. Entraremos em contacto consigo o mais breve poss\u00edvel! Obrigado por escolher a Strolee!  <\/p>\t\t\t\t\t\t\t\t<\/div>\n\t\t\t\t<\/div>\n\t\t<div class=\"elementor-element elementor-element-2284bd1 e-con-full e-flex e-con e-child\" data-id=\"2284bd1\" data-element_type=\"container\" data-e-type=\"container\">\n\t\t\t\t<div class=\"elementor-element elementor-element-d7e8194 elementor-button-align-stretch elementor-widget elementor-widget-form\" data-id=\"d7e8194\" data-element_type=\"widget\" data-e-type=\"widget\" data-settings=\"{&quot;step_next_label&quot;:&quot;Seguinte&quot;,&quot;step_previous_label&quot;:&quot;Anterior&quot;,&quot;button_width&quot;:&quot;100&quot;,&quot;step_type&quot;:&quot;number_text&quot;,&quot;step_icon_shape&quot;:&quot;circle&quot;}\" data-widget_type=\"form.default\">\n\t\t\t\t\t\t\t<form class=\"elementor-form\" method=\"post\" id=\"connectstrolee\" name=\"connectstrolee\" aria-label=\"connectstrolee\">\n\t\t\t<input type=\"hidden\" name=\"post_id\" value=\"4293\"\/>\n\t\t\t<input type=\"hidden\" name=\"form_id\" value=\"d7e8194\"\/>\n\t\t\t<input type=\"hidden\" name=\"referer_title\" value=\"Como Montar e Utilizar os Carrinhos Strolee \u2013 Strolee Carts Europe\" \/>\n\n\t\t\t\t\t\t\t<input type=\"hidden\" name=\"queried_id\" value=\"4293\"\/>\n\t\t\t\n\t\t\t<div class=\"elementor-form-fields-wrapper elementor-labels-\">\n\t\t\t\t\t\t\t\t<div class=\"elementor-field-type-text elementor-field-group elementor-column elementor-field-group-name elementor-col-100 elementor-field-required\">\n\t\t\t\t\t\t\t\t\t\t\t\t<label for=\"form-field-name\" class=\"elementor-field-label elementor-screen-only\">\n\t\t\t\t\t\t\t\tNome\t\t\t\t\t\t\t<\/label>\n\t\t\t\t\t\t\t\t\t\t\t\t\t\t<input size=\"1\" type=\"text\" name=\"form_fields[name]\" id=\"form-field-name\" class=\"elementor-field elementor-size-lg  elementor-field-textual\" placeholder=\"Nome\" required=\"required\">\n\t\t\t\t\t\t\t\t\t\t\t<\/div>\n\t\t\t\t\t\t\t\t<div class=\"elementor-field-type-email elementor-field-group elementor-column elementor-field-group-email elementor-col-100 elementor-field-required\">\n\t\t\t\t\t\t\t\t\t\t\t\t<label for=\"form-field-email\" class=\"elementor-field-label elementor-screen-only\">\n\t\t\t\t\t\t\t\tE-mail\t\t\t\t\t\t\t<\/label>\n\t\t\t\t\t\t\t\t\t\t\t\t\t\t<input size=\"1\" type=\"email\" name=\"form_fields[email]\" id=\"form-field-email\" class=\"elementor-field elementor-size-lg  elementor-field-textual\" placeholder=\"E-mail\" required=\"required\">\n\t\t\t\t\t\t\t\t\t\t\t<\/div>\n\t\t\t\t\t\t\t\t<div class=\"elementor-field-type-textarea elementor-field-group elementor-column elementor-field-group-message elementor-col-100 elementor-field-required\">\n\t\t\t\t\t\t\t\t\t\t\t\t<label for=\"form-field-message\" class=\"elementor-field-label elementor-screen-only\">\n\t\t\t\t\t\t\t\tMensagem\t\t\t\t\t\t\t<\/label>\n\t\t\t\t\t\t<textarea class=\"elementor-field-textual elementor-field  elementor-size-lg\" name=\"form_fields[message]\" id=\"form-field-message\" rows=\"4\" placeholder=\"Mensagem\" required=\"required\"><\/textarea>\t\t\t\t<\/div>\n\t\t\t\t\t\t\t\t<div class=\"elementor-field-type-acceptance elementor-field-group elementor-column elementor-field-group-acceptance elementor-col-100 elementor-field-required\">\n\t\t\t\t\t\t\t\t\t\t\t\t<label for=\"form-field-acceptance\" class=\"elementor-field-label elementor-screen-only\">\n\t\t\t\t\t\t\t\tAceita\u00e7\u00e3o\t\t\t\t\t\t\t<\/label>\n\t\t\t\t\t\t\t\t<div class=\"elementor-field-subgroup\">\n\t\t\t<span class=\"elementor-field-option\">\n\t\t\t\t<input type=\"checkbox\" name=\"form_fields[acceptance]\" id=\"form-field-acceptance\" class=\"elementor-field elementor-size-lg  elementor-acceptance-field\" required=\"required\">\n\t\t\t\t<label for=\"form-field-acceptance\">Concordo com a utiliza\u00e7\u00e3o dos meus dados pessoais para efeitos de resposta ao meu pedido.<\/label>\t\t\t<\/span>\n\t\t<\/div>\n\t\t\t\t\t\t<\/div>\n\t\t\t\t\t\t\t\t<div class=\"elementor-field-group elementor-column elementor-field-type-submit elementor-col-100 e-form__buttons\">\n\t\t\t\t\t<button class=\"elementor-button elementor-size-lg\" type=\"submit\">\n\t\t\t\t\t\t<span class=\"elementor-button-content-wrapper\">\n\t\t\t\t\t\t\t\t\t\t\t\t\t\t\t\t\t\t\t\t\t\t<span class=\"elementor-button-text\">Enviar<\/span>\n\t\t\t\t\t\t\t\t\t\t\t\t\t<\/span>\n\t\t\t\t\t<\/button>\n\t\t\t\t<\/div>\n\t\t\t<\/div>\n\t\t<\/form>\n\t\t\t\t\t\t<\/div>\n\t\t\t\t<\/div>\n\t\t\t\t\t<\/div>\n\t\t\t\t<\/div>\n\t\t\t\t<\/div>\n\t\t","protected":false},"excerpt":{"rendered":"<p>V\u00eddeos de Montagem e Utiliza\u00e7\u00e3o Sem Ferramentas Stability Pet Como montar Stability Shopper Como montar Lower Pet Carrier Como montar<\/p>\n","protected":false},"author":6,"featured_media":0,"parent":0,"menu_order":0,"comment_status":"closed","ping_status":"closed","template":"elementor_header_footer","meta":{"footnotes":""},"class_list":["post-4293","page","type-page","status-publish","hentry"],"yoast_head":"<!-- This site is optimized with the Yoast SEO plugin v27.4 - https:\/\/yoast.com\/product\/yoast-seo-wordpress\/ -->\n<title>Como Montar e Utilizar os Carrinhos Strolee \u2013 Strolee Carts Europe<\/title>\n<meta name=\"description\" content=\"Aprenda a montar e a utilizar facilmente o seu carrinho Strolee \u2014 guias passo a passo para carrinhos de beb\u00e9 para animais de estima\u00e7\u00e3o, carrinhos de compras est\u00e1veis e bancos inferiores para animais de estima\u00e7\u00e3o. Assista agora.\" \/>\n<meta name=\"robots\" content=\"index, follow, max-snippet:-1, max-image-preview:large, max-video-preview:-1\" \/>\n<link rel=\"canonical\" href=\"https:\/\/staging.stroleecarts.eu\/pt-pt\/como-fazer\/\" \/>\n<meta property=\"og:locale\" content=\"pt_PT\" \/>\n<meta property=\"og:type\" content=\"article\" \/>\n<meta property=\"og:title\" content=\"Como Montar e Utilizar os Carrinhos Strolee \u2013 Strolee Carts Europe\" \/>\n<meta property=\"og:description\" content=\"Aprenda a montar e a utilizar facilmente o seu carrinho Strolee \u2014 guias passo a passo para carrinhos de beb\u00e9 para animais de estima\u00e7\u00e3o, carrinhos de compras est\u00e1veis e bancos inferiores para animais de estima\u00e7\u00e3o. Assista agora.\" \/>\n<meta property=\"og:url\" content=\"https:\/\/staging.stroleecarts.eu\/pt-pt\/como-fazer\/\" \/>\n<meta property=\"og:site_name\" content=\"Strolee Carts Europe\" \/>\n<meta property=\"article:modified_time\" content=\"2026-04-02T23:27:01+00:00\" \/>\n<meta name=\"twitter:card\" content=\"summary_large_image\" \/>\n<meta name=\"twitter:label1\" content=\"Tempo estimado de leitura\" \/>\n\t<meta name=\"twitter:data1\" content=\"1 minuto\" \/>\n<script type=\"application\/ld+json\" class=\"yoast-schema-graph\">{\"@context\":\"https:\\\/\\\/schema.org\",\"@graph\":[{\"@type\":\"WebPage\",\"@id\":\"https:\\\/\\\/staging.stroleecarts.eu\\\/pt-pt\\\/como-fazer\\\/\",\"url\":\"https:\\\/\\\/staging.stroleecarts.eu\\\/pt-pt\\\/como-fazer\\\/\",\"name\":\"Como Montar e Utilizar os Carrinhos Strolee \u2013 Strolee Carts Europe\",\"isPartOf\":{\"@id\":\"https:\\\/\\\/staging.stroleecarts.eu\\\/pt-pt\\\/#website\"},\"datePublished\":\"2025-11-18T18:22:15+00:00\",\"dateModified\":\"2026-04-02T23:27:01+00:00\",\"description\":\"Aprenda a montar e a utilizar facilmente o seu carrinho Strolee \u2014 guias passo a passo para carrinhos de beb\u00e9 para animais de estima\u00e7\u00e3o, carrinhos de compras est\u00e1veis e bancos inferiores para animais de estima\u00e7\u00e3o. Assista agora.\",\"breadcrumb\":{\"@id\":\"https:\\\/\\\/staging.stroleecarts.eu\\\/pt-pt\\\/como-fazer\\\/#breadcrumb\"},\"inLanguage\":\"pt-PT\",\"potentialAction\":[{\"@type\":\"ReadAction\",\"target\":[\"https:\\\/\\\/staging.stroleecarts.eu\\\/pt-pt\\\/como-fazer\\\/\"]}]},{\"@type\":\"BreadcrumbList\",\"@id\":\"https:\\\/\\\/staging.stroleecarts.eu\\\/pt-pt\\\/como-fazer\\\/#breadcrumb\",\"itemListElement\":[{\"@type\":\"ListItem\",\"position\":1,\"name\":\"Home\",\"item\":\"https:\\\/\\\/staging.stroleecarts.eu\\\/pt-pt\\\/\"},{\"@type\":\"ListItem\",\"position\":2,\"name\":\"Como fazer\"}]},{\"@type\":\"WebSite\",\"@id\":\"https:\\\/\\\/staging.stroleecarts.eu\\\/pt-pt\\\/#website\",\"url\":\"https:\\\/\\\/staging.stroleecarts.eu\\\/pt-pt\\\/\",\"name\":\"Strolee Carts Europe\",\"description\":\"Innovate Mobility\",\"potentialAction\":[{\"@type\":\"SearchAction\",\"target\":{\"@type\":\"EntryPoint\",\"urlTemplate\":\"https:\\\/\\\/staging.stroleecarts.eu\\\/pt-pt\\\/?s={search_term_string}\"},\"query-input\":{\"@type\":\"PropertyValueSpecification\",\"valueRequired\":true,\"valueName\":\"search_term_string\"}}],\"inLanguage\":\"pt-PT\"}]}<\/script>\n<!-- \/ Yoast SEO plugin. -->","yoast_head_json":{"title":"Como Montar e Utilizar os Carrinhos Strolee \u2013 Strolee Carts Europe","description":"Aprenda a montar e a utilizar facilmente o seu carrinho Strolee \u2014 guias passo a passo para carrinhos de beb\u00e9 para animais de estima\u00e7\u00e3o, carrinhos de compras est\u00e1veis e bancos inferiores para animais de estima\u00e7\u00e3o. Assista agora.","robots":{"index":"index","follow":"follow","max-snippet":"max-snippet:-1","max-image-preview":"max-image-preview:large","max-video-preview":"max-video-preview:-1"},"canonical":"https:\/\/staging.stroleecarts.eu\/pt-pt\/como-fazer\/","og_locale":"pt_PT","og_type":"article","og_title":"Como Montar e Utilizar os Carrinhos Strolee \u2013 Strolee Carts Europe","og_description":"Aprenda a montar e a utilizar facilmente o seu carrinho Strolee \u2014 guias passo a passo para carrinhos de beb\u00e9 para animais de estima\u00e7\u00e3o, carrinhos de compras est\u00e1veis e bancos inferiores para animais de estima\u00e7\u00e3o. Assista agora.","og_url":"https:\/\/staging.stroleecarts.eu\/pt-pt\/como-fazer\/","og_site_name":"Strolee Carts Europe","article_modified_time":"2026-04-02T23:27:01+00:00","twitter_card":"summary_large_image","twitter_misc":{"Tempo estimado de leitura":"1 minuto"},"schema":{"@context":"https:\/\/schema.org","@graph":[{"@type":"WebPage","@id":"https:\/\/staging.stroleecarts.eu\/pt-pt\/como-fazer\/","url":"https:\/\/staging.stroleecarts.eu\/pt-pt\/como-fazer\/","name":"Como Montar e Utilizar os Carrinhos Strolee \u2013 Strolee Carts Europe","isPartOf":{"@id":"https:\/\/staging.stroleecarts.eu\/pt-pt\/#website"},"datePublished":"2025-11-18T18:22:15+00:00","dateModified":"2026-04-02T23:27:01+00:00","description":"Aprenda a montar e a utilizar facilmente o seu carrinho Strolee \u2014 guias passo a passo para carrinhos de beb\u00e9 para animais de estima\u00e7\u00e3o, carrinhos de compras est\u00e1veis e bancos inferiores para animais de estima\u00e7\u00e3o. Assista agora.","breadcrumb":{"@id":"https:\/\/staging.stroleecarts.eu\/pt-pt\/como-fazer\/#breadcrumb"},"inLanguage":"pt-PT","potentialAction":[{"@type":"ReadAction","target":["https:\/\/staging.stroleecarts.eu\/pt-pt\/como-fazer\/"]}]},{"@type":"BreadcrumbList","@id":"https:\/\/staging.stroleecarts.eu\/pt-pt\/como-fazer\/#breadcrumb","itemListElement":[{"@type":"ListItem","position":1,"name":"Home","item":"https:\/\/staging.stroleecarts.eu\/pt-pt\/"},{"@type":"ListItem","position":2,"name":"Como fazer"}]},{"@type":"WebSite","@id":"https:\/\/staging.stroleecarts.eu\/pt-pt\/#website","url":"https:\/\/staging.stroleecarts.eu\/pt-pt\/","name":"Strolee Carts Europe","description":"Innovate Mobility","potentialAction":[{"@type":"SearchAction","target":{"@type":"EntryPoint","urlTemplate":"https:\/\/staging.stroleecarts.eu\/pt-pt\/?s={search_term_string}"},"query-input":{"@type":"PropertyValueSpecification","valueRequired":true,"valueName":"search_term_string"}}],"inLanguage":"pt-PT"}]}},"_links":{"self":[{"href":"https:\/\/staging.stroleecarts.eu\/pt-pt\/wp-json\/wp\/v2\/pages\/4293","targetHints":{"allow":["GET"]}}],"collection":[{"href":"https:\/\/staging.stroleecarts.eu\/pt-pt\/wp-json\/wp\/v2\/pages"}],"about":[{"href":"https:\/\/staging.stroleecarts.eu\/pt-pt\/wp-json\/wp\/v2\/types\/page"}],"author":[{"embeddable":true,"href":"https:\/\/staging.stroleecarts.eu\/pt-pt\/wp-json\/wp\/v2\/users\/6"}],"replies":[{"embeddable":true,"href":"https:\/\/staging.stroleecarts.eu\/pt-pt\/wp-json\/wp\/v2\/comments?post=4293"}],"version-history":[{"count":12,"href":"https:\/\/staging.stroleecarts.eu\/pt-pt\/wp-json\/wp\/v2\/pages\/4293\/revisions"}],"predecessor-version":[{"id":6334,"href":"https:\/\/staging.stroleecarts.eu\/pt-pt\/wp-json\/wp\/v2\/pages\/4293\/revisions\/6334"}],"wp:attachment":[{"href":"https:\/\/staging.stroleecarts.eu\/pt-pt\/wp-json\/wp\/v2\/media?parent=4293"}],"curies":[{"name":"wp","href":"https:\/\/api.w.org\/{rel}","templated":true}]}}